{"id":5269,"date":"2024-10-19T02:41:32","date_gmt":"2024-10-19T02:41:32","guid":{"rendered":"https:\/\/cloudsupplyvapes.com\/?post_type=product&#038;p=5269"},"modified":"2024-11-26T03:34:31","modified_gmt":"2024-11-26T03:34:31","slug":"-219","status":"publish","type":"product","link":"https:\/\/cloudsupplyvapes.com\/es\/product\/moti-beaker-5000-puffs-rechargeable-disposable-vape-wholesale\/","title":{"rendered":"Moti Beaker 5000 Puffs Recargable Vape Desechable al por mayor Compacto Bater\u00eda de larga duraci\u00f3n"},"content":{"rendered":"<h2>Moti Beaker 5000 Desechable<\/h2>\n<ul class=\"top\">\n<li style=\"list-style-type: none;\">\n<ul class=\"top\">\n<li>Marca: Moti<\/li>\n<li>Unidad: set<\/li>\n<li>Tipo: Vape desechable<\/li>\n<li>Peso neto: 70(g)<\/li>\n<\/ul>\n<\/li>\n<\/ul>\n<p>El sistema calcular\u00e1 autom\u00e1ticamente los gastos de env\u00edo combinados despu\u00e9s de que elija el destino del env\u00edo en el paso de pago.<\/p>\n<div class=\"title\">Moti Beaker 5000 Desechable INTRODUCCI\u00d3N<\/div>\n<p><b>Moti Beaker 5000 Desechable<\/b>\u00a0le dar\u00e1 a sus papilas gustativas unas sorprendentes 5000 caladas. Combina una potencia de salida m\u00e1xima de 11.7W y carga 12ml de e-juice en 5%(50mg) de nicotina, te dar\u00e1 un sabor vibrante. Funciona con una bater\u00eda interna de 650mAh y se puede recargar a trav\u00e9s de un puerto de tipo C, a juego con la bobina de malla de 1,1ohm de alto rendimiento para producir vapor ideal. El dispositivo es lindo y cuenta con una forma de vaso de precipitados, tomar un sorteo y divertirse con ellos.<\/p>\n<p class=\"second-title\">Caracter\u00edsticas<\/p>\n<p>- 5000 Puffs<\/p>\n<p>- Vape Juice precargado de 12 ml<\/p>\n<p>- Bater\u00eda recargable de 650 mAh<\/p>\n<p>- 5%(50mg) Nicotina<\/p>\n<p>- Bobina de malla de 1,1ohm<\/p>\n<p>- Salida m\u00e1xima de 11,7 W<\/p>\n<p>- En forma de vaso<\/p>\n<p>- MTL Sorteo<\/p>\n<p>- Activado por dibujo<\/p>\n<div class=\"title\">Moti Beaker 5000 Desechable ESPECIFICACI\u00d3N<\/div>\n<p>Puffs: 5000<\/p>\n<p>Capacidad del e-l\u00edquido: 12ml<\/p>\n<p>Nicotina: 5%(50mg)<\/p>\n<p>Tipo de nicotina: Sal de nicotina<\/p>\n<p>Capacidad de la bater\u00eda: Recargable 650mAh<\/p>\n<p>Cargador: Tipo-C<\/p>\n<p>Potencia: 11,7 W<\/p>\n<p>Resistencia de la bobina: 1.1ohm malla<\/p>\n<p>Mecanismo de disparo: Activado por extracci\u00f3n<\/p>\n<p>Ingredientes:<\/p>\n<p>Glicerina vegetal, propilenglicol, sal de nicotina, aromas artificiales y naturales<\/p>\n<p>&nbsp;<\/p>\n<p><b>Sabor:<\/b><\/p>\n<p>Hielo de lichi<\/p>\n<p>Hielo exuberante<\/p>\n<p>Melocot\u00f3n Lim\u00f3n<\/p>\n<p>Helado de lim\u00f3n<\/p>\n<p>Cola Fizz<\/p>\n<p>Menta verde<\/p>\n<p>Kiwi Guayaba<\/p>\n<p>Aloe Uva<\/p>\n<p>Hielo Razz Azul<\/p>\n<p>Bayas c\u00edtricas<\/p>\n<p><a href=\"https:\/\/i0.wp.com\/shop.vape.hk\/wp-content\/uploads\/2023\/11\/moti-beaker-5000-disposable_1.jpg?ssl=1\" target=\"_blank\" rel=\"noopener\"><img data-recalc-dims=\"1\" loading=\"lazy\" decoding=\"async\" class=\"alignnone size-full wp-image-125637\" src=\"https:\/\/i0.wp.com\/shop.vape.hk\/wp-content\/uploads\/2023\/11\/moti-beaker-5000-disposable_1.jpg?resize=900%2C1326&#038;ssl=1\" alt=\"Moti Beaker 5000 Puffs Recargable Vape Desechable | Mayorista\" width=\"900\" height=\"1326\" title=\"\"><\/a><\/p>","protected":false},"excerpt":{"rendered":"<p>El Moti Beaker 5000 Puffs Recargable Vape Desechable al por mayor cuenta con un dise\u00f1o compacto y una bater\u00eda de larga duraci\u00f3n, por lo que es perfecto para sesiones de vapeo fiables y ecol\u00f3gicas.<\/p>","protected":false},"featured_media":5541,"comment_status":"open","ping_status":"closed","template":"","meta":[],"product_brand":[],"product_cat":[22],"product_tag":[],"class_list":{"0":"post-5269","1":"product","2":"type-product","3":"status-publish","4":"has-post-thumbnail","6":"product_cat-disposable-vape-sticks","8":"first","9":"instock","10":"shipping-taxable","11":"purchasable","12":"product-type-simple"},"jetpack_sharing_enabled":true,"tiered_pricing_type":"fixed","tiered_pricing_fixed_rules":{"1000":16,"10000":14,"50000":12},"tiered_pricing_product_settings":{"layout":"default","base_unit_name":{"singular":null,"plural":null},"default_variation":null},"tiered_pricing_minimum_quantity":100,"tiered_pricing_roles_data":[],"tiered_pricing_percentage_rules":[],"tiered_pricing_maximum_quantity":null,"tiered_pricing_quantity_step":null,"_links":{"self":[{"href":"https:\/\/cloudsupplyvapes.com\/es\/wp-json\/wp\/v2\/product\/5269","targetHints":{"allow":["GET"]}}],"collection":[{"href":"https:\/\/cloudsupplyvapes.com\/es\/wp-json\/wp\/v2\/product"}],"about":[{"href":"https:\/\/cloudsupplyvapes.com\/es\/wp-json\/wp\/v2\/types\/product"}],"replies":[{"embeddable":true,"href":"https:\/\/cloudsupplyvapes.com\/es\/wp-json\/wp\/v2\/comments?post=5269"}],"wp:featuredmedia":[{"embeddable":true,"href":"https:\/\/cloudsupplyvapes.com\/es\/wp-json\/wp\/v2\/media\/5541"}],"wp:attachment":[{"href":"https:\/\/cloudsupplyvapes.com\/es\/wp-json\/wp\/v2\/media?parent=5269"}],"wp:term":[{"taxonomy":"product_brand","embeddable":true,"href":"https:\/\/cloudsupplyvapes.com\/es\/wp-json\/wp\/v2\/product_brand?post=5269"},{"taxonomy":"product_cat","embeddable":true,"href":"https:\/\/cloudsupplyvapes.com\/es\/wp-json\/wp\/v2\/product_cat?post=5269"},{"taxonomy":"product_tag","embeddable":true,"href":"https:\/\/cloudsupplyvapes.com\/es\/wp-json\/wp\/v2\/product_tag?post=5269"}],"curies":[{"name":"wp","href":"https:\/\/api.w.org\/{rel}","templated":true}]}}