{"id":578,"date":"2024-10-19T02:13:26","date_gmt":"2024-10-19T02:13:26","guid":{"rendered":"https:\/\/cloudsupplyvapes.com\/?post_type=product&#038;p=578"},"modified":"2024-11-26T09:32:52","modified_gmt":"2024-11-26T09:32:52","slug":"-8","status":"publish","type":"product","link":"https:\/\/cloudsupplyvapes.com\/es\/product\/iget-king-2600-puffs-disposable-wholesale\/","title":{"rendered":"IGET King 2600 Puffs Vape desechable al por mayor compacto suave salida de vapor"},"content":{"rendered":"<p>Tama\u00f1o: 20,5 x 20,5 x 114,5 mm<br \/>\nCapacidad de la bater\u00eda: 1400 mAh<br \/>\nTotal Puffs: + 2600 Puffs<br \/>\nCapacidad del e-l\u00edquido: 8.5ml<\/p>\n<p>&nbsp;<\/p>\n<p>Sabor:<\/p>\n<ul class=\"attr_list left\">\n<li class=\"product_info_attr_detail attr1_wxf on\" data-attr=\"0\">Melocot\u00f3n fresco (60 mg)<\/li>\n<li class=\"product_info_attr_detail attr1_wxf\" data-attr=\"0\">Uva helada (60 mg)<\/li>\n<li class=\"product_info_attr_detail attr1_wxf\" data-attr=\"0\">Fruta exuberante(60mg)<\/li>\n<li class=\"product_info_attr_detail attr1_wxf\" data-attr=\"0\">Zumo de pi\u00f1a Ice(60mg)<\/li>\n<li class=\"product_info_attr_detail attr1_wxf\" data-attr=\"0\">Ar\u00e1ndano helado (60 mg)<\/li>\n<li class=\"product_info_attr_detail attr1_wxf\" data-attr=\"0\">Fruta de la pasi\u00f3n Pi\u00f1a Ar\u00e1ndanos Hielo(60mg)<\/li>\n<li class=\"product_info_attr_detail attr1_wxf\" data-attr=\"0\">Bomba de mango(60mg)<\/li>\n<li class=\"product_info_attr_detail attr1_wxf\" data-attr=\"0\">Sand\u00eda fresa (60 mg)<\/li>\n<li class=\"product_info_attr_detail attr1_wxf\" data-attr=\"0\">Frambuesa mora Ice(60mg)<\/li>\n<\/ul>","protected":false},"excerpt":{"rendered":"<p>IGET King 2600 Puffs Vape desechable al por mayor ofrece un dise\u00f1o compacto, alta potencia de nicotina, y la producci\u00f3n de vapor suave para sesiones de vapeo c\u00f3modo y satisfactorio.<\/p>","protected":false},"featured_media":610,"comment_status":"open","ping_status":"closed","template":"","meta":[],"product_brand":[],"product_cat":[22],"product_tag":[64],"class_list":{"0":"post-578","1":"product","2":"type-product","3":"status-publish","4":"has-post-thumbnail","6":"product_cat-disposable-vape-sticks","7":"product_tag-iget","9":"first","10":"instock","11":"shipping-taxable","12":"purchasable","13":"product-type-simple"},"jetpack_sharing_enabled":true,"tiered_pricing_type":"fixed","tiered_pricing_fixed_rules":{"1000":11.5,"10000":11,"30000":10.5},"tiered_pricing_product_settings":{"layout":"default","base_unit_name":{"singular":null,"plural":null},"default_variation":null},"tiered_pricing_minimum_quantity":60,"tiered_pricing_roles_data":[],"tiered_pricing_percentage_rules":[],"tiered_pricing_maximum_quantity":null,"tiered_pricing_quantity_step":null,"_links":{"self":[{"href":"https:\/\/cloudsupplyvapes.com\/es\/wp-json\/wp\/v2\/product\/578","targetHints":{"allow":["GET"]}}],"collection":[{"href":"https:\/\/cloudsupplyvapes.com\/es\/wp-json\/wp\/v2\/product"}],"about":[{"href":"https:\/\/cloudsupplyvapes.com\/es\/wp-json\/wp\/v2\/types\/product"}],"replies":[{"embeddable":true,"href":"https:\/\/cloudsupplyvapes.com\/es\/wp-json\/wp\/v2\/comments?post=578"}],"wp:featuredmedia":[{"embeddable":true,"href":"https:\/\/cloudsupplyvapes.com\/es\/wp-json\/wp\/v2\/media\/610"}],"wp:attachment":[{"href":"https:\/\/cloudsupplyvapes.com\/es\/wp-json\/wp\/v2\/media?parent=578"}],"wp:term":[{"taxonomy":"product_brand","embeddable":true,"href":"https:\/\/cloudsupplyvapes.com\/es\/wp-json\/wp\/v2\/product_brand?post=578"},{"taxonomy":"product_cat","embeddable":true,"href":"https:\/\/cloudsupplyvapes.com\/es\/wp-json\/wp\/v2\/product_cat?post=578"},{"taxonomy":"product_tag","embeddable":true,"href":"https:\/\/cloudsupplyvapes.com\/es\/wp-json\/wp\/v2\/product_tag?post=578"}],"curies":[{"name":"wp","href":"https:\/\/api.w.org\/{rel}","templated":true}]}}