{"id":589,"date":"2024-10-19T02:13:27","date_gmt":"2024-10-19T02:13:27","guid":{"rendered":"https:\/\/cloudsupplyvapes.com\/?post_type=product&#038;p=589"},"modified":"2024-11-26T09:32:38","modified_gmt":"2024-11-26T09:32:38","slug":"-10","status":"publish","type":"product","link":"https:\/\/cloudsupplyvapes.com\/es\/product\/aokit-2600-puff-disposable-wholesale\/","title":{"rendered":"AOKIT 2600 Puff Vape desechable al por mayor Vape para principiantes y port\u00e1til"},"content":{"rendered":"<div class=\"bsc-item cf\">\n<div class=\"bac-item-value fl\"><\/div>\n<\/div>\n<div class=\"bsc-item cf\">\n<div class=\"bac-item-label fl\">Bater\u00eda:1350mAh<\/div>\n<\/div>\n<div class=\"bsc-item cf\">\n<div class=\"bac-item-label fl\">Peso:0,06 kg\/unidad<\/div>\n<\/div>\n<div>Tama\u00f1o:118*22mm<br \/>\nTama\u00f1o de la bater\u00eda:18650mAh<br \/>\nBocanadas:2600 bocanadas<br \/>\nCapacidad del aceite:8,5 ml<br \/>\nPeso:300PCS\/CTN 18kg<\/div>\n<div><\/div>\n<div>\n<p><strong>Sabores:<\/strong><\/p>\n<div>Hielo de menta<\/div>\n<div>Hielo de pl\u00e1tano<\/div>\n<div>Sand\u00eda con fresas<\/div>\n<div>Fresa pl\u00e1tano<br \/>\nLimonada rosa<\/div>\n<div>bebida energ\u00e9tica<\/div>\n<div>mango helado<\/div>\n<div>hielo de mel\u00f3n<br \/>\nMalvavisco<\/div>\n<div>hielo de sand\u00eda<\/div>\n<div>bayas mixtas<\/div>\n<div>hielo de ar\u00e1ndanos<\/div>\n<\/div>","protected":false},"excerpt":{"rendered":"<p>AOKIT 2600 Puff Vape desechable al por mayor combina un dise\u00f1o port\u00e1til, la salida de vapor consistente, y el funcionamiento para principiantes para vaping f\u00e1cil y fiable.<\/p>","protected":false},"featured_media":627,"comment_status":"open","ping_status":"closed","template":"","meta":[],"product_brand":[],"product_cat":[22],"product_tag":[],"class_list":{"0":"post-589","1":"product","2":"type-product","3":"status-publish","4":"has-post-thumbnail","6":"product_cat-disposable-vape-sticks","8":"first","9":"instock","10":"shipping-taxable","11":"purchasable","12":"product-type-simple"},"jetpack_sharing_enabled":true,"tiered_pricing_type":"fixed","tiered_pricing_fixed_rules":{"5000":3.100000000000000088817841970012523233890533447265625,"10000":2.79999999999999982236431605997495353221893310546875,"30000":2.5},"tiered_pricing_product_settings":{"layout":"default","base_unit_name":{"singular":null,"plural":null},"default_variation":null},"tiered_pricing_minimum_quantity":1000,"tiered_pricing_roles_data":[],"tiered_pricing_percentage_rules":[],"tiered_pricing_maximum_quantity":null,"tiered_pricing_quantity_step":null,"_links":{"self":[{"href":"https:\/\/cloudsupplyvapes.com\/es\/wp-json\/wp\/v2\/product\/589","targetHints":{"allow":["GET"]}}],"collection":[{"href":"https:\/\/cloudsupplyvapes.com\/es\/wp-json\/wp\/v2\/product"}],"about":[{"href":"https:\/\/cloudsupplyvapes.com\/es\/wp-json\/wp\/v2\/types\/product"}],"replies":[{"embeddable":true,"href":"https:\/\/cloudsupplyvapes.com\/es\/wp-json\/wp\/v2\/comments?post=589"}],"wp:featuredmedia":[{"embeddable":true,"href":"https:\/\/cloudsupplyvapes.com\/es\/wp-json\/wp\/v2\/media\/627"}],"wp:attachment":[{"href":"https:\/\/cloudsupplyvapes.com\/es\/wp-json\/wp\/v2\/media?parent=589"}],"wp:term":[{"taxonomy":"product_brand","embeddable":true,"href":"https:\/\/cloudsupplyvapes.com\/es\/wp-json\/wp\/v2\/product_brand?post=589"},{"taxonomy":"product_cat","embeddable":true,"href":"https:\/\/cloudsupplyvapes.com\/es\/wp-json\/wp\/v2\/product_cat?post=589"},{"taxonomy":"product_tag","embeddable":true,"href":"https:\/\/cloudsupplyvapes.com\/es\/wp-json\/wp\/v2\/product_tag?post=589"}],"curies":[{"name":"wp","href":"https:\/\/api.w.org\/{rel}","templated":true}]}}