{"id":6008,"date":"2024-10-19T02:45:33","date_gmt":"2024-10-19T02:45:33","guid":{"rendered":"https:\/\/cloudsupplyvapes.com\/?post_type=product&#038;p=6008"},"modified":"2024-11-25T08:52:26","modified_gmt":"2024-11-25T08:52:26","slug":"-223","status":"publish","type":"product","link":"https:\/\/cloudsupplyvapes.com\/es\/product\/bang-king-12000-puffs-disposable-vape-wholesale\/","title":{"rendered":"Bang King 12000 Puffs Vape desechable al por mayor bater\u00eda duradera de larga duraci\u00f3n"},"content":{"rendered":"<h2>Bang King 12000 Vape desechable<\/h2>\n<ul class=\"top\">\n<li style=\"list-style-type: none;\">\n<ul class=\"top\">\n<li>Marca:\u00a0<b>Bang King<\/b><\/li>\n<li>Unidad: set<\/li>\n<li>Tipo:\u00a0<b>Vape desechable<\/b><\/li>\n<li>Peso neto: 70(g)<\/li>\n<\/ul>\n<\/li>\n<\/ul>\n<p>El sistema calcular\u00e1 autom\u00e1ticamente los gastos de env\u00edo combinados despu\u00e9s de que elija el destino del env\u00edo en el paso de pago.<\/p>\n<div class=\"title\">Bang King 12000 Vape Desechable INTRODUCCI\u00d3N<\/div>\n<p><b>Bang King 12000 Vape desechable<\/b>\u00a0Conseguido para ofrecer un agradable sabor natural a trav\u00e9s de un fuerte e-l\u00edquido precargado de 23ml, cada dispositivo tiene una vida \u00fatil de 12000 caladas. Utilizando una bobina de malla integrada, puede golpear con jugosidad en la inhalaci\u00f3n. El dispositivo \u00fanico en forma de botella est\u00e1 emparejado con 5%(50mg) la fuerza de la nicotina, que es adecuado para las personas que buscan m\u00e1s suave vape y los antojos de nicotina. Alimentado por una bater\u00eda recargable de 650mAh, el recuento de 12000 caladas sirve para sesiones de vapeo durante semanas.<\/p>\n<p class=\"second-title\">Caracter\u00edsticas<\/p>\n<p>- E-l\u00edquido precargado de 23 ml<\/p>\n<p>- 5%(50mg) Potencia de nicotina<\/p>\n<p>- Bater\u00eda recargable de 650 mAh<\/p>\n<p>- USB Tipo-C (no incluido)<\/p>\n<p>- Aproximadamente 12000 Puffs<\/p>\n<p>- Bobina de malla<\/p>\n<p>- Activado por sorteo<\/p>\n<p>- MTL Vaping<\/p>","protected":false},"excerpt":{"rendered":"<p>Bang King 12000 Puffs Vape desechable al por mayor cuenta con una construcci\u00f3n duradera y bater\u00eda de larga duraci\u00f3n, ofreciendo un rendimiento constante y vapor rico para un uso prolongado.<\/p>","protected":false},"featured_media":6194,"comment_status":"open","ping_status":"closed","template":"","meta":[],"product_brand":[],"product_cat":[481,22],"product_tag":[],"class_list":{"0":"post-6008","1":"product","2":"type-product","3":"status-publish","4":"has-post-thumbnail","6":"product_cat-bang","7":"product_cat-disposable-vape-sticks","9":"first","10":"instock","11":"shipping-taxable","12":"purchasable","13":"product-type-simple"},"jetpack_sharing_enabled":true,"tiered_pricing_type":"fixed","tiered_pricing_fixed_rules":{"1000":16,"10000":14,"50000":12},"tiered_pricing_product_settings":{"layout":"default","base_unit_name":{"singular":null,"plural":null},"default_variation":null},"tiered_pricing_minimum_quantity":100,"tiered_pricing_roles_data":[],"tiered_pricing_percentage_rules":[],"tiered_pricing_maximum_quantity":null,"tiered_pricing_quantity_step":null,"_links":{"self":[{"href":"https:\/\/cloudsupplyvapes.com\/es\/wp-json\/wp\/v2\/product\/6008","targetHints":{"allow":["GET"]}}],"collection":[{"href":"https:\/\/cloudsupplyvapes.com\/es\/wp-json\/wp\/v2\/product"}],"about":[{"href":"https:\/\/cloudsupplyvapes.com\/es\/wp-json\/wp\/v2\/types\/product"}],"replies":[{"embeddable":true,"href":"https:\/\/cloudsupplyvapes.com\/es\/wp-json\/wp\/v2\/comments?post=6008"}],"wp:featuredmedia":[{"embeddable":true,"href":"https:\/\/cloudsupplyvapes.com\/es\/wp-json\/wp\/v2\/media\/6194"}],"wp:attachment":[{"href":"https:\/\/cloudsupplyvapes.com\/es\/wp-json\/wp\/v2\/media?parent=6008"}],"wp:term":[{"taxonomy":"product_brand","embeddable":true,"href":"https:\/\/cloudsupplyvapes.com\/es\/wp-json\/wp\/v2\/product_brand?post=6008"},{"taxonomy":"product_cat","embeddable":true,"href":"https:\/\/cloudsupplyvapes.com\/es\/wp-json\/wp\/v2\/product_cat?post=6008"},{"taxonomy":"product_tag","embeddable":true,"href":"https:\/\/cloudsupplyvapes.com\/es\/wp-json\/wp\/v2\/product_tag?post=6008"}],"curies":[{"name":"wp","href":"https:\/\/api.w.org\/{rel}","templated":true}]}}