{"id":6011,"date":"2024-10-19T02:45:33","date_gmt":"2024-10-19T02:45:33","guid":{"rendered":"https:\/\/cloudsupplyvapes.com\/?post_type=product&#038;p=6011"},"modified":"2024-11-25T08:52:15","modified_gmt":"2024-11-25T08:52:15","slug":"-224","status":"publish","type":"product","link":"https:\/\/cloudsupplyvapes.com\/es\/product\/elf-bar-pi9000-puffs-disposable-vape-wholesale\/","title":{"rendered":"Elf Bar Pi9000 Puffs Vape desechable al por mayor de alta capacidad de flujo de aire ajustable"},"content":{"rendered":"<h2>Vapeador desechable Elf Bar Pi9000<\/h2>\n<ul class=\"top\">\n<li style=\"list-style-type: none;\">\n<ul class=\"top\">\n<li>Marca:\u00a0<b>Bar Elfo<\/b><\/li>\n<li>Unidad: set<\/li>\n<li>Tipo:\u00a0<b>Vape desechable<\/b><\/li>\n<li>Peso neto: 90(g)<\/li>\n<\/ul>\n<\/li>\n<\/ul>\n<p>El sistema calcular\u00e1 autom\u00e1ticamente los gastos de env\u00edo combinados despu\u00e9s de que elija el destino del env\u00edo en el paso de pago.<\/p>\n<div class=\"title\">Elf Bar Pi9000 Vape Desechable INTRODUCCI\u00d3N<\/div>\n<p><b>Vapeador desechable Elf Bar Pi9000<\/b>\u00a0tiene capacidad para 19 ml de e-l\u00edquido precargado, el sabor es refinado pero con garra a trav\u00e9s de una bobina de malla integrada, y un dise\u00f1o de 4%(40mg) de potencia de nicotina puede ofrecer un vapor m\u00e1s suave. La bater\u00eda recargable de 650mAh soporta hasta 9000 caladas. Su apariencia es similar a una mini almohada, y la punta de goteo transl\u00facida es beneficiosa para observar la condensaci\u00f3n. Equipado con un indicador de l\u00edquido y bater\u00eda, Pi9000 es amable para comprobar el estado del dispositivo, as\u00ed como para explorar sabores ligeros y suculentos.<\/p>\n<p class=\"second-title\">Caracter\u00edsticas<\/p>\n<p>- Vape Juice precargado de 19 ml<\/p>\n<p>- 4%(40mg) Sal Nic<\/p>\n<p>- Bater\u00eda recargable de 650 mAh<\/p>\n<p>- Puerto USB-C<\/p>\n<p>- Aproximadamente 9000 Puffs<\/p>\n<p>- Bobina de malla<\/p>\n<p>- Activado por sorteo<\/p>\n<p>- Indicadores de l\u00edquido y bater\u00eda<\/p>\n<p>&nbsp;<\/p>\n<p><b>Sabor:<\/b><\/p>\n<p>Aloe Uva<\/p>\n<p>Bamb\u00fa Aloe Ice<\/p>\n<p>Zumo de grosella negra<\/p>\n<p>Hielo Razz Azul<\/p>\n<p>Arroz glutinoso con coco<\/p>\n<p>Agua de coco<\/p>\n<p>Cola Ice<\/p>\n<p>Menta fresca<\/p>\n<p>Elf Bull (bebida energ\u00e9tica)<\/p>\n<p>Elf Dream (Crema de fresa y naranja con un toque de melocot\u00f3n)<\/p>\n<p>Melocot\u00f3n jugoso<\/p>\n<p>Cactus de lima<\/p>\n<p>T\u00e9 Long Jing (T\u00e9 F\u00f3sforo)<\/p>\n<p>Hielo de lichi<\/p>\n<p>Melocot\u00f3n helado<\/p>\n<p>Melocot\u00f3n Mango Sand\u00eda<\/p>\n<p>Lim\u00f3n rosa<\/p>\n<p>Granada<\/p>\n<p>Elfbull frambuesa<\/p>\n<p>Sirap Rose (agua de rosas en alm\u00edbar)<\/p>\n<p>Fresa helada<\/p>\n<p>Helado de fresa<\/p>\n<p>Fresa Melocot\u00f3n jugoso<\/p>\n<p>Fresa Mango<\/p>\n<p>Triple Mango<\/p>","protected":false},"excerpt":{"rendered":"<p>El Elf Bar Pi9000 Puffs Vape Desechable al por mayor ofrece una gran capacidad con flujo de aire ajustable, por lo que es perfecto para una experiencia de vapeo personalizable y de primera calidad.<\/p>","protected":false},"featured_media":6235,"comment_status":"open","ping_status":"closed","template":"","meta":[],"product_brand":[],"product_cat":[22],"product_tag":[],"class_list":{"0":"post-6011","1":"product","2":"type-product","3":"status-publish","4":"has-post-thumbnail","6":"product_cat-disposable-vape-sticks","8":"first","9":"instock","10":"shipping-taxable","11":"purchasable","12":"product-type-simple"},"jetpack_sharing_enabled":true,"tiered_pricing_type":"fixed","tiered_pricing_fixed_rules":{"1000":13,"10000":11,"50000":9},"tiered_pricing_product_settings":{"layout":"default","base_unit_name":{"singular":null,"plural":null},"default_variation":null},"tiered_pricing_minimum_quantity":100,"tiered_pricing_roles_data":[],"tiered_pricing_percentage_rules":[],"tiered_pricing_maximum_quantity":null,"tiered_pricing_quantity_step":null,"_links":{"self":[{"href":"https:\/\/cloudsupplyvapes.com\/es\/wp-json\/wp\/v2\/product\/6011","targetHints":{"allow":["GET"]}}],"collection":[{"href":"https:\/\/cloudsupplyvapes.com\/es\/wp-json\/wp\/v2\/product"}],"about":[{"href":"https:\/\/cloudsupplyvapes.com\/es\/wp-json\/wp\/v2\/types\/product"}],"replies":[{"embeddable":true,"href":"https:\/\/cloudsupplyvapes.com\/es\/wp-json\/wp\/v2\/comments?post=6011"}],"wp:featuredmedia":[{"embeddable":true,"href":"https:\/\/cloudsupplyvapes.com\/es\/wp-json\/wp\/v2\/media\/6235"}],"wp:attachment":[{"href":"https:\/\/cloudsupplyvapes.com\/es\/wp-json\/wp\/v2\/media?parent=6011"}],"wp:term":[{"taxonomy":"product_brand","embeddable":true,"href":"https:\/\/cloudsupplyvapes.com\/es\/wp-json\/wp\/v2\/product_brand?post=6011"},{"taxonomy":"product_cat","embeddable":true,"href":"https:\/\/cloudsupplyvapes.com\/es\/wp-json\/wp\/v2\/product_cat?post=6011"},{"taxonomy":"product_tag","embeddable":true,"href":"https:\/\/cloudsupplyvapes.com\/es\/wp-json\/wp\/v2\/product_tag?post=6011"}],"curies":[{"name":"wp","href":"https:\/\/api.w.org\/{rel}","templated":true}]}}