{"id":6081,"date":"2024-10-19T02:45:55","date_gmt":"2024-10-19T02:45:55","guid":{"rendered":"https:\/\/cloudsupplyvapes.com\/?post_type=product&#038;p=6081"},"modified":"2024-11-25T08:52:03","modified_gmt":"2024-11-25T08:52:03","slug":"-225","status":"publish","type":"product","link":"https:\/\/cloudsupplyvapes.com\/es\/product\/elfbar-te6000-6000-puffs-disposable-vape-wholesale\/","title":{"rendered":"Elfbar TE6000 6000 Puffs Vape Desechable Al Por Mayor Ultra Port\u00e1til Vapor Suave"},"content":{"rendered":"<div class=\"new-product-msg prodes\">\n<h2>Vapeador desechable Elf Bar TE6000<\/h2>\n<ul class=\"top\">\n<li>Marca:\u00a0<b>ElfBar<\/b><\/li>\n<li>Unidad: set<\/li>\n<li>Tipo:\u00a0<b>Vape desechable<\/b><\/li>\n<li>Peso neto: 70(g)<\/li>\n<\/ul>\n<p>El sistema calcular\u00e1 autom\u00e1ticamente los gastos de env\u00edo combinados despu\u00e9s de que elija el destino del env\u00edo en el paso de pago.<\/p>\n<div class=\"title\">Elf Bar TE6000 Vape Desechable INTRODUCCI\u00d3N<\/div>\n<p><b>Kit de vapeo desechable Elf Bar TE6000<\/b>\u00a0Con 6000 caladas y 13ml de e-l\u00edquido precargado con 5%(50mg) de nicotina, este dispositivo es perfecto para los vapeadores que quieren disfrutar de sus sabores favoritos sin preocuparse de rellenar. Con una bater\u00eda interna recargable y un indicador de e-l\u00edquido y bater\u00eda, este kit de vapeo no s\u00f3lo es conveniente, sino tambi\u00e9n f\u00e1cil de usar. La tecnolog\u00eda Mesh Coil garantiza un suministro de sabor excepcional, mientras que la carcasa transparente y el revestimiento interior permiten ver claramente el nivel de e-l\u00edquido.<\/p>\n<\/div>\n<table class=\"table table-bordered\">\n<tbody>\n<tr>\n<td>Caracter\u00edsticas<\/td>\n<td>Barra Elf TE6000<\/td>\n<td>Barra Elf TE5000<\/td>\n<\/tr>\n<tr>\n<td>Capacidad de la bater\u00eda<\/td>\n<td>550 mAh<\/td>\n<td>550 mAh<\/td>\n<\/tr>\n<tr>\n<td>Capacidad de la c\u00e1psula<\/td>\n<td>M\u00e1s grande (aproximadamente 13 ml)<\/td>\n<td>M\u00e1s peque\u00f1o (aproximadamente 13,5 ml)<\/td>\n<\/tr>\n<tr>\n<td>Vida \u00fatil<\/td>\n<td>M\u00e1s largo (aproximadamente 6000 caladas)<\/td>\n<td>M\u00e1s corto (aproximadamente 5000 caladas)<\/td>\n<\/tr>\n<tr>\n<td>Tipo de bobina<\/td>\n<td>Bobina de malla<\/td>\n<td>Bobina de malla<\/td>\n<\/tr>\n<tr>\n<td>M\u00e9todo de carga<\/td>\n<td>Recargable<\/td>\n<td>Recargable<\/td>\n<\/tr>\n<tr>\n<td>Estilo de dise\u00f1o<\/td>\n<td>Dise\u00f1o moderno<\/td>\n<td>Dise\u00f1o minimalista<\/td>\n<\/tr>\n<\/tbody>\n<\/table>\n<p><a href=\"https:\/\/i0.wp.com\/shop.vape.hk\/wp-content\/uploads\/2023\/11\/Elf_Bar_TE6000.jpg?ssl=1\" target=\"_blank\" rel=\"noopener\"><img data-recalc-dims=\"1\" loading=\"lazy\" decoding=\"async\" class=\"alignnone size-full wp-image-126919\" src=\"https:\/\/i0.wp.com\/shop.vape.hk\/wp-content\/uploads\/2023\/11\/Elf_Bar_TE6000.jpg?resize=1020%2C686&#038;ssl=1\" alt=\"Elfbar TE6000 6000 Puffs Vape Desechable | Mayorista\" width=\"1020\" height=\"686\" title=\"\"><\/a><\/p>","protected":false},"excerpt":{"rendered":"<p>El Elfbar TE6000 6000 Puffs Vape desechable al por mayor ofrece comodidad ultra-port\u00e1til, la producci\u00f3n de vapor suave, y un dise\u00f1o ergon\u00f3mico ligero para vaping sin esfuerzo.<\/p>","protected":false},"featured_media":6371,"comment_status":"open","ping_status":"closed","template":"","meta":[],"product_brand":[],"product_cat":[22],"product_tag":[],"class_list":{"0":"post-6081","1":"product","2":"type-product","3":"status-publish","4":"has-post-thumbnail","6":"product_cat-disposable-vape-sticks","8":"first","9":"instock","10":"shipping-taxable","11":"purchasable","12":"product-type-simple"},"jetpack_sharing_enabled":true,"tiered_pricing_type":"fixed","tiered_pricing_fixed_rules":{"1000":13,"10000":11,"50000":9},"tiered_pricing_product_settings":{"layout":"default","base_unit_name":{"singular":null,"plural":null},"default_variation":null},"tiered_pricing_minimum_quantity":100,"tiered_pricing_roles_data":[],"tiered_pricing_percentage_rules":[],"tiered_pricing_maximum_quantity":null,"tiered_pricing_quantity_step":null,"_links":{"self":[{"href":"https:\/\/cloudsupplyvapes.com\/es\/wp-json\/wp\/v2\/product\/6081","targetHints":{"allow":["GET"]}}],"collection":[{"href":"https:\/\/cloudsupplyvapes.com\/es\/wp-json\/wp\/v2\/product"}],"about":[{"href":"https:\/\/cloudsupplyvapes.com\/es\/wp-json\/wp\/v2\/types\/product"}],"replies":[{"embeddable":true,"href":"https:\/\/cloudsupplyvapes.com\/es\/wp-json\/wp\/v2\/comments?post=6081"}],"wp:featuredmedia":[{"embeddable":true,"href":"https:\/\/cloudsupplyvapes.com\/es\/wp-json\/wp\/v2\/media\/6371"}],"wp:attachment":[{"href":"https:\/\/cloudsupplyvapes.com\/es\/wp-json\/wp\/v2\/media?parent=6081"}],"wp:term":[{"taxonomy":"product_brand","embeddable":true,"href":"https:\/\/cloudsupplyvapes.com\/es\/wp-json\/wp\/v2\/product_brand?post=6081"},{"taxonomy":"product_cat","embeddable":true,"href":"https:\/\/cloudsupplyvapes.com\/es\/wp-json\/wp\/v2\/product_cat?post=6081"},{"taxonomy":"product_tag","embeddable":true,"href":"https:\/\/cloudsupplyvapes.com\/es\/wp-json\/wp\/v2\/product_tag?post=6081"}],"curies":[{"name":"wp","href":"https:\/\/api.w.org\/{rel}","templated":true}]}}