{"id":6264,"date":"2024-10-19T02:46:43","date_gmt":"2024-10-19T02:46:43","guid":{"rendered":"https:\/\/cloudsupplyvapes.com\/?post_type=product&#038;p=6264"},"modified":"2024-11-25T08:51:51","modified_gmt":"2024-11-25T08:51:51","slug":"-226","status":"publish","type":"product","link":"https:\/\/cloudsupplyvapes.com\/es\/product\/raz-tn9000-9000-puffs-disposable-vape-wholesale\/","title":{"rendered":"RAZ TN9000 9000 Puffs Vape Desechable Mayorista Mesh Coil Salida de Vapor Consistente"},"content":{"rendered":"<h2>RAZ TN9000 Disposable Vape<\/h2>\n<ul class=\"top\">\n<li style=\"list-style-type: none;\">\n<ul class=\"top\">\n<li>Marca:\u00a0<b>Geekvape<\/b><\/li>\n<li>Unidad: set<\/li>\n<li>Tipo:\u00a0<b>Vape desechable<\/b><\/li>\n<li>Peso neto: 70(g)<\/li>\n<\/ul>\n<\/li>\n<\/ul>\n<p>El sistema calcular\u00e1 autom\u00e1ticamente los gastos de env\u00edo combinados despu\u00e9s de que elija el destino del env\u00edo en el paso de pago.<\/p>\n<div class=\"title\">RAZ TN9000 Disposable Vape INTRODUCTION<\/div>\n<p><b>RAZ TN9000 Disposable Vape<\/b>\u00a0comes pre-loaded with 12ml vape juice and is powered by a rechargeable 650mAh battery. The combination of 5%(50mg) nicotine strength and adjustable airflow design promises up to 9000 puffs. A large 0.96&#8243; display screen is located on the side, you can monitor both levels of battery and e-liquid. The mouth-to-long style device can allow you to fine-tune the airflow, which delivers an enjoyable and fruity flavor. Enjoying as many as 9000 puffs, take a draw, and then embark on the journey of vaping.<\/p>\n<p class=\"second-title\">Caracter\u00edsticas<\/p>\n<p>\u2022 12ml Pre-Filled E-Liquid<\/p>\n<p>- 5%(50mg) Potencia de nicotina<\/p>\n<p>- Bater\u00eda recargable de 650 mAh<\/p>\n<p>- USB Tipo-C (no incluido)<\/p>\n<p>- Aproximadamente 9000 Puffs<\/p>\n<p>- Bobina de malla<\/p>\n<p>- Activado por sorteo<\/p>\n<p>- MTL Vaping<\/p>\n<p>\u2022 Mega 0.96&#8243; HD Display Screen<\/p>\n<p>\u2022 Vaping Animation<\/p>\n<p>\u2022 Charging Animation<\/p>\n<p>- Flujo de aire ajustable<\/p>\n<p>\u2022 Short-Circuit Protection<\/p>\n<p>\u2022 Overcharging Protection<\/p>\n<p><a href=\"https:\/\/i0.wp.com\/shop.vape.hk\/wp-content\/uploads\/2023\/11\/RAZ-TN9000-Disposable-Vape-Kit1.jpg?ssl=1\" target=\"_blank\" rel=\"noopener\"><img data-recalc-dims=\"1\" loading=\"lazy\" decoding=\"async\" class=\"alignnone size-full wp-image-127043\" src=\"https:\/\/i0.wp.com\/shop.vape.hk\/wp-content\/uploads\/2023\/11\/RAZ-TN9000-Disposable-Vape-Kit1.jpg?resize=1003%2C1920&#038;ssl=1\" alt=\"RAZ TN9000 9000 Puffs Disposable Vape | Wholesale\" width=\"1003\" height=\"1920\" title=\"\"><\/a><\/p>","protected":false},"excerpt":{"rendered":"<p>RAZ TN9000 9000 Puffs Disposable Vape Wholesale features advanced mesh coil technology and consistent vapor output, ensuring a smooth throat hit and rich vaping experience.<\/p>","protected":false},"featured_media":6482,"comment_status":"open","ping_status":"closed","template":"","meta":[],"product_brand":[],"product_cat":[22],"product_tag":[],"class_list":{"0":"post-6264","1":"product","2":"type-product","3":"status-publish","4":"has-post-thumbnail","6":"product_cat-disposable-vape-sticks","8":"first","9":"instock","10":"shipping-taxable","11":"purchasable","12":"product-type-simple"},"jetpack_sharing_enabled":true,"tiered_pricing_type":"fixed","tiered_pricing_fixed_rules":{"1000":15,"10000":13,"50000":11},"tiered_pricing_product_settings":{"layout":"default","base_unit_name":{"singular":null,"plural":null},"default_variation":null},"tiered_pricing_minimum_quantity":100,"tiered_pricing_roles_data":[],"tiered_pricing_percentage_rules":[],"tiered_pricing_maximum_quantity":null,"tiered_pricing_quantity_step":null,"_links":{"self":[{"href":"https:\/\/cloudsupplyvapes.com\/es\/wp-json\/wp\/v2\/product\/6264","targetHints":{"allow":["GET"]}}],"collection":[{"href":"https:\/\/cloudsupplyvapes.com\/es\/wp-json\/wp\/v2\/product"}],"about":[{"href":"https:\/\/cloudsupplyvapes.com\/es\/wp-json\/wp\/v2\/types\/product"}],"replies":[{"embeddable":true,"href":"https:\/\/cloudsupplyvapes.com\/es\/wp-json\/wp\/v2\/comments?post=6264"}],"wp:featuredmedia":[{"embeddable":true,"href":"https:\/\/cloudsupplyvapes.com\/es\/wp-json\/wp\/v2\/media\/6482"}],"wp:attachment":[{"href":"https:\/\/cloudsupplyvapes.com\/es\/wp-json\/wp\/v2\/media?parent=6264"}],"wp:term":[{"taxonomy":"product_brand","embeddable":true,"href":"https:\/\/cloudsupplyvapes.com\/es\/wp-json\/wp\/v2\/product_brand?post=6264"},{"taxonomy":"product_cat","embeddable":true,"href":"https:\/\/cloudsupplyvapes.com\/es\/wp-json\/wp\/v2\/product_cat?post=6264"},{"taxonomy":"product_tag","embeddable":true,"href":"https:\/\/cloudsupplyvapes.com\/es\/wp-json\/wp\/v2\/product_tag?post=6264"}],"curies":[{"name":"wp","href":"https:\/\/api.w.org\/{rel}","templated":true}]}}