{"id":676,"date":"2024-10-19T02:14:15","date_gmt":"2024-10-19T02:14:15","guid":{"rendered":"https:\/\/cloudsupplyvapes.com\/?post_type=product&#038;p=676"},"modified":"2024-11-26T09:32:27","modified_gmt":"2024-11-26T09:32:27","slug":"-11","status":"publish","type":"product","link":"https:\/\/cloudsupplyvapes.com\/es\/product\/yuoto-switch-dual-flavors-3000-puff-disposable-wholesale\/","title":{"rendered":"YUOTO Switch Dual Flavors 3000 Puff Vape Desechable Mayorista Dise\u00f1o Vers\u00e1til"},"content":{"rendered":"<p>Sabor:<br \/>\n1.hielo de menta&amp;hielo de manzana<br \/>\n2.hielo de sand\u00eda y melocot\u00f3n<br \/>\n3.Hielo de pl\u00e1tano y mango<br \/>\n4.energy drink &amp;coke ice<br \/>\n5.Hielo de ar\u00e1ndano y lichi<br \/>\n6.prap ice &amp;melon ice<br \/>\n7.sand\u00eda fresa<br \/>\n&amp;Hielo de guayaba<br \/>\n8.blue razz ice&amp;candy<br \/>\n9.Bolos y chicles<br \/>\n10.pi\u00f1a colada ice&amp;pineapple ice<\/p>\n<p>&nbsp;<\/p>\n<p>Caladas:3000 Nicotina:5%<br \/>\nCapacidad del E-jugo: 4.0+4.0ML<br \/>\nBater\u00eda:1650mAh<\/p>\n<p>1ud\/ 57g 10ud\/paquete 1ud\/591g 400ud\/cart\u00f3n 24,5kg\/cart\u00f3n Caja<br \/>\nsize:55.6CM*28CM*27.6CM<\/p>","protected":false},"excerpt":{"rendered":"<p>YUOTO Switch Dual Flavors 3000 Puff Disposable Vape Wholesale ofrece una funcionalidad vers\u00e1til de doble sabor, una producci\u00f3n de vapor suave y un dise\u00f1o duradero para vapear de primera calidad.<\/p>","protected":false},"featured_media":711,"comment_status":"open","ping_status":"closed","template":"","meta":[],"product_brand":[],"product_cat":[22],"product_tag":[],"class_list":{"0":"post-676","1":"product","2":"type-product","3":"status-publish","4":"has-post-thumbnail","6":"product_cat-disposable-vape-sticks","8":"first","9":"instock","10":"shipping-taxable","11":"purchasable","12":"product-type-simple"},"jetpack_sharing_enabled":true,"tiered_pricing_type":"fixed","tiered_pricing_fixed_rules":{"500":6,"10000":5.79999999999999982236431605997495353221893310546875,"30000":5.5999999999999996447286321199499070644378662109375},"tiered_pricing_product_settings":{"layout":"default","base_unit_name":{"singular":null,"plural":null},"default_variation":null},"tiered_pricing_minimum_quantity":100,"tiered_pricing_roles_data":[],"tiered_pricing_percentage_rules":[],"tiered_pricing_maximum_quantity":null,"tiered_pricing_quantity_step":null,"_links":{"self":[{"href":"https:\/\/cloudsupplyvapes.com\/es\/wp-json\/wp\/v2\/product\/676","targetHints":{"allow":["GET"]}}],"collection":[{"href":"https:\/\/cloudsupplyvapes.com\/es\/wp-json\/wp\/v2\/product"}],"about":[{"href":"https:\/\/cloudsupplyvapes.com\/es\/wp-json\/wp\/v2\/types\/product"}],"replies":[{"embeddable":true,"href":"https:\/\/cloudsupplyvapes.com\/es\/wp-json\/wp\/v2\/comments?post=676"}],"wp:featuredmedia":[{"embeddable":true,"href":"https:\/\/cloudsupplyvapes.com\/es\/wp-json\/wp\/v2\/media\/711"}],"wp:attachment":[{"href":"https:\/\/cloudsupplyvapes.com\/es\/wp-json\/wp\/v2\/media?parent=676"}],"wp:term":[{"taxonomy":"product_brand","embeddable":true,"href":"https:\/\/cloudsupplyvapes.com\/es\/wp-json\/wp\/v2\/product_brand?post=676"},{"taxonomy":"product_cat","embeddable":true,"href":"https:\/\/cloudsupplyvapes.com\/es\/wp-json\/wp\/v2\/product_cat?post=676"},{"taxonomy":"product_tag","embeddable":true,"href":"https:\/\/cloudsupplyvapes.com\/es\/wp-json\/wp\/v2\/product_tag?post=676"}],"curies":[{"name":"wp","href":"https:\/\/api.w.org\/{rel}","templated":true}]}}