{"id":682,"date":"2024-10-19T02:14:16","date_gmt":"2024-10-19T02:14:16","guid":{"rendered":"https:\/\/cloudsupplyvapes.com\/?post_type=product&#038;p=682"},"modified":"2024-11-26T09:31:50","modified_gmt":"2024-11-26T09:31:50","slug":"-13","status":"publish","type":"product","link":"https:\/\/cloudsupplyvapes.com\/es\/product\/iget-bar-3500-puffs-disposable-vape-wholesale\/","title":{"rendered":"Iget Bar 3500 Puffs Vape Desechable Mayorista Vape Port\u00e1til de Alto Rendimiento"},"content":{"rendered":"<p><strong>Sabor:<\/strong><br \/>\nHIELO DE UVA<br \/>\nMANZANA DOBLE<br \/>\nHELADOS<br \/>\nHIELO DE FRESA Y SAND\u00cdA<br \/>\nBLACKBERRY IC<br \/>\nMANGO IC<br \/>\nAR\u00c1NDANO FRAMBUESA IC<br \/>\nFRESA KIWI IC<br \/>\nCOLA ICE<br \/>\nHIELO DE AR\u00c1NDANO<br \/>\nCEREZA GRANADA<br \/>\nHIELO DE MELOCOT\u00d3N<br \/>\nLUSH ICE<\/p>\n<p>&nbsp;<\/p>\n<p><strong>Caracter\u00edsticas:<\/strong><\/p>\n<ul>\n<li>Nivel de nicotina: 5% (50mg\/ml)<\/li>\n<li>Capacidad de l\u00edquido: 12 ml<\/li>\n<li>Tama\u00f1o: 41,2*19,5*94,5 mm<\/li>\n<li>Bater\u00eda: 1500 mAh<\/li>\n<li>Bocanadas: 3500 bocanadas<\/li>\n<\/ul>\n<p>Producto relacionado:<\/p>\n<blockquote class=\"wp-embedded-content\" data-secret=\"YiA7JqEx44\"><p><a href=\"https:\/\/shop.vape.hk\/product\/iget-bar\/\" target=\"_blank\" rel=\"noopener\">Iget Bar 3500 Puffs 12ML Vape Desechable al por mayor - Sabor de larga duraci\u00f3n y dise\u00f1o de alta capacidad<\/a><\/p><\/blockquote>\n<p><iframe loading=\"lazy\" class=\"wp-embedded-content\" sandbox=\"allow-scripts\" security=\"restricted\" style=\"position: absolute; visibility: hidden;\" title=\"&quot;Iget Bar 3500 Puffs 12ML Vape Desechable al por mayor - Sabor de larga duraci\u00f3n y dise\u00f1o de alta capacidad&quot; - VAPE HK SHOP | WHOLESALE\" src=\"https:\/\/shop.vape.hk\/product\/iget-bar\/embed\/#?secret=ZFGEB05d0d#?secret=YiA7JqEx44\" data-secret=\"YiA7JqEx44\" width=\"600\" height=\"338\" frameborder=\"0\" marginwidth=\"0\" marginheight=\"0\" scrolling=\"no\"><\/iframe><\/p>","protected":false},"excerpt":{"rendered":"<p>Iget Bar 3500 Puffs Vape desechable al por mayor ofrece una salida de vapor suave, un dise\u00f1o port\u00e1til y un rendimiento fiable de la bater\u00eda para una experiencia de vapeo consistente.<\/p>","protected":false},"featured_media":717,"comment_status":"open","ping_status":"closed","template":"","meta":[],"product_brand":[],"product_cat":[22],"product_tag":[64],"class_list":{"0":"post-682","1":"product","2":"type-product","3":"status-publish","4":"has-post-thumbnail","6":"product_cat-disposable-vape-sticks","7":"product_tag-iget","9":"first","10":"instock","11":"shipping-taxable","12":"purchasable","13":"product-type-simple"},"jetpack_sharing_enabled":true,"tiered_pricing_type":"fixed","tiered_pricing_fixed_rules":{"1000":10.4000000000000003552713678800500929355621337890625,"5000":9.5,"10000":8,"30000":7},"tiered_pricing_product_settings":{"layout":"default","base_unit_name":{"singular":null,"plural":null},"default_variation":null},"tiered_pricing_minimum_quantity":200,"tiered_pricing_roles_data":[],"tiered_pricing_percentage_rules":[],"tiered_pricing_maximum_quantity":null,"tiered_pricing_quantity_step":null,"_links":{"self":[{"href":"https:\/\/cloudsupplyvapes.com\/es\/wp-json\/wp\/v2\/product\/682","targetHints":{"allow":["GET"]}}],"collection":[{"href":"https:\/\/cloudsupplyvapes.com\/es\/wp-json\/wp\/v2\/product"}],"about":[{"href":"https:\/\/cloudsupplyvapes.com\/es\/wp-json\/wp\/v2\/types\/product"}],"replies":[{"embeddable":true,"href":"https:\/\/cloudsupplyvapes.com\/es\/wp-json\/wp\/v2\/comments?post=682"}],"wp:featuredmedia":[{"embeddable":true,"href":"https:\/\/cloudsupplyvapes.com\/es\/wp-json\/wp\/v2\/media\/717"}],"wp:attachment":[{"href":"https:\/\/cloudsupplyvapes.com\/es\/wp-json\/wp\/v2\/media?parent=682"}],"wp:term":[{"taxonomy":"product_brand","embeddable":true,"href":"https:\/\/cloudsupplyvapes.com\/es\/wp-json\/wp\/v2\/product_brand?post=682"},{"taxonomy":"product_cat","embeddable":true,"href":"https:\/\/cloudsupplyvapes.com\/es\/wp-json\/wp\/v2\/product_cat?post=682"},{"taxonomy":"product_tag","embeddable":true,"href":"https:\/\/cloudsupplyvapes.com\/es\/wp-json\/wp\/v2\/product_tag?post=682"}],"curies":[{"name":"wp","href":"https:\/\/api.w.org\/{rel}","templated":true}]}}