{"id":683,"date":"2024-10-19T02:14:16","date_gmt":"2024-10-19T02:14:16","guid":{"rendered":"https:\/\/cloudsupplyvapes.com\/?post_type=product&#038;p=683"},"modified":"2024-11-26T09:32:01","modified_gmt":"2024-11-26T09:32:01","slug":"-287","status":"publish","type":"product","link":"https:\/\/cloudsupplyvapes.com\/es\/product\/bang-beach-22000-puff-disposable-vape-wholesale\/","title":{"rendered":"Bang Beach 22000 Puffs Vape desechable al por mayor Vape de alta capacidad y larga duraci\u00f3n"},"content":{"rendered":"<h2>Sabores disponibles:<\/h2>\n<ol>\n<li>Melocot\u00f3n helado<\/li>\n<li>Melocot\u00f3n Mango<\/li>\n<li>Mezcla de bayas<\/li>\n<li>Limonada rosa<\/li>\n<li>Sand\u00eda con fresa<\/li>\n<li>Hielo de sand\u00eda<\/li>\n<li>Hielo de uva<\/li>\n<li>Vimto<\/li>\n<li>Fresa helada<\/li>\n<li>Cereza<\/li>\n<li>Ar\u00e1ndano Frambuesa<\/li>\n<li>Manzana \u00e1cida<\/li>\n<\/ol>\n<h3>Especificaciones del Vape Desechable Bang Beach 22000<\/h3>\n<table>\n<thead>\n<tr>\n<th><strong>Caracter\u00edstica<\/strong><\/th>\n<th><strong>Especificaci\u00f3n<\/strong><\/th>\n<\/tr>\n<\/thead>\n<tbody>\n<tr>\n<td>Capacidad de la bater\u00eda<\/td>\n<td>650 mAh<\/td>\n<\/tr>\n<tr>\n<td>Capacidad de e-l\u00edquido<\/td>\n<td>25 ml<\/td>\n<\/tr>\n<tr>\n<td>Potencia de nicotina<\/td>\n<td>0%, 2%, 3%, 5%(por defecto)<\/td>\n<\/tr>\n<tr>\n<td>Puffs<\/td>\n<td>Hasta 22000 caladas<\/td>\n<\/tr>\n<tr>\n<td>Peso del paquete<\/td>\n<td>21,2 kg\/200 piezas<\/td>\n<\/tr>\n<\/tbody>\n<\/table>\n<h3>Caracter\u00edsticas principales:<\/h3>\n<ul>\n<li><strong>Paleta de sabores variados:<\/strong> Una selecci\u00f3n de 12 sabores frescos y agradables perfectamente adecuados para los d\u00edas de verano y m\u00e1s all\u00e1.<\/li>\n<li><strong>Puffs de alta capacidad:<\/strong> Cada dispositivo est\u00e1 dise\u00f1ado para proporcionar hasta 22.000 caladas, lo que garantiza un uso prolongado de cada vapeo.<\/li>\n<li><strong>Gran volumen de e-l\u00edquido:<\/strong> Precargado con 25 ml de e-l\u00edquido, minimizando la necesidad de reemplazos frecuentes y prolongando las sesiones de vapeo.<\/li>\n<li><strong>Opciones de nicotina flexibles:<\/strong> Disponible en varias concentraciones de nicotina para adaptarse a una amplia gama de preferencias y necesidades de vapeo.<\/li>\n<li><strong>Uso eficiente de la bater\u00eda:<\/strong> Una bater\u00eda de 650 mAh ofrece una combinaci\u00f3n equilibrada de longevidad y potencia para un rendimiento constante.<\/li>\n<\/ul>\n<h3>\u00bfPor qu\u00e9 elegir Bang Beach 22000?<\/h3>\n<p>El Bang Beach 22000 es el vapeador definitivo para aquellos que disfrutan de una experiencia duradera y llena de sabor. Su amplia variedad de sabores refrescantes y su gran cantidad de caladas lo convierten en una excelente opci\u00f3n para los vapeadores que buscan maximizar su disfrute sin tener que cambiar de dispositivo con frecuencia.<\/p>","protected":false},"excerpt":{"rendered":"<p>Bang Beach 22000 Puffs Vape desechable al por mayor combina una gran capacidad, un rendimiento duradero y una producci\u00f3n de vapor suave para un vapeo prolongado y satisfactorio.<\/p>","protected":false},"featured_media":8917,"comment_status":"open","ping_status":"closed","template":"","meta":[],"product_brand":[],"product_cat":[22],"product_tag":[31],"class_list":{"0":"post-683","1":"product","2":"type-product","3":"status-publish","4":"has-post-thumbnail","6":"product_cat-disposable-vape-sticks","7":"product_tag-bang","9":"first","10":"instock","11":"shipping-taxable","12":"purchasable","13":"product-type-simple"},"jetpack_sharing_enabled":true,"tiered_pricing_type":"fixed","tiered_pricing_fixed_rules":[],"tiered_pricing_product_settings":{"layout":"default","base_unit_name":{"singular":null,"plural":null},"default_variation":null},"tiered_pricing_minimum_quantity":30,"tiered_pricing_roles_data":[],"tiered_pricing_percentage_rules":[],"tiered_pricing_maximum_quantity":null,"tiered_pricing_quantity_step":"10","_links":{"self":[{"href":"https:\/\/cloudsupplyvapes.com\/es\/wp-json\/wp\/v2\/product\/683","targetHints":{"allow":["GET"]}}],"collection":[{"href":"https:\/\/cloudsupplyvapes.com\/es\/wp-json\/wp\/v2\/product"}],"about":[{"href":"https:\/\/cloudsupplyvapes.com\/es\/wp-json\/wp\/v2\/types\/product"}],"replies":[{"embeddable":true,"href":"https:\/\/cloudsupplyvapes.com\/es\/wp-json\/wp\/v2\/comments?post=683"}],"wp:featuredmedia":[{"embeddable":true,"href":"https:\/\/cloudsupplyvapes.com\/es\/wp-json\/wp\/v2\/media\/8917"}],"wp:attachment":[{"href":"https:\/\/cloudsupplyvapes.com\/es\/wp-json\/wp\/v2\/media?parent=683"}],"wp:term":[{"taxonomy":"product_brand","embeddable":true,"href":"https:\/\/cloudsupplyvapes.com\/es\/wp-json\/wp\/v2\/product_brand?post=683"},{"taxonomy":"product_cat","embeddable":true,"href":"https:\/\/cloudsupplyvapes.com\/es\/wp-json\/wp\/v2\/product_cat?post=683"},{"taxonomy":"product_tag","embeddable":true,"href":"https:\/\/cloudsupplyvapes.com\/es\/wp-json\/wp\/v2\/product_tag?post=683"}],"curies":[{"name":"wp","href":"https:\/\/api.w.org\/{rel}","templated":true}]}}