{"id":686,"date":"2024-10-19T02:14:17","date_gmt":"2024-10-19T02:14:17","guid":{"rendered":"https:\/\/cloudsupplyvapes.com\/?post_type=product&#038;p=686"},"modified":"2024-11-26T09:30:58","modified_gmt":"2024-11-26T09:30:58","slug":"-312","status":"publish","type":"product","link":"https:\/\/cloudsupplyvapes.com\/es\/product\/poco-sl-15000-puffs-disposable-vape-wholesale-germany-europe-and-usa-local-warehouse-in-stock\/","title":{"rendered":"POCO SL 15000 Puffs Vape desechable al por mayor Gran capacidad Dise\u00f1o duradero"},"content":{"rendered":"<h2>Opciones de sabor:<\/h2>\n<ul>\n<li>Mango Naranja Pomelo<\/li>\n<li>Caramelo blando de melocot\u00f3n y ar\u00e1ndanos<\/li>\n<li>Aloe Uva<\/li>\n<li>Claro<\/li>\n<li>Fresa Mango<\/li>\n<li>Fruta de la pasi\u00f3n Kiwi Guayaba<\/li>\n<li>Manzana Melocot\u00f3n<\/li>\n<li>Sand\u00eda con fresa<\/li>\n<li>Gaseosa de uva y grosella negra<\/li>\n<li>Ar\u00e1ndano Frambuesa<\/li>\n<\/ul>\n<h3>POCO SL 15000 Especificaciones<\/h3>\n<table>\n<thead>\n<tr>\n<th><strong>Caracter\u00edstica<\/strong><\/th>\n<th><strong>Especificaci\u00f3n<\/strong><\/th>\n<\/tr>\n<\/thead>\n<tbody>\n<tr>\n<td>Capacidad<\/td>\n<td>24 ml<\/td>\n<\/tr>\n<tr>\n<td>Potencia de nicotina<\/td>\n<td>5%<\/td>\n<\/tr>\n<tr>\n<td>Capacidad de la bater\u00eda<\/td>\n<td>650 mAh<\/td>\n<\/tr>\n<tr>\n<td>Recargable<\/td>\n<td>Enchufe tipo C<\/td>\n<\/tr>\n<tr>\n<td>Puffs<\/td>\n<td>15.000 bocanadas<\/td>\n<\/tr>\n<\/tbody>\n<\/table>\n<h3>Caracter\u00edsticas principales:<\/h3>\n<ul>\n<li><strong>Excepcional volumen de e-l\u00edquido:<\/strong> Cuenta con un dep\u00f3sito de 24 ml de capacidad, uno de los m\u00e1s grandes disponibles, lo que garantiza un uso prolongado y menos recargas.<\/li>\n<li><strong>Nivel de nicotina constante:<\/strong> Proporciona un contenido de nicotina constante de 5%, adecuado para aquellos que buscan un golpe fuerte y satisfactorio.<\/li>\n<li><strong>Potente rendimiento de la bater\u00eda:<\/strong> Equipado con una bater\u00eda de 650 mAh que se puede recargar a trav\u00e9s de un conector Type-C para una mayor comodidad y sesiones de vapeo prolongadas.<\/li>\n<li><strong>Paleta de sabores variados:<\/strong> Ofrece una amplia gama de sabores \u00fanicos, que satisfacen las preferencias de los paladares m\u00e1s variados con mezclas cl\u00e1sicas y ex\u00f3ticas.<\/li>\n<\/ul>\n<h3>\u00bfPor qu\u00e9 elegir POCO SL 15000?<\/h3>\n<p>El POCO SL 15000 est\u00e1 dise\u00f1ado para vapeadores que exigen tanto una alta capacidad como amplias opciones de sabor. Proporciona una amplia experiencia vaping con 15.000 caladas por dispositivo, ideal para los usuarios que aprecian el rendimiento de larga duraci\u00f3n y diversos perfiles de sabor.En stock en Europa y EE.UU. almac\u00e9n local.<\/p>","protected":false},"excerpt":{"rendered":"<p>POCO SL 15000 Puffs Vape desechable al por mayor cuenta con una gran capacidad, una construcci\u00f3n duradera, y una salida de vapor suave para sesiones de vapeo prolongadas y sin problemas.<\/p>","protected":false},"featured_media":9209,"comment_status":"open","ping_status":"closed","template":"","meta":[],"product_brand":[],"product_cat":[22],"product_tag":[474],"class_list":{"0":"post-686","1":"product","2":"type-product","3":"status-publish","4":"has-post-thumbnail","6":"product_cat-disposable-vape-sticks","7":"product_tag-poco","9":"first","10":"instock","11":"sale","12":"shipping-taxable","13":"purchasable","14":"product-type-simple"},"jetpack_sharing_enabled":true,"tiered_pricing_type":"fixed","tiered_pricing_fixed_rules":{"500":8.5,"2000":8.4000000000000003552713678800500929355621337890625,"5000":8.300000000000000710542735760100185871124267578125},"tiered_pricing_product_settings":{"layout":"default","base_unit_name":{"singular":null,"plural":null},"default_variation":null},"tiered_pricing_minimum_quantity":50,"tiered_pricing_roles_data":[],"tiered_pricing_percentage_rules":[],"tiered_pricing_maximum_quantity":null,"tiered_pricing_quantity_step":null,"_links":{"self":[{"href":"https:\/\/cloudsupplyvapes.com\/es\/wp-json\/wp\/v2\/product\/686","targetHints":{"allow":["GET"]}}],"collection":[{"href":"https:\/\/cloudsupplyvapes.com\/es\/wp-json\/wp\/v2\/product"}],"about":[{"href":"https:\/\/cloudsupplyvapes.com\/es\/wp-json\/wp\/v2\/types\/product"}],"replies":[{"embeddable":true,"href":"https:\/\/cloudsupplyvapes.com\/es\/wp-json\/wp\/v2\/comments?post=686"}],"wp:featuredmedia":[{"embeddable":true,"href":"https:\/\/cloudsupplyvapes.com\/es\/wp-json\/wp\/v2\/media\/9209"}],"wp:attachment":[{"href":"https:\/\/cloudsupplyvapes.com\/es\/wp-json\/wp\/v2\/media?parent=686"}],"wp:term":[{"taxonomy":"product_brand","embeddable":true,"href":"https:\/\/cloudsupplyvapes.com\/es\/wp-json\/wp\/v2\/product_brand?post=686"},{"taxonomy":"product_cat","embeddable":true,"href":"https:\/\/cloudsupplyvapes.com\/es\/wp-json\/wp\/v2\/product_cat?post=686"},{"taxonomy":"product_tag","embeddable":true,"href":"https:\/\/cloudsupplyvapes.com\/es\/wp-json\/wp\/v2\/product_tag?post=686"}],"curies":[{"name":"wp","href":"https:\/\/api.w.org\/{rel}","templated":true}]}}