{"id":687,"date":"2024-10-19T02:14:17","date_gmt":"2024-10-19T02:14:17","guid":{"rendered":"https:\/\/cloudsupplyvapes.com\/?post_type=product&#038;p=687"},"modified":"2024-11-26T09:31:10","modified_gmt":"2024-11-26T09:31:10","slug":"-14","status":"publish","type":"product","link":"https:\/\/cloudsupplyvapes.com\/es\/product\/iget-mega-3000-puff-disposable-wholesale\/","title":{"rendered":"Iget Mega 3000 Puff Vape desechable al por mayor Dise\u00f1o compacto y apto para principiantes"},"content":{"rendered":"<p>Sabor:<br \/>\nBebida energ\u00e9tica<br \/>\nHielo de mora y frambuesa<br \/>\nHielo de ar\u00e1ndanos<br \/>\nCereza Cola<br \/>\nHielo de uva<br \/>\nKiwi Granada<br \/>\nHielo exuberante<br \/>\nHielo de menta<br \/>\nFrutas variadas<br \/>\nFruta de la pasi\u00f3n Mango<br \/>\nMelocot\u00f3n Manzana<br \/>\nZumo de pi\u00f1a helado<br \/>\nHielo de fresa y pl\u00e1tano<br \/>\nFresa Kiwi Ice<br \/>\nFresa Mango<br \/>\nSand\u00eda con fresa<\/p>\n<p>&nbsp;<\/p>\n<h5>Caracter\u00edsticas:<\/h5>\n<ul>\n<li>- 1 x Dispositivo desechable IGET Mega<\/li>\n<li>- Pre-llenado: 10mL Sal Nic<\/li>\n<li>- PESO NETO: 77 g<\/li>\n<li>- Precargado, basta con soplar el dispositivo para activarlo<\/li>\n<li>- Nicotina Salada: 5%, (50MG) de Nic Salada en el interior para un golpe de garganta preciso estilo cigarrillo.<\/li>\n<li>- Hasta 3000+ Puffs por desechable<\/li>\n<li>- Compacto, ligero y port\u00e1til<\/li>\n<\/ul>","protected":false},"excerpt":{"rendered":"<p>Iget Mega 3000 Puff Vape desechable al por mayor ofrece un dise\u00f1o compacto, la producci\u00f3n de vapor suave, y un rendimiento constante para las sesiones vaping r\u00e1pido y agradable.<\/p>","protected":false},"featured_media":748,"comment_status":"open","ping_status":"closed","template":"","meta":[],"product_brand":[],"product_cat":[22],"product_tag":[64],"class_list":{"0":"post-687","1":"product","2":"type-product","3":"status-publish","4":"has-post-thumbnail","6":"product_cat-disposable-vape-sticks","7":"product_tag-iget","9":"first","10":"instock","11":"shipping-taxable","12":"purchasable","13":"product-type-simple"},"jetpack_sharing_enabled":true,"tiered_pricing_type":"fixed","tiered_pricing_fixed_rules":{"5000":9,"10000":8,"30000":7},"tiered_pricing_product_settings":{"layout":"default","base_unit_name":{"singular":null,"plural":null},"default_variation":null},"tiered_pricing_minimum_quantity":10,"tiered_pricing_roles_data":[],"tiered_pricing_percentage_rules":[],"tiered_pricing_maximum_quantity":null,"tiered_pricing_quantity_step":null,"_links":{"self":[{"href":"https:\/\/cloudsupplyvapes.com\/es\/wp-json\/wp\/v2\/product\/687","targetHints":{"allow":["GET"]}}],"collection":[{"href":"https:\/\/cloudsupplyvapes.com\/es\/wp-json\/wp\/v2\/product"}],"about":[{"href":"https:\/\/cloudsupplyvapes.com\/es\/wp-json\/wp\/v2\/types\/product"}],"replies":[{"embeddable":true,"href":"https:\/\/cloudsupplyvapes.com\/es\/wp-json\/wp\/v2\/comments?post=687"}],"wp:featuredmedia":[{"embeddable":true,"href":"https:\/\/cloudsupplyvapes.com\/es\/wp-json\/wp\/v2\/media\/748"}],"wp:attachment":[{"href":"https:\/\/cloudsupplyvapes.com\/es\/wp-json\/wp\/v2\/media?parent=687"}],"wp:term":[{"taxonomy":"product_brand","embeddable":true,"href":"https:\/\/cloudsupplyvapes.com\/es\/wp-json\/wp\/v2\/product_brand?post=687"},{"taxonomy":"product_cat","embeddable":true,"href":"https:\/\/cloudsupplyvapes.com\/es\/wp-json\/wp\/v2\/product_cat?post=687"},{"taxonomy":"product_tag","embeddable":true,"href":"https:\/\/cloudsupplyvapes.com\/es\/wp-json\/wp\/v2\/product_tag?post=687"}],"curies":[{"name":"wp","href":"https:\/\/api.w.org\/{rel}","templated":true}]}}