{"id":7104,"date":"2024-10-19T02:51:05","date_gmt":"2024-10-19T02:51:05","guid":{"rendered":"https:\/\/cloudsupplyvapes.com\/?post_type=product&#038;p=7104"},"modified":"2024-11-25T08:51:38","modified_gmt":"2024-11-25T08:51:38","slug":"-227","status":"publish","type":"product","link":"https:\/\/cloudsupplyvapes.com\/es\/product\/al-fakher-crown-bar-crystal-9000-puffs-disposable-vape-wholesale\/","title":{"rendered":"AL FAKHER Crown Bar Cristal 9000 Puffs Vape Desechable Mayorista Dise\u00f1o Elegante Port\u00e1til"},"content":{"rendered":"<h2>AL FAKHER Barra Corona Cristal 9000<\/h2>\n<ul class=\"top\">\n<li>Marca:\u00a0<b>AL FAKHER<\/b><\/li>\n<li>Unidad: set<\/li>\n<li>Tipo:\u00a0<b>Vape desechable<\/b><\/li>\n<li>Peso neto: 68(g)<\/li>\n<\/ul>\n<p>El sistema calcular\u00e1 autom\u00e1ticamente los gastos de env\u00edo combinados despu\u00e9s de que elija el destino del env\u00edo en el paso de pago.<\/p>\n<div class=\"title\">AL FAKHER Crown Bar Cristal 9000 INTRODUCCI\u00d3N<\/div>\n<p><b>AL FAKHER Barra Corona Cristal 9000\u00a0<\/b>viene con 14ml de jugo de vape precargado, una bater\u00eda recargable de 650mAh, una bobina de malla, una pantalla digital para la bater\u00eda y el nivel de jugo y puede producir alrededor de 9000 caladas en total. Con una gran capacidad de zumo, AL FAKHER Crystal 9000 puede ofrecer unas 9000 caladas como se describe. Una potente bater\u00eda asegura que no necesites recargarlo frecuentemente. Si te preocupa el estado de la bater\u00eda o el nivel de zumo, s\u00f3lo tienes que comprobar la pantalla digital. AL FAKHER Crown Bar Crystal 9000 hace que su vapeo sea c\u00f3modo y f\u00e1cil.<\/p>\n<p class=\"second-title\">Caracter\u00edsticas<\/p>\n<p>- E-l\u00edquido precargado de 14mL<\/p>\n<p>- 5%(50mg) Nicotina<\/p>\n<p>- Bater\u00eda recargable de 650 mAh<\/p>\n<p>- Aproximadamente 9000 Puffs<\/p>\n<p>- Puerto Tipo-C<\/p>\n<p>- Bobina de malla de 1,0ohm<\/p>\n<p>- Activado por sorteo<\/p>\n<p>- MTL Vaping<\/p>\n<p>- Pantalla digital para bater\u00eda y e-l\u00edquido<\/p>","protected":false},"excerpt":{"rendered":"<p>El AL FAKHER Crown Bar Crystal 9000 Puffs Vape desechable al por mayor cuenta con un dise\u00f1o elegante y port\u00e1til, que ofrece vapor suave y un rendimiento constante para vapear sobre la marcha.<\/p>","protected":false},"featured_media":7330,"comment_status":"open","ping_status":"closed","template":"","meta":[],"product_brand":[],"product_cat":[22],"product_tag":[468],"class_list":{"0":"post-7104","1":"product","2":"type-product","3":"status-publish","4":"has-post-thumbnail","6":"product_cat-disposable-vape-sticks","7":"product_tag-al-fakher","9":"first","10":"instock","11":"shipping-taxable","12":"purchasable","13":"product-type-simple"},"jetpack_sharing_enabled":true,"tiered_pricing_type":"fixed","tiered_pricing_fixed_rules":{"1000":15,"10000":13,"50000":11},"tiered_pricing_product_settings":{"layout":"default","base_unit_name":{"singular":null,"plural":null},"default_variation":null},"tiered_pricing_minimum_quantity":100,"tiered_pricing_roles_data":[],"tiered_pricing_percentage_rules":[],"tiered_pricing_maximum_quantity":null,"tiered_pricing_quantity_step":null,"_links":{"self":[{"href":"https:\/\/cloudsupplyvapes.com\/es\/wp-json\/wp\/v2\/product\/7104","targetHints":{"allow":["GET"]}}],"collection":[{"href":"https:\/\/cloudsupplyvapes.com\/es\/wp-json\/wp\/v2\/product"}],"about":[{"href":"https:\/\/cloudsupplyvapes.com\/es\/wp-json\/wp\/v2\/types\/product"}],"replies":[{"embeddable":true,"href":"https:\/\/cloudsupplyvapes.com\/es\/wp-json\/wp\/v2\/comments?post=7104"}],"wp:featuredmedia":[{"embeddable":true,"href":"https:\/\/cloudsupplyvapes.com\/es\/wp-json\/wp\/v2\/media\/7330"}],"wp:attachment":[{"href":"https:\/\/cloudsupplyvapes.com\/es\/wp-json\/wp\/v2\/media?parent=7104"}],"wp:term":[{"taxonomy":"product_brand","embeddable":true,"href":"https:\/\/cloudsupplyvapes.com\/es\/wp-json\/wp\/v2\/product_brand?post=7104"},{"taxonomy":"product_cat","embeddable":true,"href":"https:\/\/cloudsupplyvapes.com\/es\/wp-json\/wp\/v2\/product_cat?post=7104"},{"taxonomy":"product_tag","embeddable":true,"href":"https:\/\/cloudsupplyvapes.com\/es\/wp-json\/wp\/v2\/product_tag?post=7104"}],"curies":[{"name":"wp","href":"https:\/\/api.w.org\/{rel}","templated":true}]}}