{"id":7170,"date":"2024-10-19T02:51:26","date_gmt":"2024-10-19T02:51:26","guid":{"rendered":"https:\/\/cloudsupplyvapes.com\/?post_type=product&#038;p=7170"},"modified":"2024-11-25T08:51:27","modified_gmt":"2024-11-25T08:51:27","slug":"-228","status":"publish","type":"product","link":"https:\/\/cloudsupplyvapes.com\/es\/product\/ijoy-captain-10000-puffs-disposable-vape-wholesale\/","title":{"rendered":"IJOY Captain 10000 Puffs Vape Desechable Recargable al por mayor Dise\u00f1o a prueba de fugas"},"content":{"rendered":"<h2>IJOY Captain 10000 Disposable Vape<\/h2>\n<ul class=\"top\">\n<li style=\"list-style-type: none;\">\n<ul class=\"top\">\n<li>Marca:\u00a0<b>IJOY<\/b><\/li>\n<li>Unidad: set<\/li>\n<li>Tipo:\u00a0<b>Vape desechable<\/b><\/li>\n<li>Peso neto: 70(g)<\/li>\n<\/ul>\n<\/li>\n<\/ul>\n<p>El sistema calcular\u00e1 autom\u00e1ticamente los gastos de env\u00edo combinados despu\u00e9s de que elija el destino del env\u00edo en el paso de pago.<\/p>\n<div class=\"title\">IJOY Captain 10000 Disposable Vape INTRODUCTION<\/div>\n<p><b>IJOY Captain 10000 Disposable Vape<\/b>\u00a0comes with 18ml pre-filled vape juice, a rechargeable 650mAh battery, a smart display screen and can provide you with up to\u00a0<a href=\"https:\/\/vapesourcing.com\/10000-puffs.html\" target=\"_blank\" rel=\"noopener\">10000 bocanadas<\/a>\u00a0in total. With a leather grip, iJOY Captain is comfortable to hold in your hand. Besides the attractive and fashionable outlook, it is also practical. iJOY Captain is perfect for on-the-go vaping without frequent recharging. You only need to check the smart display from time to time to see whether the power runs out. Also, you can switch between S mode (Powerful\/Preferable) and D mode (Smooth\/Comfortable). It is time to ditch the outdated disposables and try iJOY Captain.<\/p>\n<p class=\"second-title\">Caracter\u00edsticas<\/p>\n<p>- E-l\u00edquido precargado de 18ml<\/p>\n<p>- 5%(50mg) Potencia de nicotina<\/p>\n<p>- Carga USB Type-C (cable no incluido)<\/p>\n<p>- Aproximadamente 10000 Puffs<\/p>\n<p>- Activado por sorteo<\/p>\n<p>\u2022 S\/D Mode<\/p>\n<p>\u2022 Display Screen of Battery and Liquid Level<\/p>\n<p>- MTL Vaping<\/p>","protected":false},"excerpt":{"rendered":"<p>The IJOY Captain 10000 Puffs Disposable Vape Wholesale combines a rechargeable battery, leak-proof design, and premium materials for hassle-free and long-lasting vaping.<\/p>","protected":false},"featured_media":7364,"comment_status":"open","ping_status":"closed","template":"","meta":[],"product_brand":[],"product_cat":[22],"product_tag":[],"class_list":{"0":"post-7170","1":"product","2":"type-product","3":"status-publish","4":"has-post-thumbnail","6":"product_cat-disposable-vape-sticks","8":"first","9":"instock","10":"shipping-taxable","11":"purchasable","12":"product-type-simple"},"jetpack_sharing_enabled":true,"tiered_pricing_type":"fixed","tiered_pricing_fixed_rules":{"1000":16,"10000":14,"50000":12},"tiered_pricing_product_settings":{"layout":"default","base_unit_name":{"singular":null,"plural":null},"default_variation":null},"tiered_pricing_minimum_quantity":100,"tiered_pricing_roles_data":[],"tiered_pricing_percentage_rules":[],"tiered_pricing_maximum_quantity":null,"tiered_pricing_quantity_step":null,"_links":{"self":[{"href":"https:\/\/cloudsupplyvapes.com\/es\/wp-json\/wp\/v2\/product\/7170","targetHints":{"allow":["GET"]}}],"collection":[{"href":"https:\/\/cloudsupplyvapes.com\/es\/wp-json\/wp\/v2\/product"}],"about":[{"href":"https:\/\/cloudsupplyvapes.com\/es\/wp-json\/wp\/v2\/types\/product"}],"replies":[{"embeddable":true,"href":"https:\/\/cloudsupplyvapes.com\/es\/wp-json\/wp\/v2\/comments?post=7170"}],"wp:featuredmedia":[{"embeddable":true,"href":"https:\/\/cloudsupplyvapes.com\/es\/wp-json\/wp\/v2\/media\/7364"}],"wp:attachment":[{"href":"https:\/\/cloudsupplyvapes.com\/es\/wp-json\/wp\/v2\/media?parent=7170"}],"wp:term":[{"taxonomy":"product_brand","embeddable":true,"href":"https:\/\/cloudsupplyvapes.com\/es\/wp-json\/wp\/v2\/product_brand?post=7170"},{"taxonomy":"product_cat","embeddable":true,"href":"https:\/\/cloudsupplyvapes.com\/es\/wp-json\/wp\/v2\/product_cat?post=7170"},{"taxonomy":"product_tag","embeddable":true,"href":"https:\/\/cloudsupplyvapes.com\/es\/wp-json\/wp\/v2\/product_tag?post=7170"}],"curies":[{"name":"wp","href":"https:\/\/api.w.org\/{rel}","templated":true}]}}