{"id":7171,"date":"2024-10-19T02:51:27","date_gmt":"2024-10-19T02:51:27","guid":{"rendered":"https:\/\/cloudsupplyvapes.com\/?post_type=product&#038;p=7171"},"modified":"2024-11-25T08:51:12","modified_gmt":"2024-11-25T08:51:12","slug":"-229","status":"publish","type":"product","link":"https:\/\/cloudsupplyvapes.com\/es\/product\/ijoy-mars-cabin-6000-puffs-disposable-vape-wholesale\/","title":{"rendered":"IJOY Mars Cabin 6000 Puffs Vape Desechable al por mayor Compacto Vape de larga duraci\u00f3n"},"content":{"rendered":"<h2>IJOY Mars Cabin 6000 Vape desechable<\/h2>\n<ul class=\"top\">\n<li>Marca:\u00a0<b>IJOY<\/b><\/li>\n<li>Unidad: set<\/li>\n<li>Tipo:\u00a0<b>Vape desechable<\/b><\/li>\n<li>Peso neto: 68(g)<\/li>\n<\/ul>\n<p>El sistema calcular\u00e1 autom\u00e1ticamente los gastos de env\u00edo combinados despu\u00e9s de que elija el destino del env\u00edo en el paso de pago.<\/p>\n<div class=\"title\">IJOY Mars Cabin 6000 Vape Desechable INTRODUCCI\u00d3N<\/div>\n<p><b>IJOY Mars Cabin 6000 Vape desechable\u00a0<\/b>cuenta con una bater\u00eda recargable de 100mAh en cada kit desechable, un estuche de carga de 1000mAh, 5ml de zumo de vapeo precargado en cada kit y puede producir unas 6000 caladas en total. IJOY Mars Cabin nunca se apaga gracias a su potente estuche de carga de 1000mAh. S\u00f3lo tiene que poner los vapes desechables en la ranura para recargar. Cada paquete viene con dos kits elegantes y port\u00e1tiles que ofrecen unas 6000 caladas en total. \u00bfEst\u00e1s harto de encontrar cables de carga para tus vapeadores desechables? Prueba IJOY Mars Cabin para otra forma de carga inal\u00e1mbrica.<\/p>\n<p class=\"second-title\">Caracter\u00edsticas<\/p>\n<p>- E-l\u00edquido precargado de 10 ml<\/p>\n<p>- 5%(50mg) Potencia de nicotina<\/p>\n<p>- Capacidad de la bater\u00eda del kit de vape desechable: Recargable 100mAh<\/p>\n<p>- Suma de Puffs: Aproximadamente 6000 Puffs<\/p>\n<p>- Estuche de carga inteligente de 1000 mAh: recargable tipo C (cable no incluido)<\/p>\n<p>- Activado por sorteo<\/p>\n<p>- MTL Vaping<\/p>\n<p>- 3-1 Pantalla inteligente<\/p>","protected":false},"excerpt":{"rendered":"<p>El vaporizador desechable IJOY Mars Cabin 6000 Puffs ofrece un dise\u00f1o compacto, una bater\u00eda de larga duraci\u00f3n y una salida de vapor suave para una experiencia de vapeo c\u00f3moda y port\u00e1til.<\/p>","protected":false},"featured_media":7370,"comment_status":"open","ping_status":"closed","template":"","meta":[],"product_brand":[],"product_cat":[22],"product_tag":[],"class_list":{"0":"post-7171","1":"product","2":"type-product","3":"status-publish","4":"has-post-thumbnail","6":"product_cat-disposable-vape-sticks","8":"first","9":"instock","10":"shipping-taxable","11":"purchasable","12":"product-type-simple"},"jetpack_sharing_enabled":true,"tiered_pricing_type":"fixed","tiered_pricing_fixed_rules":{"1000":12,"10000":10,"50000":8},"tiered_pricing_product_settings":{"layout":"default","base_unit_name":{"singular":null,"plural":null},"default_variation":null},"tiered_pricing_minimum_quantity":100,"tiered_pricing_roles_data":[],"tiered_pricing_percentage_rules":[],"tiered_pricing_maximum_quantity":null,"tiered_pricing_quantity_step":null,"_links":{"self":[{"href":"https:\/\/cloudsupplyvapes.com\/es\/wp-json\/wp\/v2\/product\/7171","targetHints":{"allow":["GET"]}}],"collection":[{"href":"https:\/\/cloudsupplyvapes.com\/es\/wp-json\/wp\/v2\/product"}],"about":[{"href":"https:\/\/cloudsupplyvapes.com\/es\/wp-json\/wp\/v2\/types\/product"}],"replies":[{"embeddable":true,"href":"https:\/\/cloudsupplyvapes.com\/es\/wp-json\/wp\/v2\/comments?post=7171"}],"wp:featuredmedia":[{"embeddable":true,"href":"https:\/\/cloudsupplyvapes.com\/es\/wp-json\/wp\/v2\/media\/7370"}],"wp:attachment":[{"href":"https:\/\/cloudsupplyvapes.com\/es\/wp-json\/wp\/v2\/media?parent=7171"}],"wp:term":[{"taxonomy":"product_brand","embeddable":true,"href":"https:\/\/cloudsupplyvapes.com\/es\/wp-json\/wp\/v2\/product_brand?post=7171"},{"taxonomy":"product_cat","embeddable":true,"href":"https:\/\/cloudsupplyvapes.com\/es\/wp-json\/wp\/v2\/product_cat?post=7171"},{"taxonomy":"product_tag","embeddable":true,"href":"https:\/\/cloudsupplyvapes.com\/es\/wp-json\/wp\/v2\/product_tag?post=7171"}],"curies":[{"name":"wp","href":"https:\/\/api.w.org\/{rel}","templated":true}]}}