{"id":7336,"date":"2024-10-19T02:52:15","date_gmt":"2024-10-19T02:52:15","guid":{"rendered":"https:\/\/cloudsupplyvapes.com\/?post_type=product&#038;p=7336"},"modified":"2024-11-25T08:51:00","modified_gmt":"2024-11-25T08:51:00","slug":"-290","status":"publish","type":"product","link":"https:\/\/cloudsupplyvapes.com\/es\/product\/bang-beach-20000-puff-disposable-vape-wholesale\/","title":{"rendered":"Bang Beach 20000 Puff Vape desechable al por mayor de alta capacidad de construcci\u00f3n duradera"},"content":{"rendered":"<h2>Sabores disponibles:<\/h2>\n<ol>\n<li>Hielo triple de bayas<\/li>\n<li>Limonada rosa<\/li>\n<li>Ar\u00e1ndano Frambuesa<\/li>\n<li>Mezcla de bayas<\/li>\n<li>Sand\u00eda con fresa<\/li>\n<li>Fresa helada<\/li>\n<li>Hielo de uva<\/li>\n<li>Melocot\u00f3n Mango<\/li>\n<li>Hielo Razz Azul<\/li>\n<li>Manzana \u00e1cida<\/li>\n<li>Hielo de sand\u00eda<\/li>\n<li>Melocot\u00f3n helado<\/li>\n<\/ol>\n<h3>Especificaciones del Vape Desechable Bang Beach 20000<\/h3>\n<table>\n<thead>\n<tr>\n<th><strong>Caracter\u00edstica<\/strong><\/th>\n<th><strong>Especificaci\u00f3n<\/strong><\/th>\n<\/tr>\n<\/thead>\n<tbody>\n<tr>\n<td>Capacidad de la bater\u00eda<\/td>\n<td>650 mAh<\/td>\n<\/tr>\n<tr>\n<td>Capacidad de e-l\u00edquido<\/td>\n<td>35 ml<\/td>\n<\/tr>\n<tr>\n<td>Potencia de nicotina<\/td>\n<td>0%, 0,2%, 3%, 5%(por defecto)<\/td>\n<\/tr>\n<tr>\n<td>Puffs<\/td>\n<td>Hasta 25.000 caladas<\/td>\n<\/tr>\n<tr>\n<td>Peso del paquete<\/td>\n<td>21 kg\/200 piezas<\/td>\n<\/tr>\n<\/tbody>\n<\/table>\n<h3>Caracter\u00edsticas principales:<\/h3>\n<ul>\n<li><strong>Amplia gama de sabores:<\/strong> Ofrece una variedad de 12 deliciosos sabores, desde el dulce y \u00e1cido hasta el refrescante helado, para satisfacer los gustos m\u00e1s variados.<\/li>\n<li><strong>Extraordinaria capacidad de e-l\u00edquido:<\/strong> Viene con una generosa cantidad de 35 ml de e-l\u00edquido, lo que garantiza sesiones de vapeo prolongadas sin recargas frecuentes.<\/li>\n<li><strong>Conteo de Puff Extendido:<\/strong> Dise\u00f1ada para hasta 25000 caladas, perfecta para un uso duradero y un rendimiento constante.<\/li>\n<li><strong>Niveles de nicotina flexibles:<\/strong> Disponible en varias concentraciones de nicotina, tanto para nuevos usuarios como para vapeadores experimentados.<\/li>\n<li><strong>Fuente de alimentaci\u00f3n fiable:<\/strong> Funciona con una robusta bater\u00eda de 650 mAh que admite un uso intensivo durante toda la vida \u00fatil del dispositivo.<\/li>\n<\/ul>\n<h3>\u00bfPor qu\u00e9 elegir Bang Beach 20000?<\/h3>\n<p>El Bang Beach 20000 es ideal para los vapeadores que aprecian una experiencia de vapeo de gran capacidad y rica en sabor. Con su gran volumen de e-l\u00edquido y un amplio recuento de caladas, este vapeador ofrece un rendimiento y una satisfacci\u00f3n sin precedentes, garantizando que cada sesi\u00f3n sea tan agradable como la anterior.<\/p>","protected":false},"excerpt":{"rendered":"<p>El Bang Beach 20000 Puff Vape Desechable al por mayor cuenta con un dise\u00f1o de alta capacidad y una construcci\u00f3n duradera, ofreciendo un rendimiento constante y vapor suave para sesiones de vapeo prolongadas.<\/p>","protected":false},"featured_media":8920,"comment_status":"open","ping_status":"closed","template":"","meta":[],"product_brand":[],"product_cat":[481,22],"product_tag":[31],"class_list":{"0":"post-7336","1":"product","2":"type-product","3":"status-publish","4":"has-post-thumbnail","6":"product_cat-bang","7":"product_cat-disposable-vape-sticks","8":"product_tag-bang","10":"first","11":"instock","12":"shipping-taxable","13":"purchasable","14":"product-type-simple"},"jetpack_sharing_enabled":true,"tiered_pricing_type":"fixed","tiered_pricing_fixed_rules":[],"tiered_pricing_product_settings":{"layout":"default","base_unit_name":{"singular":null,"plural":null},"default_variation":null},"tiered_pricing_minimum_quantity":30,"tiered_pricing_roles_data":[],"tiered_pricing_percentage_rules":[],"tiered_pricing_maximum_quantity":null,"tiered_pricing_quantity_step":"10","_links":{"self":[{"href":"https:\/\/cloudsupplyvapes.com\/es\/wp-json\/wp\/v2\/product\/7336","targetHints":{"allow":["GET"]}}],"collection":[{"href":"https:\/\/cloudsupplyvapes.com\/es\/wp-json\/wp\/v2\/product"}],"about":[{"href":"https:\/\/cloudsupplyvapes.com\/es\/wp-json\/wp\/v2\/types\/product"}],"replies":[{"embeddable":true,"href":"https:\/\/cloudsupplyvapes.com\/es\/wp-json\/wp\/v2\/comments?post=7336"}],"wp:featuredmedia":[{"embeddable":true,"href":"https:\/\/cloudsupplyvapes.com\/es\/wp-json\/wp\/v2\/media\/8920"}],"wp:attachment":[{"href":"https:\/\/cloudsupplyvapes.com\/es\/wp-json\/wp\/v2\/media?parent=7336"}],"wp:term":[{"taxonomy":"product_brand","embeddable":true,"href":"https:\/\/cloudsupplyvapes.com\/es\/wp-json\/wp\/v2\/product_brand?post=7336"},{"taxonomy":"product_cat","embeddable":true,"href":"https:\/\/cloudsupplyvapes.com\/es\/wp-json\/wp\/v2\/product_cat?post=7336"},{"taxonomy":"product_tag","embeddable":true,"href":"https:\/\/cloudsupplyvapes.com\/es\/wp-json\/wp\/v2\/product_tag?post=7336"}],"curies":[{"name":"wp","href":"https:\/\/api.w.org\/{rel}","templated":true}]}}