{"id":7340,"date":"2024-10-19T02:52:16","date_gmt":"2024-10-19T02:52:16","guid":{"rendered":"https:\/\/cloudsupplyvapes.com\/?post_type=product&#038;p=7340"},"modified":"2024-11-25T08:27:46","modified_gmt":"2024-11-25T08:27:46","slug":"-232","status":"publish","type":"product","link":"https:\/\/cloudsupplyvapes.com\/es\/product\/iget-star-l7000-7000-puffs-disposable-vape-wholesale\/","title":{"rendered":"Iget Star L7000 7000 Puffs Vape Desechable Al Por Mayor Ultra Port\u00e1til Rendimiento Duradero"},"content":{"rendered":"<div><strong>IGET Star 7000 Puffs Vape\uff1a<\/strong><\/div>\n<div>Peso neto: 73 g<\/div>\n<div>Tama\u00f1o\uff1a42,5 X 23 X 94 mm<\/div>\n<div>Resistencia de la bobina: 1.2 Mesh Coil<\/div>\n<div>Material: ALU + PCTG<\/div>\n<div>Puffs: Hasta 7000<\/div>\n<div>Capacidad de E-l\u00edquido\uff1a18 mL<\/div>\n<div>Capacidad de la bater\u00eda: 550 mAh<\/div>\n<div>Puerto de carga: Tipo-C<\/div>\n<div><\/div>\n<div><strong>Sabores:<\/strong><\/div>\n<div>Hielo de mora<\/div>\n<div>Hielo de ar\u00e1ndanos<\/div>\n<div>Cereza helada<\/div>\n<div>Cola Ice<\/div>\n<div>Manzana doble<\/div>\n<div>Hielo de uva<\/div>\n<div>Hielo exuberante<\/div>\n<div>Mango Ice<\/div>\n<div>Hielo de mango y fruta de la pasi\u00f3n<\/div>\n<div>Melocot\u00f3n helado<\/div>\n<div>Zumo de pi\u00f1a helado<\/div>\n<div>Fresa Kiwi<\/div>\n<div>Sand\u00eda con fresa<\/div>","protected":false},"excerpt":{"rendered":"<p>El Iget Star L7000 7000 Puffs Vape desechable al por mayor ofrece un rendimiento ultra-port\u00e1til, una bater\u00eda de larga duraci\u00f3n, y un dise\u00f1o elegante para vaping conveniente sobre la marcha.<\/p>","protected":false},"featured_media":7483,"comment_status":"open","ping_status":"closed","template":"","meta":[],"product_brand":[],"product_cat":[22],"product_tag":[64],"class_list":{"0":"post-7340","1":"product","2":"type-product","3":"status-publish","4":"has-post-thumbnail","6":"product_cat-disposable-vape-sticks","7":"product_tag-iget","9":"first","10":"instock","11":"shipping-taxable","12":"purchasable","13":"product-type-simple"},"jetpack_sharing_enabled":true,"tiered_pricing_type":"fixed","tiered_pricing_fixed_rules":{"1000":16,"10000":14,"50000":12},"tiered_pricing_product_settings":{"layout":"default","base_unit_name":{"singular":null,"plural":null},"default_variation":null},"tiered_pricing_minimum_quantity":100,"tiered_pricing_roles_data":[],"tiered_pricing_percentage_rules":[],"tiered_pricing_maximum_quantity":null,"tiered_pricing_quantity_step":null,"_links":{"self":[{"href":"https:\/\/cloudsupplyvapes.com\/es\/wp-json\/wp\/v2\/product\/7340","targetHints":{"allow":["GET"]}}],"collection":[{"href":"https:\/\/cloudsupplyvapes.com\/es\/wp-json\/wp\/v2\/product"}],"about":[{"href":"https:\/\/cloudsupplyvapes.com\/es\/wp-json\/wp\/v2\/types\/product"}],"replies":[{"embeddable":true,"href":"https:\/\/cloudsupplyvapes.com\/es\/wp-json\/wp\/v2\/comments?post=7340"}],"wp:featuredmedia":[{"embeddable":true,"href":"https:\/\/cloudsupplyvapes.com\/es\/wp-json\/wp\/v2\/media\/7483"}],"wp:attachment":[{"href":"https:\/\/cloudsupplyvapes.com\/es\/wp-json\/wp\/v2\/media?parent=7340"}],"wp:term":[{"taxonomy":"product_brand","embeddable":true,"href":"https:\/\/cloudsupplyvapes.com\/es\/wp-json\/wp\/v2\/product_brand?post=7340"},{"taxonomy":"product_cat","embeddable":true,"href":"https:\/\/cloudsupplyvapes.com\/es\/wp-json\/wp\/v2\/product_cat?post=7340"},{"taxonomy":"product_tag","embeddable":true,"href":"https:\/\/cloudsupplyvapes.com\/es\/wp-json\/wp\/v2\/product_tag?post=7340"}],"curies":[{"name":"wp","href":"https:\/\/api.w.org\/{rel}","templated":true}]}}