{"id":7341,"date":"2024-10-19T02:52:16","date_gmt":"2024-10-19T02:52:16","guid":{"rendered":"https:\/\/cloudsupplyvapes.com\/?post_type=product&#038;p=7341"},"modified":"2024-11-25T08:27:35","modified_gmt":"2024-11-25T08:27:35","slug":"-233","status":"publish","type":"product","link":"https:\/\/cloudsupplyvapes.com\/es\/product\/al-fakher-crown-bar-8000-puffs-rechargeable-disposable-vape-wholesale\/","title":{"rendered":"Al Fakher Crown Bar 8000 Puffs Recargable Vape Desechable Soluci\u00f3n Port\u00e1til Ligero al por mayor"},"content":{"rendered":"<p>El dispositivo desechable Al Fakher Crown Bar 8000 puffs es un dispositivo de forma \u00fanica que contiene una bater\u00eda recargable USB-C de 600mAh, 18mL de delicioso e-l\u00edquido y te durar\u00e1 8000 puffs. El Al Fakher Crown Bar produce grandes nubes y el logotipo est\u00e1 incrustado en el dispositivo para un tema interesante para las discusiones sociales. El Al Fakher Crown Bar 8000 caladas le durar\u00e1 d\u00edas y se carga f\u00e1cilmente sobre la marcha.<\/p>\n<p><strong>Caracter\u00edsticas:<\/strong><\/p>\n<p>Capacidad: 18 ml<br \/>\nPotencia de nicotina: 5% (50mg)<br \/>\nCapacidad de la bater\u00eda: USB-C Recargable 600mAh<br \/>\nCantidad de Puffs: Aproximadamente 8000 Puffs<br \/>\nDirecto al pulm\u00f3n (DTL)<br \/>\nBobina de malla<\/p>\n<p><strong>Sabores:<\/strong><br \/>\nHielo de bayas<br \/>\nMenta<br \/>\nGrosella negra helada<br \/>\nGoma de ar\u00e1ndano<br \/>\nLimonada Blue Razz<br \/>\nFiesta de la cereza<br \/>\nMenta uva<br \/>\nSabor a chicle<br \/>\nChicle Menta<br \/>\nMenta lim\u00f3n<br \/>\nSue\u00f1o l\u00facido<br \/>\nHielo exuberante<br \/>\nAmor m\u00e1gico<br \/>\nMango Ice<br \/>\nMenta<br \/>\nMelocot\u00f3n helado<br \/>\nPonche de fresa<br \/>\nFruta de la pasi\u00f3n dulce<br \/>\nDos manzanas<br \/>\nFlash blanco<\/p>\n<p><a href=\"https:\/\/i0.wp.com\/shop.vape.hk\/wp-content\/uploads\/2024\/03\/%E5%BE%AE%E4%BF%A1%E5%9B%BE%E7%89%87_20240313163106.jpg?ssl=1\" target=\"_blank\" rel=\"noopener\"><img data-recalc-dims=\"1\" loading=\"lazy\" decoding=\"async\" class=\"alignnone size-full wp-image-128801\" src=\"https:\/\/i0.wp.com\/shop.vape.hk\/wp-content\/uploads\/2024\/03\/%E5%BE%AE%E4%BF%A1%E5%9B%BE%E7%89%87_20240313163106.jpg?resize=1020%2C1020&#038;ssl=1\" alt=\"Al Fakher Crown Bar 8000 Puffs Recargable Vape Desechable | Venta al por mayor\" width=\"1020\" height=\"1020\" title=\"\"><\/a><\/p>","protected":false},"excerpt":{"rendered":"<p>El Al Fakher Crown Bar 8000 Puffs recargable Vape desechable al por mayor ofrece una construcci\u00f3n ligera, dise\u00f1o recargable, y la producci\u00f3n de vapor suave para vaping port\u00e1til y fiable.<\/p>","protected":false},"featured_media":7489,"comment_status":"open","ping_status":"closed","template":"","meta":[],"product_brand":[],"product_cat":[22],"product_tag":[468],"class_list":{"0":"post-7341","1":"product","2":"type-product","3":"status-publish","4":"has-post-thumbnail","6":"product_cat-disposable-vape-sticks","7":"product_tag-al-fakher","9":"first","10":"instock","11":"shipping-taxable","12":"purchasable","13":"product-type-simple"},"jetpack_sharing_enabled":true,"tiered_pricing_type":"fixed","tiered_pricing_fixed_rules":{"1000":9,"10000":8.5,"50000":8},"tiered_pricing_product_settings":{"layout":"default","base_unit_name":{"singular":null,"plural":null},"default_variation":null},"tiered_pricing_minimum_quantity":100,"tiered_pricing_roles_data":[],"tiered_pricing_percentage_rules":[],"tiered_pricing_maximum_quantity":null,"tiered_pricing_quantity_step":null,"_links":{"self":[{"href":"https:\/\/cloudsupplyvapes.com\/es\/wp-json\/wp\/v2\/product\/7341","targetHints":{"allow":["GET"]}}],"collection":[{"href":"https:\/\/cloudsupplyvapes.com\/es\/wp-json\/wp\/v2\/product"}],"about":[{"href":"https:\/\/cloudsupplyvapes.com\/es\/wp-json\/wp\/v2\/types\/product"}],"replies":[{"embeddable":true,"href":"https:\/\/cloudsupplyvapes.com\/es\/wp-json\/wp\/v2\/comments?post=7341"}],"wp:featuredmedia":[{"embeddable":true,"href":"https:\/\/cloudsupplyvapes.com\/es\/wp-json\/wp\/v2\/media\/7489"}],"wp:attachment":[{"href":"https:\/\/cloudsupplyvapes.com\/es\/wp-json\/wp\/v2\/media?parent=7341"}],"wp:term":[{"taxonomy":"product_brand","embeddable":true,"href":"https:\/\/cloudsupplyvapes.com\/es\/wp-json\/wp\/v2\/product_brand?post=7341"},{"taxonomy":"product_cat","embeddable":true,"href":"https:\/\/cloudsupplyvapes.com\/es\/wp-json\/wp\/v2\/product_cat?post=7341"},{"taxonomy":"product_tag","embeddable":true,"href":"https:\/\/cloudsupplyvapes.com\/es\/wp-json\/wp\/v2\/product_tag?post=7341"}],"curies":[{"name":"wp","href":"https:\/\/api.w.org\/{rel}","templated":true}]}}