{"id":7403,"date":"2024-10-19T02:52:39","date_gmt":"2024-10-19T02:52:39","guid":{"rendered":"https:\/\/cloudsupplyvapes.com\/?post_type=product&#038;p=7403"},"modified":"2024-11-25T08:26:30","modified_gmt":"2024-11-25T08:26:30","slug":"-237","status":"publish","type":"product","link":"https:\/\/cloudsupplyvapes.com\/es\/product\/lost-mary-mt15000-turbo-15000-puffs-disposable-vape-wholesale\/","title":{"rendered":"Lost Mary MT15000 Turbo 15000 Puffs Vape desechable al por mayor de alta capacidad de flujo de aire ajustable"},"content":{"rendered":"<h2>Lost Mary MT15000 Turbo<\/h2>\n<ul class=\"top\">\n<li>Marca:\u00a0<b>Mar\u00eda Perdida<\/b><\/li>\n<li>Unidad: set<\/li>\n<li>Tipo:\u00a0<b>Vape desechable<\/b><\/li>\n<li>Peso neto: 70(g)<\/li>\n<\/ul>\n<p>El sistema calcular\u00e1 autom\u00e1ticamente los gastos de env\u00edo combinados despu\u00e9s de que elija el destino del env\u00edo en el paso de pago.<\/p>\n<h3 class=\"title\">Lost Mary MT15000 Turbo Kit INTRODUCCI\u00d3N<\/h3>\n<p><b>Lost Mary MT15000 Turbo Vape Desechable<\/b>\u00a0cuenta con un Modo Turbo conmutable (mayor nube a 11W) y un Modo Suave (m\u00e1s caladas a 22W) que se adapta a diversas preferencias. Con una capacidad de hasta 15.000 caladas, el MT15000 cuenta con una pantalla de bater\u00eda y e-l\u00edquido que muestra el estado de la bater\u00eda y el nivel de e-l\u00edquido. Adem\u00e1s, la exclusiva edici\u00f3n t\u00e9rmica que cambia de color a\u00f1ade un cautivador elemento visual a tu mano. Utilizando una potencia de nicotina de 5% (50mg) y una bobina de malla dual, incorporando su bater\u00eda recargable de 600mAh, el vapeador MT15000 Turbo combina rendimiento y sabor.<\/p>\n<p class=\"second-title\">Caracter\u00edsticas<\/p>\n<p>- Tama\u00f1o: 40 x 21 x 100 mm<\/p>\n<p>- Hasta 15000 bocanadas<\/p>\n<p>- E-l\u00edquido precargado<\/p>\n<p>- 5%(50mg) Potencia de nicotina<\/p>\n<p>- Bater\u00eda recargable de 600 mAh<\/p>\n<p>- Carga USB Tipo-C (no incluida)<\/p>\n<p>- Activado por sorteo<\/p>\n<p>- Bobina de malla doble<\/p>\n<p>- MTL Vaping<\/p>\n<p>- Pantalla de bater\u00eda y e-l\u00edquido<\/p>\n<p>- Modo Turbo Para 7500 Puffs - 22W<\/p>\n<p>- Modo Suave Para 15000 Puffs - 11W<\/p>\n<p>- Disponible en la edici\u00f3n Thermal Color Changing<\/p>\n<p><a href=\"https:\/\/i0.wp.com\/shop.vape.hk\/wp-content\/uploads\/2024\/03\/us-Lost_Mary_MT15000_Turbo_Disposable_Vape_5__Nicotine-11.jpg?ssl=1\" target=\"_blank\" rel=\"noopener\"><img data-recalc-dims=\"1\" loading=\"lazy\" decoding=\"async\" class=\"alignnone size-full wp-image-128868\" src=\"https:\/\/i0.wp.com\/shop.vape.hk\/wp-content\/uploads\/2024\/03\/us-Lost_Mary_MT15000_Turbo_Disposable_Vape_5__Nicotine-11.jpg?resize=1020%2C693&#038;ssl=1\" alt=\"Lost Mary MT15000 Turbo 15000 Puffs Vape Desechable | Venta al por mayor\" width=\"1020\" height=\"693\" title=\"\"><\/a> <a href=\"https:\/\/i0.wp.com\/shop.vape.hk\/wp-content\/uploads\/2024\/03\/us-Lost_Mary_MT15000_Turbo_Disposable_Vape-11.jpg?ssl=1\" target=\"_blank\" rel=\"noopener\"><img data-recalc-dims=\"1\" loading=\"lazy\" decoding=\"async\" class=\"alignnone size-full wp-image-128884\" src=\"https:\/\/i0.wp.com\/shop.vape.hk\/wp-content\/uploads\/2024\/03\/us-Lost_Mary_MT15000_Turbo_Disposable_Vape-11.jpg?resize=1020%2C683&#038;ssl=1\" alt=\"Lost Mary MT15000 Turbo 15000 Puffs Vape Desechable | Venta al por mayor\" width=\"1020\" height=\"683\" title=\"\"><\/a><\/p>","protected":false},"excerpt":{"rendered":"<p>Lost Mary MT15000 Turbo 15000 Puffs Vape desechable al por mayor ofrece flujo de aire ajustable, alta capacidad, y un aspecto elegante y con estilo, por lo que es una opci\u00f3n de primera calidad para un rendimiento fiable.<\/p>","protected":false},"featured_media":7543,"comment_status":"open","ping_status":"closed","template":"","meta":[],"product_brand":[],"product_cat":[22],"product_tag":[],"class_list":{"0":"post-7403","1":"product","2":"type-product","3":"status-publish","4":"has-post-thumbnail","6":"product_cat-disposable-vape-sticks","8":"first","9":"instock","10":"shipping-taxable","11":"purchasable","12":"product-type-simple"},"jetpack_sharing_enabled":true,"tiered_pricing_type":"fixed","tiered_pricing_fixed_rules":{"1000":9,"10000":7,"50000":5},"tiered_pricing_product_settings":{"layout":"default","base_unit_name":{"singular":null,"plural":null},"default_variation":null},"tiered_pricing_minimum_quantity":100,"tiered_pricing_roles_data":[],"tiered_pricing_percentage_rules":[],"tiered_pricing_maximum_quantity":null,"tiered_pricing_quantity_step":null,"_links":{"self":[{"href":"https:\/\/cloudsupplyvapes.com\/es\/wp-json\/wp\/v2\/product\/7403","targetHints":{"allow":["GET"]}}],"collection":[{"href":"https:\/\/cloudsupplyvapes.com\/es\/wp-json\/wp\/v2\/product"}],"about":[{"href":"https:\/\/cloudsupplyvapes.com\/es\/wp-json\/wp\/v2\/types\/product"}],"replies":[{"embeddable":true,"href":"https:\/\/cloudsupplyvapes.com\/es\/wp-json\/wp\/v2\/comments?post=7403"}],"wp:featuredmedia":[{"embeddable":true,"href":"https:\/\/cloudsupplyvapes.com\/es\/wp-json\/wp\/v2\/media\/7543"}],"wp:attachment":[{"href":"https:\/\/cloudsupplyvapes.com\/es\/wp-json\/wp\/v2\/media?parent=7403"}],"wp:term":[{"taxonomy":"product_brand","embeddable":true,"href":"https:\/\/cloudsupplyvapes.com\/es\/wp-json\/wp\/v2\/product_brand?post=7403"},{"taxonomy":"product_cat","embeddable":true,"href":"https:\/\/cloudsupplyvapes.com\/es\/wp-json\/wp\/v2\/product_cat?post=7403"},{"taxonomy":"product_tag","embeddable":true,"href":"https:\/\/cloudsupplyvapes.com\/es\/wp-json\/wp\/v2\/product_tag?post=7403"}],"curies":[{"name":"wp","href":"https:\/\/api.w.org\/{rel}","templated":true}]}}