{"id":7407,"date":"2024-10-19T02:52:40","date_gmt":"2024-10-19T02:52:40","guid":{"rendered":"https:\/\/cloudsupplyvapes.com\/?post_type=product&#038;p=7407"},"modified":"2024-11-25T08:26:13","modified_gmt":"2024-11-25T08:26:13","slug":"-238","status":"publish","type":"product","link":"https:\/\/cloudsupplyvapes.com\/es\/product\/icrystal-c10000-10000-puffs-rechargeable-disposable-vape-wholesale\/","title":{"rendered":"Icrystal C10000 10000 Puffs Recargable Vape Desechable Mayorista A Prueba De Fugas Bater\u00eda De Larga Duraci\u00f3n"},"content":{"rendered":"<h2>Icrystal C10000 Vape desechable<\/h2>\n<ul class=\"top\">\n<li>Marca:\u00a0<b>Icrystal<\/b><\/li>\n<li>Unidad: set<\/li>\n<li>Tipo:\u00a0<b>Vape desechable<\/b><\/li>\n<li>Peso neto: 68(g)<\/li>\n<\/ul>\n<p>El sistema calcular\u00e1 autom\u00e1ticamente los gastos de env\u00edo combinados despu\u00e9s de que elija el destino del env\u00edo en el paso de pago.<\/p>\n<div class=\"title\">Icrystal C10000 Vape Desechable INTRODUCCI\u00d3N<\/div>\n<p><b>Icrystal C10000 Vape desechable\u00a0<\/b>viene con una bater\u00eda recargable de 650mAh, 18ml de jugo de vape precargado, una bobina de malla de 1.0ohm, una pantalla de visualizaci\u00f3n para la bater\u00eda y el e-jugo y puede proporcionar alrededor de 10000 caladas. Icrystal adopta una carcasa transparente como el cristal. Puede contener 18ml de e-jugo y una bater\u00eda de 650mAh. La bobina de malla resalta el sabor natural y \u00fanico del e-jugo. Puede ajustar el flujo de aire con el interruptor en la parte inferior. Y es f\u00e1cil comprobar el estado del vapeador desechable a trav\u00e9s de una pantalla de visualizaci\u00f3n. Adem\u00e1s, el C10000 es seguro de usar gracias al chipset que ofrece protecci\u00f3n.<\/p>\n<p class=\"second-title\">Caracter\u00edsticas<\/p>\n<p>- E-l\u00edquido precargado de 18ml<\/p>\n<p>- 5%(50mg) Nicotina<\/p>\n<p>- Bater\u00eda recargable de 650 mAh<\/p>\n<p>- Aproximadamente 10000 Puffs<\/p>\n<p>- Pantalla de visualizaci\u00f3n del estado de la bater\u00eda y el nivel de e-juice<\/p>\n<p>- Bobina de malla de 1,0ohm<\/p>\n<p>- Interruptor de ajuste del flujo de aire en la parte inferior<\/p>\n<p>- Chipset AirisTech: Protecci\u00f3n contra sobrecarga\/cortocircuito\/bajo voltaje<\/p>\n<p>- Puerto Tipo-C (cable no incluido)<\/p>\n<p>&nbsp;<\/p>\n<p>- Activado por sorteo<\/p>\n<p>- MTL Vaping<\/p>","protected":false},"excerpt":{"rendered":"<p>El Icrystal C10000 10000 Puffs Recargable Vape Desechable al por mayor cuenta con un dise\u00f1o a prueba de fugas, bater\u00eda de larga duraci\u00f3n, y una construcci\u00f3n ligera y recargable para vaping eficiente.<\/p>","protected":false},"featured_media":7583,"comment_status":"open","ping_status":"closed","template":"","meta":[],"product_brand":[],"product_cat":[22],"product_tag":[],"class_list":{"0":"post-7407","1":"product","2":"type-product","3":"status-publish","4":"has-post-thumbnail","6":"product_cat-disposable-vape-sticks","8":"first","9":"instock","10":"shipping-taxable","11":"purchasable","12":"product-type-simple"},"jetpack_sharing_enabled":true,"tiered_pricing_type":"fixed","tiered_pricing_fixed_rules":{"1000":10,"10000":9,"50000":8},"tiered_pricing_product_settings":{"layout":"default","base_unit_name":{"singular":null,"plural":null},"default_variation":null},"tiered_pricing_minimum_quantity":100,"tiered_pricing_roles_data":[],"tiered_pricing_percentage_rules":[],"tiered_pricing_maximum_quantity":null,"tiered_pricing_quantity_step":null,"_links":{"self":[{"href":"https:\/\/cloudsupplyvapes.com\/es\/wp-json\/wp\/v2\/product\/7407","targetHints":{"allow":["GET"]}}],"collection":[{"href":"https:\/\/cloudsupplyvapes.com\/es\/wp-json\/wp\/v2\/product"}],"about":[{"href":"https:\/\/cloudsupplyvapes.com\/es\/wp-json\/wp\/v2\/types\/product"}],"replies":[{"embeddable":true,"href":"https:\/\/cloudsupplyvapes.com\/es\/wp-json\/wp\/v2\/comments?post=7407"}],"wp:featuredmedia":[{"embeddable":true,"href":"https:\/\/cloudsupplyvapes.com\/es\/wp-json\/wp\/v2\/media\/7583"}],"wp:attachment":[{"href":"https:\/\/cloudsupplyvapes.com\/es\/wp-json\/wp\/v2\/media?parent=7407"}],"wp:term":[{"taxonomy":"product_brand","embeddable":true,"href":"https:\/\/cloudsupplyvapes.com\/es\/wp-json\/wp\/v2\/product_brand?post=7407"},{"taxonomy":"product_cat","embeddable":true,"href":"https:\/\/cloudsupplyvapes.com\/es\/wp-json\/wp\/v2\/product_cat?post=7407"},{"taxonomy":"product_tag","embeddable":true,"href":"https:\/\/cloudsupplyvapes.com\/es\/wp-json\/wp\/v2\/product_tag?post=7407"}],"curies":[{"name":"wp","href":"https:\/\/api.w.org\/{rel}","templated":true}]}}