{"id":741,"date":"2024-10-19T02:14:43","date_gmt":"2024-10-19T02:14:43","guid":{"rendered":"https:\/\/cloudsupplyvapes.com\/?post_type=product&#038;p=741"},"modified":"2024-11-26T09:30:32","modified_gmt":"2024-11-26T09:30:32","slug":"-16","status":"publish","type":"product","link":"https:\/\/cloudsupplyvapes.com\/es\/product\/hzko-idol-pro-2800-puff-disposabele-wholesale\/","title":{"rendered":"HZKO Idol Pro 2800 Puff Vape desechable al por mayor Ligero de alto rendimiento Construido"},"content":{"rendered":"<p><strong>Caracter\u00edstica:<\/strong><\/p>\n<p>L\u00edquido:9ml<\/p>\n<p>Bater\u00eda:1500mAh<\/p>\n<p>Resustancia de la bobina:Producci\u00f3n<\/p>\n<p>Fecha:ver embalaje<\/p>\n<p>Periodo de garant\u00eda:2 a\u00f1os<\/p>\n<p>Embalaje: 1 unidad<\/p>\n<p>Hasta 2800 bocanadas<\/p>\n<p>Peso:KG(400 por caja)<\/p>\n<p>Sal nic:5%(opcional)<\/p>\n<p><strong>sabor:<\/strong><\/p>\n<p>1.Sand\u00eda fresa kiwi<\/p>\n<p>2.Ar\u00e1ndano<\/p>\n<p>3.Baya negra<\/p>\n<p>4.Mango fruta de la pasi\u00f3n<\/p>\n<p>5.Hielo de uva<\/p>\n<p>6.Hielo de mango<\/p>\n<p>7.Hielo exuberante<\/p>\n<p>8.Hielo de melocot\u00f3n<\/p>\n<p>9.Kiwi<\/p>\n<p>10.Hielo de pi\u00f1a<\/p>\n<p>11.Hielo de manzana<\/p>\n<p>12.Fruta de la pasi\u00f3n<\/p>\n<p>13.Pomelo<\/p>\n<p>14.chicle<\/p>\n<p>15.blue razz lim\u00f3n<\/p>\n<p>16.FRUTAS MIXTAS<\/p>\n<p>17.tabaco caramelo<\/p>\n<p>18.bebida energ\u00e9tica manzana kiwi<\/p>\n<p>19.manzana doble<\/p>\n<p>20.grosella negra<\/p>","protected":false},"excerpt":{"rendered":"<p>HZKO Idol Pro 2800 Puff Vape desechable al por mayor cuenta con un dise\u00f1o ligero y de alto rendimiento para una salida de vapor suave y un uso c\u00f3modo y f\u00e1cil para principiantes.<\/p>","protected":false},"featured_media":771,"comment_status":"open","ping_status":"closed","template":"","meta":[],"product_brand":[],"product_cat":[22],"product_tag":[],"class_list":{"0":"post-741","1":"product","2":"type-product","3":"status-publish","4":"has-post-thumbnail","6":"product_cat-disposable-vape-sticks","8":"first","9":"instock","10":"shipping-taxable","11":"purchasable","12":"product-type-simple"},"jetpack_sharing_enabled":true,"tiered_pricing_type":"fixed","tiered_pricing_fixed_rules":{"1000":6.5,"10000":5.79999999999999982236431605997495353221893310546875,"30000":4.79999999999999982236431605997495353221893310546875},"tiered_pricing_product_settings":{"layout":"default","base_unit_name":{"singular":null,"plural":null},"default_variation":null},"tiered_pricing_minimum_quantity":100,"tiered_pricing_roles_data":[],"tiered_pricing_percentage_rules":[],"tiered_pricing_maximum_quantity":null,"tiered_pricing_quantity_step":null,"_links":{"self":[{"href":"https:\/\/cloudsupplyvapes.com\/es\/wp-json\/wp\/v2\/product\/741","targetHints":{"allow":["GET"]}}],"collection":[{"href":"https:\/\/cloudsupplyvapes.com\/es\/wp-json\/wp\/v2\/product"}],"about":[{"href":"https:\/\/cloudsupplyvapes.com\/es\/wp-json\/wp\/v2\/types\/product"}],"replies":[{"embeddable":true,"href":"https:\/\/cloudsupplyvapes.com\/es\/wp-json\/wp\/v2\/comments?post=741"}],"wp:featuredmedia":[{"embeddable":true,"href":"https:\/\/cloudsupplyvapes.com\/es\/wp-json\/wp\/v2\/media\/771"}],"wp:attachment":[{"href":"https:\/\/cloudsupplyvapes.com\/es\/wp-json\/wp\/v2\/media?parent=741"}],"wp:term":[{"taxonomy":"product_brand","embeddable":true,"href":"https:\/\/cloudsupplyvapes.com\/es\/wp-json\/wp\/v2\/product_brand?post=741"},{"taxonomy":"product_cat","embeddable":true,"href":"https:\/\/cloudsupplyvapes.com\/es\/wp-json\/wp\/v2\/product_cat?post=741"},{"taxonomy":"product_tag","embeddable":true,"href":"https:\/\/cloudsupplyvapes.com\/es\/wp-json\/wp\/v2\/product_tag?post=741"}],"curies":[{"name":"wp","href":"https:\/\/api.w.org\/{rel}","templated":true}]}}