{"id":743,"date":"2024-10-19T02:14:44","date_gmt":"2024-10-19T02:14:44","guid":{"rendered":"https:\/\/cloudsupplyvapes.com\/?post_type=product&#038;p=743"},"modified":"2024-11-26T09:25:34","modified_gmt":"2024-11-26T09:25:34","slug":"hzko-idol-max-2000-puff-desechable-al-por-mayor","status":"publish","type":"product","link":"https:\/\/cloudsupplyvapes.com\/es\/product\/hzko-idol-max-2000-puff-disposable-wholesale\/","title":{"rendered":"HZKO Idol Max 2000 Puff Vape desechable al por mayor Vape ligero de larga duraci\u00f3n"},"content":{"rendered":"<p>sabor:<\/p>\n<p>hzko idol max 2000puffs<\/p>\n<p>1.Sand\u00eda fresa kiwi<\/p>\n<p>2.Ar\u00e1ndano<\/p>\n<p>3.Fruta de la pasi\u00f3n naranja guayaba<\/p>\n<p>4.Mango fruta de la pasi\u00f3n<\/p>\n<p>5.Hielo de uva<\/p>\n<p>6.Hielo de mango<\/p>\n<p>7.Hielo exuberante<\/p>\n<p>8.Fresa exuberante<\/p>\n<p>9.Ar\u00e1ndano menta<\/p>\n<p>10.Hielo de pi\u00f1a<\/p>\n<p>11.Pi\u00f1a Colada<\/p>\n<p>12.Hielo de manzana<\/p>\n<p>13.Fruta de la pasi\u00f3n<\/p>\n<p>14.Hielo de lichi<\/p>\n<p>15.Pomelo<\/p>\n<p>16.chicle<\/p>\n<p>17.crema de melocot\u00f3n<\/p>\n<p>18.blue razz lemon<\/p>\n<p>\u0413\u043e\u043b\u0443\u0431\u0438\u043a\u0430 \u043c\u0430\u043b\u0438\u043d\u0430 \u043b\u0438\u043c\u043e\u043d<\/p>\n<p>19.capit\u00e1n negro cremoso vainilla<\/p>\n<p>20.Manzana doble<\/p>\n<p>21.Mango melocot\u00f3n sand\u00eda<\/p>\n<p>22.Fruta variada<\/p>\n<p>23.T\u00e9 negro con grosellas<\/p>\n<p>24.Cola de cereza<\/p>\n<p>25.Mojito<\/p>\n<p>26.Margarita de manzana \u00e1cida<\/p>\n<p>27.Zarzamora frambuesa naranja<\/p>\n<p>28.Melocot\u00f3n manzana<\/p>\n<p>29.Baya negra<\/p>\n<p>30.Bebida energ\u00e9tica<\/p>\n<p>&nbsp;<\/p>\n<p>Ruso :<\/p>\n<p>\u041a\u043b\u0443\u0431\u043d\u0438\u043a\u0430 \u0410\u0440\u0431\u0443\u0437 \u041a\u0438\u0432\u0438<\/p>\n<p>\u0427\u0435\u0440\u043d\u0438\u043a\u0430<\/p>\n<p>\u041c\u0430\u0440\u0430\u043a\u0443\u0439\u044f \u0410\u043f\u0435\u043b\u044c\u0441\u0438\u043d \u0413\u0443\u0430\u0432\u0430<\/p>\n<p>\u041c\u0430\u0440\u0430\u043a\u0443\u0439\u044f \u041c\u0430\u043d\u0433\u043e<\/p>\n<p>\u0412\u0438\u043d\u043e\u0433\u0440\u0430\u0434\u043d\u044b\u0439 \u043b\u0435\u0434<\/p>\n<p>\u041c\u0430\u043d\u0433\u043e\u0432\u044b\u0439 \u043b\u0435\u0434<\/p>\n<p>\u0410\u0440\u0431\u0443\u0437\u043d\u044b\u0439 \u043b\u0435\u0434<\/p>\n<p>\u041a\u043b\u0443\u0431\u043d\u0438\u043a\u0430 \u0410\u0440\u0431\u0443\u0437<\/p>\n<p>\u0427\u0435\u0440\u043d\u0438\u043a\u0430 \u041c\u044f\u0442\u0430<\/p>\n<p>\u0410\u043d\u0430\u043d\u0430\u0441\u043e\u0432\u044b\u0439 \u043b\u0435\u0434<\/p>\n<p>\u041f\u0438\u043d\u0430 \u041a\u043e\u043b\u0430\u0434\u0430<\/p>\n<p>\u042f\u0431\u043b\u043e\u0447\u043d\u044b\u0439 \u043b\u0451\u0434<\/p>\n<p>\u041c\u0430\u0440\u0430\u043a\u0443\u0439\u044f<\/p>\n<p>\u041b\u0438\u0447\u0438 \u043b\u0435\u0434<\/p>\n<p>\u0413\u0440\u0435\u0439\u043f\u0444\u0440\u0443\u0442<\/p>\n<p>\u0416\u0435\u0432\u0430\u0442\u0435\u043b\u044f\u043d\u0430\u044f \u0440\u0435\u0437\u0438\u043d\u043a\u0430<\/p>\n<p>\u041f\u0435\u0440\u0441\u0438\u043a\u043e\u0432\u044b\u0439 \u043a\u0440\u0435\u043c<\/p>\n<p>\u0413\u043e\u043b\u0443\u0431\u0438\u043a\u0430 \u043c\u0430\u043b\u0438\u043d\u0430 \u043b\u0438\u043c\u043e\u043d<\/p>\n<p>\u043a\u0430\u043f\u0438\u0442\u0430\u043d \u0431\u043b\u044d\u043a \u0441\u043b\u0438\u0432\u043e\u0447\u043d\u043e \u0432\u0430\u043d\u0438\u043b\u044c\u043d\u044b\u0439<\/p>\n<p>\u0414\u0432\u043e\u0439\u043d\u043e\u0435 \u044f\u0431\u043b\u043e\u043a\u043e<\/p>\n<p>\u041c\u0430\u043d\u0433\u043e \u043f\u0435\u0440\u0441\u0438\u043a \u0430\u0440\u0431\u0443\u0437<\/p>\n<p>\u0421\u043c\u0435\u0448\u0430\u043d\u043d\u044b\u0435 \u0444\u0440\u0443\u043a\u0442\u044b<\/p>\n<p>\u0427\u0435\u0440\u043d\u044b\u0439 \u0447\u0430\u0439 \u0441\u043e \u0441\u043c\u043e\u0440\u043e\u0434\u0438\u043d\u043e\u0439<\/p>\n<p>\u0412\u0438\u0448\u043d\u0435\u0432\u0430\u044f \u043a\u043e\u043b\u0430<\/p>\n<p>\u041c\u043e\u0445\u0438\u0442\u043e<\/p>\n<p>\u041a\u0438\u0441\u043b\u0430\u044f \u044f\u0431\u043b\u043e\u0447\u043d\u0430\u044f \u043c\u0430\u0440\u0433\u0430\u0440\u0438\u0442\u0430<\/p>\n<p>\u0415\u0436\u0435\u0432\u0438\u043a\u0430, \u043c\u0430\u043b\u0438\u043d\u0430 ,\u0430\u043f\u0435\u043b\u044c\u0441\u0438\u043d<\/p>\n<p>\u042f\u0431\u043b\u043e\u043a\u043e \u043f\u0435\u0440\u0441\u0438\u043a<\/p>\n<p>\u0415\u0436\u0435\u0432\u0438\u043a\u0430<\/p>\n<p>\u042d\u043d\u0435\u0440\u0433\u0435\u0442\u0438\u0447\u0435\u0441\u043a\u0438\u0439 \u043d\u0430\u043f\u0438\u0442\u043e\u043a<\/p>\n<p>&nbsp;<\/p>\n<p>Caracter\u00edstica:<\/p>\n<p>L\u00edquido:6,5ML<\/p>\n<p>TAMA\u00d1O:113*19,5*19,5 MM<\/p>\n<p>Bater\u00eda:1100mAh<\/p>\n<p>Resistencia de la bobina:1.6ohm<\/p>\n<p>Fecha de producci\u00f3n :ver embalaje<\/p>\n<p>Periodo de garant\u00eda :2a\u00f1os<\/p>\n<p>Embalaje: 1 unidad<\/p>\n<p>Hasta 2000 bocanadas<\/p>\n<p>peso:22KG(400 por caja)<\/p>\n<p>Sal nic :5%(opcional)<\/p>","protected":false},"excerpt":{"rendered":"<p>HZKO Idol Max 2000 Puff Vape Desechable al por mayor ofrece una bater\u00eda ligera y de larga duraci\u00f3n con una salida de vapor suave para un vapeo consistente y port\u00e1til.<\/p>","protected":false},"featured_media":773,"comment_status":"open","ping_status":"closed","template":"","meta":[],"product_brand":[],"product_cat":[22],"product_tag":[],"class_list":{"0":"post-743","1":"product","2":"type-product","3":"status-publish","4":"has-post-thumbnail","6":"product_cat-disposable-vape-sticks","8":"first","9":"instock","10":"shipping-taxable","11":"purchasable","12":"product-type-simple"},"jetpack_sharing_enabled":true,"tiered_pricing_type":"fixed","tiered_pricing_fixed_rules":[],"tiered_pricing_product_settings":{"layout":"default","base_unit_name":{"singular":null,"plural":null},"default_variation":null},"tiered_pricing_minimum_quantity":null,"tiered_pricing_roles_data":[],"tiered_pricing_percentage_rules":[],"tiered_pricing_maximum_quantity":null,"tiered_pricing_quantity_step":null,"_links":{"self":[{"href":"https:\/\/cloudsupplyvapes.com\/es\/wp-json\/wp\/v2\/product\/743","targetHints":{"allow":["GET"]}}],"collection":[{"href":"https:\/\/cloudsupplyvapes.com\/es\/wp-json\/wp\/v2\/product"}],"about":[{"href":"https:\/\/cloudsupplyvapes.com\/es\/wp-json\/wp\/v2\/types\/product"}],"replies":[{"embeddable":true,"href":"https:\/\/cloudsupplyvapes.com\/es\/wp-json\/wp\/v2\/comments?post=743"}],"wp:featuredmedia":[{"embeddable":true,"href":"https:\/\/cloudsupplyvapes.com\/es\/wp-json\/wp\/v2\/media\/773"}],"wp:attachment":[{"href":"https:\/\/cloudsupplyvapes.com\/es\/wp-json\/wp\/v2\/media?parent=743"}],"wp:term":[{"taxonomy":"product_brand","embeddable":true,"href":"https:\/\/cloudsupplyvapes.com\/es\/wp-json\/wp\/v2\/product_brand?post=743"},{"taxonomy":"product_cat","embeddable":true,"href":"https:\/\/cloudsupplyvapes.com\/es\/wp-json\/wp\/v2\/product_cat?post=743"},{"taxonomy":"product_tag","embeddable":true,"href":"https:\/\/cloudsupplyvapes.com\/es\/wp-json\/wp\/v2\/product_tag?post=743"}],"curies":[{"name":"wp","href":"https:\/\/api.w.org\/{rel}","templated":true}]}}