{"id":7462,"date":"2024-10-19T02:53:01","date_gmt":"2024-10-19T02:53:01","guid":{"rendered":"https:\/\/cloudsupplyvapes.com\/?post_type=product&#038;p=7462"},"modified":"2024-11-25T08:26:02","modified_gmt":"2024-11-25T08:26:02","slug":"-239","status":"publish","type":"product","link":"https:\/\/cloudsupplyvapes.com\/es\/product\/luffbar-dually-20000-puffs-disposable-vape-wholesale\/","title":{"rendered":"LUFFBAR Dually 20000 Puffs Vape desechable al por mayor Dual Mesh Coil Dise\u00f1o Port\u00e1til"},"content":{"rendered":"<h2>LUFFBAR Dually 20000 Kit de Vape Desechable<\/h2>\n<ul class=\"top\">\n<li>Marca:\u00a0<b>LUFFBAR<\/b><\/li>\n<li>Unidad: set<\/li>\n<li>Tipo:\u00a0<b>Vape desechable<\/b><\/li>\n<li>Peso neto: 70(g)<\/li>\n<\/ul>\n<p>El sistema calcular\u00e1 autom\u00e1ticamente los gastos de env\u00edo combinados despu\u00e9s de que elija el destino del env\u00edo en el paso de pago.<\/p>\n<h3 class=\"title\">LUFFBAR Dually 20K Vape Desechable INTRODUCCI\u00d3N<\/h3>\n<p><b>LUFFBAR Dually 20000 Kit desechable<\/b>\u00a0es un increible vapeador desechable con el mayor conteo de caladas, satisfaciendo alrededor de 20000 caladas con tanques duales de 26ml de e-juice, doble bobina de malla dual y doble pantalla LED inteligente. LUFFBAR Dually 20K es un kit desechable extremadamente duradero debido a la gran capacidad de los tanques duales y una magn\u00edfica bater\u00eda recargable de 850mAh. Cuando un tanque se agota, puede tirar de la boquilla hacia arriba y cambiar al otro lado con facilidad. LUFFBAR Dually, el vapeador desechable king-size satisfar\u00e1 todas sus necesidades.<\/p>\n<p class=\"second-title\">Caracter\u00edsticas<\/p>\n<p>- Bater\u00eda integrada recargable de 850 mAh<\/p>\n<p>- E-l\u00edquido precargado de 26 ml (13 ml de e-l\u00edquido en cada dep\u00f3sito)<\/p>\n<p>- 5% Potencia de nicotina<\/p>\n<p>- Doble pantalla LED: Pantalla izquierda\/derecha<\/p>\n<p>- Aproximadamente 20000 Puffs<\/p>\n<p>- Cambio f\u00e1cil: Tire hacia arriba y gire hacia el otro tanque<\/p>\n<p>- 4 bobinas de malla (bobinas de malla dobles para cada lado)<\/p>\n<p>- Puerto de carga USB tipo C (cable no incluido)<\/p>\n<p>- Activado por sorteo<\/p>\n<p>- MTL Vaping<\/p>\n<p>&nbsp;<\/p>\n<div class=\"title\"><strong>Sabor\uff1a<\/strong><\/div>\n<p>- Hielo Razz Azul<\/p>\n<p>- Fresa Frambuesa<\/p>\n<p>- Fresa helada<\/p>\n<p>- Bayas trituradas<\/p>\n<p>- Casa de la Moneda de Miami<\/p>\n<p>- Sand\u00eda Fruity Cool<\/p>\n<p><a href=\"https:\/\/i0.wp.com\/shop.vape.hk\/wp-content\/uploads\/2024\/03\/us-LUFFBAR_Dually_Disposable_Vape_Kit-21.jpg?ssl=1\" target=\"_blank\" rel=\"noopener\"><img data-recalc-dims=\"1\" loading=\"lazy\" decoding=\"async\" class=\"alignnone size-full wp-image-128985\" src=\"https:\/\/i0.wp.com\/shop.vape.hk\/wp-content\/uploads\/2024\/03\/us-LUFFBAR_Dually_Disposable_Vape_Kit-21.jpg?resize=1020%2C1043&#038;ssl=1\" alt=\"LUFFBAR Dually 20000 Puffs Vape Desechable | Venta al por mayor\" width=\"1020\" height=\"1043\" title=\"\"><\/a> <a href=\"https:\/\/i0.wp.com\/shop.vape.hk\/wp-content\/uploads\/2024\/03\/us-LUFFBAR_Dually_Disposable_Vape_Ki-11.jpg?ssl=1\" target=\"_blank\" rel=\"noopener\"><img data-recalc-dims=\"1\" loading=\"lazy\" decoding=\"async\" class=\"alignnone size-full wp-image-128984\" src=\"https:\/\/i0.wp.com\/shop.vape.hk\/wp-content\/uploads\/2024\/03\/us-LUFFBAR_Dually_Disposable_Vape_Ki-11.jpg?resize=1020%2C649&#038;ssl=1\" alt=\"LUFFBAR Dually 20000 Puffs Vape Desechable | Venta al por mayor\" width=\"1020\" height=\"649\" title=\"\"><\/a><\/p>","protected":false},"excerpt":{"rendered":"<p>LUFFBAR Dually 20000 Puffs Vape desechable al por mayor cuenta con tecnolog\u00eda de doble bobina de malla y un dise\u00f1o compacto y ultra-port\u00e1til, ofreciendo un rendimiento constante y golpes de garganta suaves.<\/p>","protected":false},"featured_media":7630,"comment_status":"open","ping_status":"closed","template":"","meta":[],"product_brand":[],"product_cat":[22],"product_tag":[],"class_list":{"0":"post-7462","1":"product","2":"type-product","3":"status-publish","4":"has-post-thumbnail","6":"product_cat-disposable-vape-sticks","8":"first","9":"instock","10":"shipping-taxable","11":"purchasable","12":"product-type-simple"},"jetpack_sharing_enabled":true,"tiered_pricing_type":"fixed","tiered_pricing_fixed_rules":{"1000":12,"10000":10,"50000":8},"tiered_pricing_product_settings":{"layout":"default","base_unit_name":{"singular":null,"plural":null},"default_variation":null},"tiered_pricing_minimum_quantity":100,"tiered_pricing_roles_data":[],"tiered_pricing_percentage_rules":[],"tiered_pricing_maximum_quantity":null,"tiered_pricing_quantity_step":null,"_links":{"self":[{"href":"https:\/\/cloudsupplyvapes.com\/es\/wp-json\/wp\/v2\/product\/7462","targetHints":{"allow":["GET"]}}],"collection":[{"href":"https:\/\/cloudsupplyvapes.com\/es\/wp-json\/wp\/v2\/product"}],"about":[{"href":"https:\/\/cloudsupplyvapes.com\/es\/wp-json\/wp\/v2\/types\/product"}],"replies":[{"embeddable":true,"href":"https:\/\/cloudsupplyvapes.com\/es\/wp-json\/wp\/v2\/comments?post=7462"}],"wp:featuredmedia":[{"embeddable":true,"href":"https:\/\/cloudsupplyvapes.com\/es\/wp-json\/wp\/v2\/media\/7630"}],"wp:attachment":[{"href":"https:\/\/cloudsupplyvapes.com\/es\/wp-json\/wp\/v2\/media?parent=7462"}],"wp:term":[{"taxonomy":"product_brand","embeddable":true,"href":"https:\/\/cloudsupplyvapes.com\/es\/wp-json\/wp\/v2\/product_brand?post=7462"},{"taxonomy":"product_cat","embeddable":true,"href":"https:\/\/cloudsupplyvapes.com\/es\/wp-json\/wp\/v2\/product_cat?post=7462"},{"taxonomy":"product_tag","embeddable":true,"href":"https:\/\/cloudsupplyvapes.com\/es\/wp-json\/wp\/v2\/product_tag?post=7462"}],"curies":[{"name":"wp","href":"https:\/\/api.w.org\/{rel}","templated":true}]}}