{"id":7464,"date":"2024-10-19T02:53:01","date_gmt":"2024-10-19T02:53:01","guid":{"rendered":"https:\/\/cloudsupplyvapes.com\/?post_type=product&#038;p=7464"},"modified":"2024-11-25T08:25:50","modified_gmt":"2024-11-25T08:25:50","slug":"-240","status":"publish","type":"product","link":"https:\/\/cloudsupplyvapes.com\/es\/product\/luffbar-boring-tiger-25000-puffs-disposable-vape-wholesale\/","title":{"rendered":"LUFFBAR Boring Tiger 25000 Puffs Vape desechable al por mayor Alta capacidad Dise\u00f1o duradero"},"content":{"rendered":"<h2>LUFFBAR Boring Tiger Kit de Vape Desechable<\/h2>\n<ul class=\"top\">\n<li>Marca:\u00a0<b>LUFFBAR<\/b><\/li>\n<li>Unidad: set<\/li>\n<li>Tipo:\u00a0<b>Vape desechable<\/b><\/li>\n<li>Peso neto: 70(g)<\/li>\n<\/ul>\n<p>El sistema calcular\u00e1 autom\u00e1ticamente los gastos de env\u00edo combinados despu\u00e9s de que elija el destino del env\u00edo en el paso de pago.<\/p>\n<h3 class=\"title\">LUFFBAR Tigre perforador 25000 INTRODUCCI\u00d3N<\/h3>\n<p><b>Kit desechable LUFFBAR Boring Tiger\u00a0<\/b>te trae la experiencia de vapeo m\u00e1s fresca con un incre\u00edble jugo de vapeo de 26ml, una potente bater\u00eda recargable de 1000mAh y tres modos de vapeo para que elijas. LUFFBAR Boring Tiger es uno de los vapeadores desechables m\u00e1s populares con modo boost. Puedes elegir entre modo suave, normal o boost para satisfacer tus necesidades. Toda la informaci\u00f3n que necesita, incluyendo el estado de la bater\u00eda, el nivel de e-jugo y el modo de vaping que est\u00e1 utilizando. Elija LUFFBAR Boring Tiger para la experiencia de vapeo m\u00e1s divertida.<\/p>\n<p class=\"second-title\">Caracter\u00edsticas<\/p>\n<p>- Bater\u00eda recargable integrada de 1000 mAh<\/p>\n<p>- E-l\u00edquido precargado de 26 ml<\/p>\n<p>- 5% Potencia de nicotina<\/p>\n<p>- Potencia de salida: 20-30 W<\/p>\n<p>- Ajuste de la potencia de salida: Toca el puerto de carga Type-C 3 veces<\/p>\n<p>- Pantalla de visualizaci\u00f3n inteligente<\/p>\n<p>- N\u00famero de caladas: Aproximadamente 25000 Puffs (Modo Suave)\/15000 Puffs (Modo Normal)\/10000 Puffs (Modo Boost)<\/p>\n<p>- Puerto de carga USB tipo C (cable no incluido)<\/p>\n<p>- Activado por sorteo<\/p>\n<p>- MTL Vaping<\/p>","protected":false},"excerpt":{"rendered":"<p>El LUFFBAR Boring Tiger 25000 Puffs Vape desechable al por mayor ofrece una gran capacidad, una construcci\u00f3n duradera y una producci\u00f3n de vapor suave. Perfecto para sesiones vaping sin problemas y de larga duraci\u00f3n.<\/p>","protected":false},"featured_media":7645,"comment_status":"open","ping_status":"closed","template":"","meta":[],"product_brand":[],"product_cat":[22],"product_tag":[],"class_list":{"0":"post-7464","1":"product","2":"type-product","3":"status-publish","4":"has-post-thumbnail","6":"product_cat-disposable-vape-sticks","8":"first","9":"instock","10":"shipping-taxable","11":"purchasable","12":"product-type-simple"},"jetpack_sharing_enabled":true,"tiered_pricing_type":"fixed","tiered_pricing_fixed_rules":{"1000":12,"10000":10,"50000":8},"tiered_pricing_product_settings":{"layout":"default","base_unit_name":{"singular":null,"plural":null},"default_variation":null},"tiered_pricing_minimum_quantity":100,"tiered_pricing_roles_data":[],"tiered_pricing_percentage_rules":[],"tiered_pricing_maximum_quantity":null,"tiered_pricing_quantity_step":null,"_links":{"self":[{"href":"https:\/\/cloudsupplyvapes.com\/es\/wp-json\/wp\/v2\/product\/7464","targetHints":{"allow":["GET"]}}],"collection":[{"href":"https:\/\/cloudsupplyvapes.com\/es\/wp-json\/wp\/v2\/product"}],"about":[{"href":"https:\/\/cloudsupplyvapes.com\/es\/wp-json\/wp\/v2\/types\/product"}],"replies":[{"embeddable":true,"href":"https:\/\/cloudsupplyvapes.com\/es\/wp-json\/wp\/v2\/comments?post=7464"}],"wp:featuredmedia":[{"embeddable":true,"href":"https:\/\/cloudsupplyvapes.com\/es\/wp-json\/wp\/v2\/media\/7645"}],"wp:attachment":[{"href":"https:\/\/cloudsupplyvapes.com\/es\/wp-json\/wp\/v2\/media?parent=7464"}],"wp:term":[{"taxonomy":"product_brand","embeddable":true,"href":"https:\/\/cloudsupplyvapes.com\/es\/wp-json\/wp\/v2\/product_brand?post=7464"},{"taxonomy":"product_cat","embeddable":true,"href":"https:\/\/cloudsupplyvapes.com\/es\/wp-json\/wp\/v2\/product_cat?post=7464"},{"taxonomy":"product_tag","embeddable":true,"href":"https:\/\/cloudsupplyvapes.com\/es\/wp-json\/wp\/v2\/product_tag?post=7464"}],"curies":[{"name":"wp","href":"https:\/\/api.w.org\/{rel}","templated":true}]}}