{"id":7532,"date":"2024-10-19T02:53:23","date_gmt":"2024-10-19T02:53:23","guid":{"rendered":"https:\/\/cloudsupplyvapes.com\/?post_type=product&#038;p=7532"},"modified":"2024-11-25T07:36:46","modified_gmt":"2024-11-25T07:36:46","slug":"-241","status":"publish","type":"product","link":"https:\/\/cloudsupplyvapes.com\/es\/product\/geek-bar-digiflavor-lush-20000-puffs-disposable-vape-wholesale\/","title":{"rendered":"Geek Bar Digiflavor Lush 20000 Puffs Vape desechable al por mayor de alta capacidad sin mantenimiento"},"content":{"rendered":"<h2>Geek Bar Digiflavor Lush 20K Kit de Vape Desechable<\/h2>\n<ul class=\"top\">\n<li>Marca:\u00a0<b>Geek Bar<\/b><\/li>\n<li>Unidad: set<\/li>\n<li>Tipo:\u00a0<b>Vape desechable<\/b><\/li>\n<li>Peso neto: 70(g)<\/li>\n<\/ul>\n<p>El sistema calcular\u00e1 autom\u00e1ticamente los gastos de env\u00edo combinados despu\u00e9s de que elija el destino del env\u00edo en el paso de pago.<\/p>\n<h3 class=\"title\">Geek Bar Digiflavor Lush 20K INTRODUCCI\u00d3N<\/h3>\n<p><b>Geek Bar Digiflavor Lush Kit Desechable\u00a0<\/b>es un vapeador desechable inteligente que funciona con una potente bater\u00eda recargable de 820 mAh y ofrece dos modos de vapeo (modo normal y modo din\u00e1mico) con distintos recuentos de caladas. Como producto de marca conjunta de Geek Bar y Digiflavor, Geek Bar Lush 20K viene con una mega pantalla que muestra la duraci\u00f3n de la bater\u00eda, el nivel de e-jugo y el modo de vapeo. Soporta dos modos de vapeo con doble bobina de malla y doble n\u00facleo calefactor. En el modo normal, puede disfrutar de hasta 20000 caladas en total. Y usted puede disfrutar de alrededor de 10000 caladas en el modo din\u00e1mico. Gracias al guardi\u00e1n de sabor 6S, cada calada es fresca y deliciosa.<\/p>\n<p class=\"second-title\">Caracter\u00edsticas<\/p>\n<p>- Bater\u00eda recargable integrada de 820 mAh<\/p>\n<p>- E-l\u00edquido precargado de 20 ml<\/p>\n<p>- 5% Potencia de nicotina<\/p>\n<p>- Modo normal: Aproximadamente 20000 Puffs<\/p>\n<p>- Din\u00e1mica: Aproximadamente 10000 bocanadas<\/p>\n<p>- Pantalla de visualizaci\u00f3n inteligente<\/p>\n<p>- Ajuste del flujo de aire<\/p>\n<p>- Bobina de malla doble<\/p>\n<p>- Calefacci\u00f3n de doble n\u00facleo<\/p>\n<p>- 6S Guardi\u00e1n del Sabor<\/p>\n<p>- Puerto de carga USB tipo C (cable no incluido)<\/p>\n<p>- Activado por sorteo<\/p>\n<p>- MTL Vaping<\/p>\n<p><a href=\"https:\/\/i0.wp.com\/shop.vape.hk\/wp-content\/uploads\/2024\/03\/Geek-Bar-Digiflavor-Lush-20K-Disposable-Vape-Kit_021.jpg?ssl=1\" target=\"_blank\" rel=\"noopener\"><img data-recalc-dims=\"1\" loading=\"lazy\" decoding=\"async\" class=\"alignnone size-full wp-image-129107\" src=\"https:\/\/i0.wp.com\/shop.vape.hk\/wp-content\/uploads\/2024\/03\/Geek-Bar-Digiflavor-Lush-20K-Disposable-Vape-Kit_021.jpg?resize=1020%2C549&#038;ssl=1\" alt=\"Geek Bar Digiflavor Lush 20000 Puffs Vape Desechable | Venta al por mayor\" width=\"1020\" height=\"549\" title=\"\"><\/a> <a href=\"https:\/\/i0.wp.com\/shop.vape.hk\/wp-content\/uploads\/2024\/03\/Geek-Bar-Digiflavor-Lush-20K-Disposable-Vape-Kit_011.jpg?ssl=1\" target=\"_blank\" rel=\"noopener\"><img data-recalc-dims=\"1\" loading=\"lazy\" decoding=\"async\" class=\"alignnone size-full wp-image-129108\" src=\"https:\/\/i0.wp.com\/shop.vape.hk\/wp-content\/uploads\/2024\/03\/Geek-Bar-Digiflavor-Lush-20K-Disposable-Vape-Kit_011.jpg?resize=1020%2C858&#038;ssl=1\" alt=\"Geek Bar Digiflavor Lush 20000 Puffs Vape Desechable | Venta al por mayor\" width=\"1020\" height=\"858\" title=\"\"><\/a><\/p>","protected":false},"excerpt":{"rendered":"<p>El Geek Bar Digiflavor Lush 20000 Puffs Vape desechable al por mayor ofrece un dise\u00f1o de alta capacidad sin necesidad de mantenimiento, proporcionando vapor suave y un rendimiento constante.<\/p>","protected":false},"featured_media":7726,"comment_status":"open","ping_status":"closed","template":"","meta":[],"product_brand":[],"product_cat":[22],"product_tag":[],"class_list":{"0":"post-7532","1":"product","2":"type-product","3":"status-publish","4":"has-post-thumbnail","6":"product_cat-disposable-vape-sticks","8":"first","9":"instock","10":"shipping-taxable","11":"purchasable","12":"product-type-simple"},"jetpack_sharing_enabled":true,"tiered_pricing_type":"fixed","tiered_pricing_fixed_rules":{"1000":12,"10000":10,"50000":8},"tiered_pricing_product_settings":{"layout":"default","base_unit_name":{"singular":null,"plural":null},"default_variation":null},"tiered_pricing_minimum_quantity":100,"tiered_pricing_roles_data":[],"tiered_pricing_percentage_rules":[],"tiered_pricing_maximum_quantity":null,"tiered_pricing_quantity_step":null,"_links":{"self":[{"href":"https:\/\/cloudsupplyvapes.com\/es\/wp-json\/wp\/v2\/product\/7532","targetHints":{"allow":["GET"]}}],"collection":[{"href":"https:\/\/cloudsupplyvapes.com\/es\/wp-json\/wp\/v2\/product"}],"about":[{"href":"https:\/\/cloudsupplyvapes.com\/es\/wp-json\/wp\/v2\/types\/product"}],"replies":[{"embeddable":true,"href":"https:\/\/cloudsupplyvapes.com\/es\/wp-json\/wp\/v2\/comments?post=7532"}],"wp:featuredmedia":[{"embeddable":true,"href":"https:\/\/cloudsupplyvapes.com\/es\/wp-json\/wp\/v2\/media\/7726"}],"wp:attachment":[{"href":"https:\/\/cloudsupplyvapes.com\/es\/wp-json\/wp\/v2\/media?parent=7532"}],"wp:term":[{"taxonomy":"product_brand","embeddable":true,"href":"https:\/\/cloudsupplyvapes.com\/es\/wp-json\/wp\/v2\/product_brand?post=7532"},{"taxonomy":"product_cat","embeddable":true,"href":"https:\/\/cloudsupplyvapes.com\/es\/wp-json\/wp\/v2\/product_cat?post=7532"},{"taxonomy":"product_tag","embeddable":true,"href":"https:\/\/cloudsupplyvapes.com\/es\/wp-json\/wp\/v2\/product_tag?post=7532"}],"curies":[{"name":"wp","href":"https:\/\/api.w.org\/{rel}","templated":true}]}}