{"id":7536,"date":"2024-10-19T02:53:23","date_gmt":"2024-10-19T02:53:23","guid":{"rendered":"https:\/\/cloudsupplyvapes.com\/?post_type=product&#038;p=7536"},"modified":"2024-11-25T07:36:33","modified_gmt":"2024-11-25T07:36:33","slug":"-242","status":"publish","type":"product","link":"https:\/\/cloudsupplyvapes.com\/es\/product\/smok-priv-bar-turbo-15000-puffs-disposable-vape-wholesale\/","title":{"rendered":"SMOK Priv Bar Turbo 15000 Puffs Vape Mayorista Recargable Dual Mesh Coil"},"content":{"rendered":"<h2>Vapeador desechable SMOK Priv Bar Turbo 15000<\/h2>\n<ul class=\"top\">\n<li>Marca:\u00a0<b>SMOK<\/b><\/li>\n<li>Unidad: set<\/li>\n<li>Tipo:\u00a0<b>Vape desechable<\/b><\/li>\n<li>Peso neto: 68(g)<\/li>\n<\/ul>\n<p>El sistema calcular\u00e1 autom\u00e1ticamente los gastos de env\u00edo combinados despu\u00e9s de que elija el destino del env\u00edo en el paso de pago.<\/p>\n<div class=\"title\">SMOK Priv Bar Turbo 15000 Vape Desechable INTRODUCCI\u00d3N<\/div>\n<p><b>Vapeador desechable SMOK Priv Bar Turbo 15000\u00a0<\/b>Dispone de 16 ml de zumo de vape precargado, una bater\u00eda recargable, una pantalla de visualizaci\u00f3n del estado de la bater\u00eda y del nivel de e-zumo y puede satisfacer unas 15000 caladas en total. Priv Bar Turbo est\u00e1 totalmente cargado con delicioso e-jugo. Con la alta tecnolog\u00eda de SMOK, Priv Bar ofrece vapor pesado, as\u00ed como la satisfacci\u00f3n de fuertes golpes de nicotina. Para hacer el vapeo m\u00e1s c\u00f3modo y f\u00e1cil, una pantalla de visualizaci\u00f3n se adjunta a la Priv Bar Turbo. Puede leer el estado de la bater\u00eda y el nivel de e-jugo.<\/p>\n<p class=\"second-title\">Caracter\u00edsticas<\/p>\n<p>- E-l\u00edquido precargado de 16ml<\/p>\n<p>- 5%(50mg) Potencia de nicotina<\/p>\n<p>- Bater\u00eda integrada recargable de 800 mAh<\/p>\n<p>- Pulsa el bot\u00f3n de la parte inferior para activar el modo Turbo.<\/p>\n<p>- Aproximadamente 15000 caladas en el modo normal\/10000 caladas en el modo turbo<\/p>\n<p>- Pantalla de visualizaci\u00f3n del estado de la bater\u00eda y el nivel de e-juice<\/p>\n<p>- Puerto Tipo-C (cable no incluido)<\/p>\n<p>&nbsp;<\/p>\n<p>- Activado por sorteo<\/p>\n<p>- MTL Vaping<\/p>\n<p class=\"second-title\">Sabores<\/p>\n<p><b>Menta de Alaska<\/b>: Una refrescante mezcla de menta fresca con un toque de mentol helado, que recuerda la frescura del aire de Alaska.<\/p>\n<p><b>Blue Razz Lim\u00f3n<\/b>: Una fusi\u00f3n dulce y \u00e1cida de sabores de frambuesa azul y lim\u00f3n picante, creando una experiencia de vapeo vibrante y afrutada.<\/p>\n<p><b>Para\u00edso de la cereza<\/b>: Un sabor paradis\u00edaco con la atrevida y jugosa esencia de las cerezas maduras, que proporciona una explosi\u00f3n de dulzor afrutado.<\/p>\n<p><b>Dr. Cherry<\/b>: Un vape \u00fanico con sabor a cereza con un giro, que ofrece una mezcla distinta y posiblemente compleja de notas de cereza para un sabor satisfactorio.<\/p>\n<p><b>Limonada de Florida<\/b>: Disfruta de las vibraciones del sol con esta delicia c\u00edtrica, con la sabrosa dulzura de los limones frescos para una experiencia cl\u00e1sica de limonada.<\/p>\n<p><b>Azul Honolulu<\/b>: Transp\u00f3rtate a la tropical Honolulu con este ex\u00f3tico sabor, que combina frutas tropicales para un delicioso vapeo inspirado en la isla.<\/p>\n<p><b>Helado de melocot\u00f3n y bayas<\/b>: Una deliciosa mezcla de melocotones dulces, bayas mixtas y un fresco final mentolado, que crea un armonioso equilibrio de frutosidad y frescura.<\/p>\n<p><b>Caramelo de fresa y menta<\/b>: Disfrute de la dulce y atemporal combinaci\u00f3n de fresas maduras con un toque de menta, que recuerda a un refrescante caramelo de fresa.<\/p>\n<p><b>Triple manzana helada<\/b>: Una triple amenaza de sabores de manzana, con una mezcla de crujientes manzanas verdes, dulces manzanas rojas y un toque de mentol helado para un final fresco.<\/p>\n<p><b>Triple Mango<\/b>: Una intensa y ex\u00f3tica fusi\u00f3n de tres variedades de mango, que proporciona un rico y satisfactorio perfil de sabor a mango.<\/p>\n<p><b>Sand\u00eda fr\u00eda<\/b>: Refr\u00e9squese con el relajante sabor de la sand\u00eda, realzado por un refrescante toque mentolado para un vape escalofriante y vigorizante.<\/p>\n<p><b>Sand\u00eda Kiwi<\/b>: Una jugosa y suculenta combinaci\u00f3n de sand\u00eda y kiwi, que crea una experiencia de vapeo tropical y afrutada.<\/p>\n<p><a href=\"https:\/\/i0.wp.com\/shop.vape.hk\/wp-content\/uploads\/2024\/03\/SMOK-Priv-Bar-Turbo-15000-Rechargeable-Disposable-Vape_021.jpg?ssl=1\" target=\"_blank\" rel=\"noopener\"><img data-recalc-dims=\"1\" loading=\"lazy\" decoding=\"async\" class=\"alignnone size-full wp-image-129184\" src=\"https:\/\/i0.wp.com\/shop.vape.hk\/wp-content\/uploads\/2024\/03\/SMOK-Priv-Bar-Turbo-15000-Rechargeable-Disposable-Vape_021.jpg?resize=1020%2C574&#038;ssl=1\" alt=\"SMOK Priv Bar Turbo 15000 Puffs Vape Desechable | Venta al por mayor\" width=\"1020\" height=\"574\" title=\"\"><\/a> <a href=\"https:\/\/i0.wp.com\/shop.vape.hk\/wp-content\/uploads\/2024\/03\/SMOK-Priv-Bar-Turbo-15000-Rechargeable-Disposable-Vape_011.jpg?ssl=1\" target=\"_blank\" rel=\"noopener\"><img data-recalc-dims=\"1\" loading=\"lazy\" decoding=\"async\" class=\"alignnone size-full wp-image-129185\" src=\"https:\/\/i0.wp.com\/shop.vape.hk\/wp-content\/uploads\/2024\/03\/SMOK-Priv-Bar-Turbo-15000-Rechargeable-Disposable-Vape_011.jpg?resize=1020%2C757&#038;ssl=1\" alt=\"SMOK Priv Bar Turbo 15000 Puffs Vape Desechable | Venta al por mayor\" width=\"1020\" height=\"757\" title=\"\"><\/a><\/p>","protected":false},"excerpt":{"rendered":"<p>El SMOK Priv Bar Turbo 15000 Puffs Vape desechable al por mayor viene con tecnolog\u00eda de doble bobina de malla, bater\u00eda recargable, y una estructura duradera para un vapor suave y sabroso.<\/p>","protected":false},"featured_media":7762,"comment_status":"open","ping_status":"closed","template":"","meta":[],"product_brand":[],"product_cat":[22],"product_tag":[],"class_list":{"0":"post-7536","1":"product","2":"type-product","3":"status-publish","4":"has-post-thumbnail","6":"product_cat-disposable-vape-sticks","8":"first","9":"instock","10":"shipping-taxable","11":"purchasable","12":"product-type-simple"},"jetpack_sharing_enabled":true,"tiered_pricing_type":"fixed","tiered_pricing_fixed_rules":{"1000":13,"10000":11,"50000":9},"tiered_pricing_product_settings":{"layout":"default","base_unit_name":{"singular":null,"plural":null},"default_variation":null},"tiered_pricing_minimum_quantity":100,"tiered_pricing_roles_data":[],"tiered_pricing_percentage_rules":[],"tiered_pricing_maximum_quantity":null,"tiered_pricing_quantity_step":null,"_links":{"self":[{"href":"https:\/\/cloudsupplyvapes.com\/es\/wp-json\/wp\/v2\/product\/7536","targetHints":{"allow":["GET"]}}],"collection":[{"href":"https:\/\/cloudsupplyvapes.com\/es\/wp-json\/wp\/v2\/product"}],"about":[{"href":"https:\/\/cloudsupplyvapes.com\/es\/wp-json\/wp\/v2\/types\/product"}],"replies":[{"embeddable":true,"href":"https:\/\/cloudsupplyvapes.com\/es\/wp-json\/wp\/v2\/comments?post=7536"}],"wp:featuredmedia":[{"embeddable":true,"href":"https:\/\/cloudsupplyvapes.com\/es\/wp-json\/wp\/v2\/media\/7762"}],"wp:attachment":[{"href":"https:\/\/cloudsupplyvapes.com\/es\/wp-json\/wp\/v2\/media?parent=7536"}],"wp:term":[{"taxonomy":"product_brand","embeddable":true,"href":"https:\/\/cloudsupplyvapes.com\/es\/wp-json\/wp\/v2\/product_brand?post=7536"},{"taxonomy":"product_cat","embeddable":true,"href":"https:\/\/cloudsupplyvapes.com\/es\/wp-json\/wp\/v2\/product_cat?post=7536"},{"taxonomy":"product_tag","embeddable":true,"href":"https:\/\/cloudsupplyvapes.com\/es\/wp-json\/wp\/v2\/product_tag?post=7536"}],"curies":[{"name":"wp","href":"https:\/\/api.w.org\/{rel}","templated":true}]}}