{"id":7538,"date":"2024-10-19T02:53:24","date_gmt":"2024-10-19T02:53:24","guid":{"rendered":"https:\/\/cloudsupplyvapes.com\/?post_type=product&#038;p=7538"},"modified":"2024-11-25T07:36:20","modified_gmt":"2024-11-25T07:36:20","slug":"-243","status":"publish","type":"product","link":"https:\/\/cloudsupplyvapes.com\/es\/product\/lava-hot-bunny-9000-puffs-disposable-vape-wholesale\/","title":{"rendered":"Lava Hot Bunny 9000 Puffs Vape desechable al por mayor Dise\u00f1o compacto Vapor suave"},"content":{"rendered":"<h2>Vapeador desechable Lava Hot Bunny 9000<\/h2>\n<ul class=\"top\">\n<li>Marca:\u00a0<b>Lava<\/b><\/li>\n<li>Unidad: set<\/li>\n<li>Tipo:\u00a0<b>Vape desechable<\/b><\/li>\n<li>Peso neto: 70(g)<\/li>\n<\/ul>\n<p>El sistema calcular\u00e1 autom\u00e1ticamente los gastos de env\u00edo combinados despu\u00e9s de que elija el destino del env\u00edo en el paso de pago.<\/p>\n<h3 class=\"title\">Lava Hot Bunny 9000 Vape Desechable INTRODUCCI\u00d3N<\/h3>\n<p><b>Vapeador desechable Lava Hot Bunny 9000<\/b>\u00a0es un vape desechable inteligente centrado en el usuario con pantalla de visualizaci\u00f3n y tecnolog\u00eda avanzada de bobina de malla. Hot Bunny est\u00e1 totalmente cargado con 12 ml de e-jugo con absolutamente buen sabor. Funciona con una bater\u00eda recargable de 650mAh. La bobina de malla 1.2ohm funciona como la clave para desbloquear buenos sabores y el placer de vapear durante mucho tiempo. Adem\u00e1s, tambi\u00e9n hay una pantalla de visualizaci\u00f3n en el lado derecho del vape. Siempre puede comprobar la duraci\u00f3n de la bater\u00eda, as\u00ed como el nivel de e-jugo con facilidad. Disfruta de vapeos suaves y sin problemas con Lava Hot Bunny.<\/p>\n<p class=\"second-title\">Caracter\u00edsticas<\/p>\n<p>- Bater\u00eda recargable de 650 mAh<\/p>\n<p>- E-l\u00edquido precargado de 12 ml<\/p>\n<p>- Aproximadamente 9000 Puffs<\/p>\n<p>- Pantalla inteligente para la vida de la bater\u00eda y el nivel de e-jugo<\/p>\n<p>- Puerto de carga USB tipo C (cable no incluido)<\/p>\n<p>- Tecnolog\u00eda avanzada Mesh Coil: 1.2ohm Mesh Coil<\/p>\n<p>- Activado por sorteo<\/p>\n<p>- MTL Vaping<\/p>","protected":false},"excerpt":{"rendered":"<p>El Lava Hot Bunny 9000 Puffs Vape Desechable al por mayor cuenta con un dise\u00f1o compacto y un funcionamiento sin complicaciones, ofreciendo un rendimiento constante y una experiencia de vapor suave.<\/p>","protected":false},"featured_media":7798,"comment_status":"open","ping_status":"closed","template":"","meta":[],"product_brand":[],"product_cat":[22],"product_tag":[],"class_list":{"0":"post-7538","1":"product","2":"type-product","3":"status-publish","4":"has-post-thumbnail","6":"product_cat-disposable-vape-sticks","8":"first","9":"instock","10":"shipping-taxable","11":"purchasable","12":"product-type-simple"},"jetpack_sharing_enabled":true,"tiered_pricing_type":"fixed","tiered_pricing_fixed_rules":{"1000":7,"10000":6,"50000":5},"tiered_pricing_product_settings":{"layout":"default","base_unit_name":{"singular":null,"plural":null},"default_variation":null},"tiered_pricing_minimum_quantity":100,"tiered_pricing_roles_data":[],"tiered_pricing_percentage_rules":[],"tiered_pricing_maximum_quantity":null,"tiered_pricing_quantity_step":null,"_links":{"self":[{"href":"https:\/\/cloudsupplyvapes.com\/es\/wp-json\/wp\/v2\/product\/7538","targetHints":{"allow":["GET"]}}],"collection":[{"href":"https:\/\/cloudsupplyvapes.com\/es\/wp-json\/wp\/v2\/product"}],"about":[{"href":"https:\/\/cloudsupplyvapes.com\/es\/wp-json\/wp\/v2\/types\/product"}],"replies":[{"embeddable":true,"href":"https:\/\/cloudsupplyvapes.com\/es\/wp-json\/wp\/v2\/comments?post=7538"}],"wp:featuredmedia":[{"embeddable":true,"href":"https:\/\/cloudsupplyvapes.com\/es\/wp-json\/wp\/v2\/media\/7798"}],"wp:attachment":[{"href":"https:\/\/cloudsupplyvapes.com\/es\/wp-json\/wp\/v2\/media?parent=7538"}],"wp:term":[{"taxonomy":"product_brand","embeddable":true,"href":"https:\/\/cloudsupplyvapes.com\/es\/wp-json\/wp\/v2\/product_brand?post=7538"},{"taxonomy":"product_cat","embeddable":true,"href":"https:\/\/cloudsupplyvapes.com\/es\/wp-json\/wp\/v2\/product_cat?post=7538"},{"taxonomy":"product_tag","embeddable":true,"href":"https:\/\/cloudsupplyvapes.com\/es\/wp-json\/wp\/v2\/product_tag?post=7538"}],"curies":[{"name":"wp","href":"https:\/\/api.w.org\/{rel}","templated":true}]}}