{"id":7622,"date":"2024-10-19T02:53:56","date_gmt":"2024-10-19T02:53:56","guid":{"rendered":"https:\/\/cloudsupplyvapes.com\/?post_type=product&#038;p=7622"},"modified":"2024-11-25T07:35:58","modified_gmt":"2024-11-25T07:35:58","slug":"-244","status":"publish","type":"product","link":"https:\/\/cloudsupplyvapes.com\/es\/product\/vozol-neon-10000-puffs-disposable-vape-wholesale\/","title":{"rendered":"VOZOL Neon 10000 Puffs Vape Desechable al por mayor Alta Potencia de Nicotina Dise\u00f1o Port\u00e1til"},"content":{"rendered":"<h2>VOZOL Neon 10000 Vape desechable<\/h2>\n<ul class=\"top\">\n<li>Marca:\u00a0<b>VOZOL<\/b><\/li>\n<li>Unidad: set<\/li>\n<li>Tipo:\u00a0<b>Vape desechable<\/b><\/li>\n<li>Peso neto: 68(g)<\/li>\n<\/ul>\n<p>El sistema calcular\u00e1 autom\u00e1ticamente los gastos de env\u00edo combinados despu\u00e9s de que elija el destino del env\u00edo en el paso de pago.<\/p>\n<div class=\"title\">VOZOL Neon 10000 Vape Desechable INTRODUCCI\u00d3N<\/div>\n<p><b>VOZOL Neon 10000 Vape desechable\u00a0<\/b>es f\u00e1cil de usar. Viene con 10ml de zumo de vape precargado, una bater\u00eda recargable de 500mAh, y una bobina especial de cer\u00e1mica de 5\u00aa generaci\u00f3n. Este vape puede darte unas 10.000 caladas. Est\u00e1 dise\u00f1ado para evitar fugas, por lo que no tendr\u00e1s ninguna situaci\u00f3n inc\u00f3moda. La bobina de cer\u00e1mica de 5\u00aa generaci\u00f3n calienta el vaporizador y te permite disfrutar de 10.000 caladas con s\u00f3lo 10 ml de vaporizador. Puedes ver f\u00e1cilmente el nivel de la bater\u00eda y cu\u00e1nto e-zumo queda en el dep\u00f3sito porque tiene un indicador de estado de la bater\u00eda y un dep\u00f3sito de zumo transparente. No espere m\u00e1s, pruebe el VOZOL Neon 10000. \u00a1Es una elecci\u00f3n inteligente!<\/p>\n<p class=\"second-title\">Caracter\u00edsticas<\/p>\n<p>- E-l\u00edquido precargado de 10 ml<\/p>\n<p>- 5%(50mg) Nicotina<\/p>\n<p>- Bater\u00eda recargable de 500 mAh<\/p>\n<p>- Aproximadamente 10000 Puffs<\/p>\n<p>- Puerto Tipo-C (cable no incluido)<\/p>\n<p>- Activado por sorteo<\/p>\n<p>- MTL Vaping<\/p>\n<p>- Bobina cer\u00e1mica de 5\u00aa generaci\u00f3n<\/p>\n<p>- Tecnolog\u00eda antifugas<\/p>\n<p>- Dep\u00f3sito de l\u00edquido visible<\/p>\n<div class=\"title\">VOZOL Neon 10000 Vape desechable PAQUETE L<\/div>","protected":false},"excerpt":{"rendered":"<p>El VOZOL Neon 10000 Puffs Vape Desechable Mayorista combina una alta potencia de nicotina con un dise\u00f1o compacto y ecol\u00f3gico, proporcionando suaves golpes de garganta y ricos sabores.<\/p>","protected":false},"featured_media":7861,"comment_status":"open","ping_status":"closed","template":"","meta":[],"product_brand":[],"product_cat":[22],"product_tag":[],"class_list":{"0":"post-7622","1":"product","2":"type-product","3":"status-publish","4":"has-post-thumbnail","6":"product_cat-disposable-vape-sticks","8":"first","9":"instock","10":"shipping-taxable","11":"purchasable","12":"product-type-simple"},"jetpack_sharing_enabled":true,"tiered_pricing_type":"fixed","tiered_pricing_fixed_rules":{"1000":8,"10000":7,"50000":6},"tiered_pricing_product_settings":{"layout":"default","base_unit_name":{"singular":null,"plural":null},"default_variation":null},"tiered_pricing_minimum_quantity":100,"tiered_pricing_roles_data":[],"tiered_pricing_percentage_rules":[],"tiered_pricing_maximum_quantity":null,"tiered_pricing_quantity_step":null,"_links":{"self":[{"href":"https:\/\/cloudsupplyvapes.com\/es\/wp-json\/wp\/v2\/product\/7622","targetHints":{"allow":["GET"]}}],"collection":[{"href":"https:\/\/cloudsupplyvapes.com\/es\/wp-json\/wp\/v2\/product"}],"about":[{"href":"https:\/\/cloudsupplyvapes.com\/es\/wp-json\/wp\/v2\/types\/product"}],"replies":[{"embeddable":true,"href":"https:\/\/cloudsupplyvapes.com\/es\/wp-json\/wp\/v2\/comments?post=7622"}],"wp:featuredmedia":[{"embeddable":true,"href":"https:\/\/cloudsupplyvapes.com\/es\/wp-json\/wp\/v2\/media\/7861"}],"wp:attachment":[{"href":"https:\/\/cloudsupplyvapes.com\/es\/wp-json\/wp\/v2\/media?parent=7622"}],"wp:term":[{"taxonomy":"product_brand","embeddable":true,"href":"https:\/\/cloudsupplyvapes.com\/es\/wp-json\/wp\/v2\/product_brand?post=7622"},{"taxonomy":"product_cat","embeddable":true,"href":"https:\/\/cloudsupplyvapes.com\/es\/wp-json\/wp\/v2\/product_cat?post=7622"},{"taxonomy":"product_tag","embeddable":true,"href":"https:\/\/cloudsupplyvapes.com\/es\/wp-json\/wp\/v2\/product_tag?post=7622"}],"curies":[{"name":"wp","href":"https:\/\/api.w.org\/{rel}","templated":true}]}}