{"id":7623,"date":"2024-10-19T02:53:57","date_gmt":"2024-10-19T02:53:57","guid":{"rendered":"https:\/\/cloudsupplyvapes.com\/?post_type=product&#038;p=7623"},"modified":"2024-11-25T07:35:45","modified_gmt":"2024-11-25T07:35:45","slug":"-245","status":"publish","type":"product","link":"https:\/\/cloudsupplyvapes.com\/es\/product\/airis-speedy-15000-puffs-disposable-vape-wholesale\/","title":{"rendered":"Airis Speedy 15000 Puffs Vape desechable al por mayor Construcci\u00f3n duradera Experiencia rica en sabor"},"content":{"rendered":"<h2>Kit de Vape Desechable Airis Speedy 15K<\/h2>\n<ul class=\"top\">\n<li>Marca:\u00a0<b>Airis<\/b><\/li>\n<li>Unidad: set<\/li>\n<li>Tipo:\u00a0<b>Vape desechable<\/b><\/li>\n<li>Peso neto: 70(g)<\/li>\n<\/ul>\n<p>El sistema calcular\u00e1 autom\u00e1ticamente los gastos de env\u00edo combinados despu\u00e9s de que elija el destino del env\u00edo en el paso de pago.<\/p>\n<h3 class=\"title\">Airis Speedy 15K Vape Desechable INTRODUCCI\u00d3N<\/h3>\n<p><b>Kit desechable Airis Speedy 15K\u00a0<\/b>es un vapeador desechable inteligente y f\u00e1cil de usar con encendido de respuesta r\u00e1pida y una pantalla de visualizaci\u00f3n inteligente. Airis Speedy est\u00e1 decorado con los elementos populares de las carreras. Equipado con el chip Airis Pure Core 2.0, Speedy 15K produce vapor m\u00e1s r\u00e1pido. No hay necesidad de esperar en absoluto. Hay dos modos para que usted elija. El Modo S puede ofrecerte como m\u00e1ximo 15000 caladas y el Modo D proporciona 10000 caladas de sabores m\u00e1s intensos. La recarga tambi\u00e9n es c\u00f3moda. Puedes usar un cable Type-C o Lightning.<\/p>\n<p class=\"second-title\">Caracter\u00edsticas<\/p>\n<p>- Bater\u00eda recargable integrada de 650 mAh<\/p>\n<p>- Capacidad del e-jugo: 18ml<\/p>\n<p>- 5% Potencia de nicotina<\/p>\n<p>- Chip Airis Pure Core 2.0<\/p>\n<p>- Ignici\u00f3n de respuesta r\u00e1pida<\/p>\n<p>- Bobinas de malla doble de 1,0ohm<\/p>\n<p>- Pantalla de visualizaci\u00f3n<\/p>\n<p>- Cantidad de caladas: Aproximadamente 15000 Puffs (Modo S)\/10000 Puffs (Modo D)<\/p>\n<p>- Doble puerto de carga: Puerto de carga Lightning\/Type-C (cable no incluido)<\/p>\n<p>- Activado por sorteo<\/p>\n<p>- MTL Vaping<\/p>","protected":false},"excerpt":{"rendered":"<p>El Airis Speedy 15000 Puffs Vape Desechable al por mayor ofrece una construcci\u00f3n duradera, un rendimiento rico en sabor, y un dise\u00f1o ergon\u00f3mico y ligero para largas sesiones de vapeo.<\/p>","protected":false},"featured_media":7868,"comment_status":"open","ping_status":"closed","template":"","meta":[],"product_brand":[],"product_cat":[22],"product_tag":[],"class_list":{"0":"post-7623","1":"product","2":"type-product","3":"status-publish","4":"has-post-thumbnail","6":"product_cat-disposable-vape-sticks","8":"first","9":"instock","10":"shipping-taxable","11":"purchasable","12":"product-type-simple"},"jetpack_sharing_enabled":true,"tiered_pricing_type":"fixed","tiered_pricing_fixed_rules":{"1000":11,"10000":9,"50000":7},"tiered_pricing_product_settings":{"layout":"default","base_unit_name":{"singular":null,"plural":null},"default_variation":null},"tiered_pricing_minimum_quantity":100,"tiered_pricing_roles_data":[],"tiered_pricing_percentage_rules":[],"tiered_pricing_maximum_quantity":null,"tiered_pricing_quantity_step":null,"_links":{"self":[{"href":"https:\/\/cloudsupplyvapes.com\/es\/wp-json\/wp\/v2\/product\/7623","targetHints":{"allow":["GET"]}}],"collection":[{"href":"https:\/\/cloudsupplyvapes.com\/es\/wp-json\/wp\/v2\/product"}],"about":[{"href":"https:\/\/cloudsupplyvapes.com\/es\/wp-json\/wp\/v2\/types\/product"}],"replies":[{"embeddable":true,"href":"https:\/\/cloudsupplyvapes.com\/es\/wp-json\/wp\/v2\/comments?post=7623"}],"wp:featuredmedia":[{"embeddable":true,"href":"https:\/\/cloudsupplyvapes.com\/es\/wp-json\/wp\/v2\/media\/7868"}],"wp:attachment":[{"href":"https:\/\/cloudsupplyvapes.com\/es\/wp-json\/wp\/v2\/media?parent=7623"}],"wp:term":[{"taxonomy":"product_brand","embeddable":true,"href":"https:\/\/cloudsupplyvapes.com\/es\/wp-json\/wp\/v2\/product_brand?post=7623"},{"taxonomy":"product_cat","embeddable":true,"href":"https:\/\/cloudsupplyvapes.com\/es\/wp-json\/wp\/v2\/product_cat?post=7623"},{"taxonomy":"product_tag","embeddable":true,"href":"https:\/\/cloudsupplyvapes.com\/es\/wp-json\/wp\/v2\/product_tag?post=7623"}],"curies":[{"name":"wp","href":"https:\/\/api.w.org\/{rel}","templated":true}]}}