{"id":7624,"date":"2024-10-19T02:53:57","date_gmt":"2024-10-19T02:53:57","guid":{"rendered":"https:\/\/cloudsupplyvapes.com\/?post_type=product&#038;p=7624"},"modified":"2024-11-25T07:35:21","modified_gmt":"2024-11-25T07:35:21","slug":"-246","status":"publish","type":"product","link":"https:\/\/cloudsupplyvapes.com\/es\/product\/airis-noble-10000-puffs-disposable-vape-wholesale\/","title":{"rendered":"Airis Noble 10000 Puffs Vape Desechable Mayorista Recargable Dise\u00f1o A Prueba De Fugas"},"content":{"rendered":"<h2>Airis Noble 10000 Vape desechable<\/h2>\n<ul class=\"top\">\n<li>Marca:\u00a0<b>Airis<\/b><\/li>\n<li>Unidad: set<\/li>\n<li>Tipo:\u00a0<b>Vape desechable<\/b><\/li>\n<li>Peso neto: 68(g)<\/li>\n<\/ul>\n<p>El sistema calcular\u00e1 autom\u00e1ticamente los gastos de env\u00edo combinados despu\u00e9s de que elija el destino del env\u00edo en el paso de pago.<\/p>\n<div class=\"title\">Airis Noble 10000 Vape Desechable INTRODUCCI\u00d3N<\/div>\n<p><b>Airis Noble 10000 Vape desechable\u00a0<\/b>ofrece generosamente 10000 caladas con 18ml de zumo de vape precargado, una bater\u00eda recargable de 650mAh, flujo de aire ajustable y una pantalla de visualizaci\u00f3n del estado de la bater\u00eda y el nivel de e-zumo. Airis Noble adopta la decoraci\u00f3n de un reloj mec\u00e1nico, lo que indica su precisi\u00f3n. El interruptor en forma de engranaje le permite ajustar el flujo de aire para satisfacer diferentes necesidades. Adem\u00e1s, siempre puede comprobar el nivel de e-jugo, as\u00ed como el estado de la bater\u00eda a trav\u00e9s de una gran pantalla inteligente. Airis Noble es un Rolex en el campo del vapeo.<\/p>\n<p class=\"second-title\">Caracter\u00edsticas<\/p>\n<p>- E-l\u00edquido precargado de 18ml<\/p>\n<p>- 5%(50mg) Nicotina<\/p>\n<p>- Bater\u00eda recargable de 650 mAh<\/p>\n<p>- Bobina de malla de 1,0ohm<\/p>\n<p>- Flujo de aire ajustable<\/p>\n<p>- Airis Pure Core Tech<\/p>\n<p>- Aproximadamente 10000 Puffs<\/p>\n<p>- Pantalla inteligente para el estado de la bater\u00eda y el nivel de e-juice<\/p>\n<p>- Puerto Tipo-C (cable no incluido)<\/p>\n<p>&nbsp;<\/p>\n<p>- Activado por sorteo<\/p>\n<p>- MTL Vaping<\/p>","protected":false},"excerpt":{"rendered":"<p>El vaporizador desechable Airis Noble 10000 Puffs cuenta con una bater\u00eda recargable, un dise\u00f1o a prueba de fugas y material de alta calidad para un vapeo consistente y duradero.<\/p>","protected":false},"featured_media":7875,"comment_status":"open","ping_status":"closed","template":"","meta":[],"product_brand":[],"product_cat":[22],"product_tag":[],"class_list":{"0":"post-7624","1":"product","2":"type-product","3":"status-publish","4":"has-post-thumbnail","6":"product_cat-disposable-vape-sticks","8":"first","9":"instock","10":"shipping-taxable","11":"purchasable","12":"product-type-simple"},"jetpack_sharing_enabled":true,"tiered_pricing_type":"fixed","tiered_pricing_fixed_rules":{"1000":8,"10000":7,"50000":6},"tiered_pricing_product_settings":{"layout":"default","base_unit_name":{"singular":null,"plural":null},"default_variation":null},"tiered_pricing_minimum_quantity":100,"tiered_pricing_roles_data":[],"tiered_pricing_percentage_rules":[],"tiered_pricing_maximum_quantity":null,"tiered_pricing_quantity_step":null,"_links":{"self":[{"href":"https:\/\/cloudsupplyvapes.com\/es\/wp-json\/wp\/v2\/product\/7624","targetHints":{"allow":["GET"]}}],"collection":[{"href":"https:\/\/cloudsupplyvapes.com\/es\/wp-json\/wp\/v2\/product"}],"about":[{"href":"https:\/\/cloudsupplyvapes.com\/es\/wp-json\/wp\/v2\/types\/product"}],"replies":[{"embeddable":true,"href":"https:\/\/cloudsupplyvapes.com\/es\/wp-json\/wp\/v2\/comments?post=7624"}],"wp:featuredmedia":[{"embeddable":true,"href":"https:\/\/cloudsupplyvapes.com\/es\/wp-json\/wp\/v2\/media\/7875"}],"wp:attachment":[{"href":"https:\/\/cloudsupplyvapes.com\/es\/wp-json\/wp\/v2\/media?parent=7624"}],"wp:term":[{"taxonomy":"product_brand","embeddable":true,"href":"https:\/\/cloudsupplyvapes.com\/es\/wp-json\/wp\/v2\/product_brand?post=7624"},{"taxonomy":"product_cat","embeddable":true,"href":"https:\/\/cloudsupplyvapes.com\/es\/wp-json\/wp\/v2\/product_cat?post=7624"},{"taxonomy":"product_tag","embeddable":true,"href":"https:\/\/cloudsupplyvapes.com\/es\/wp-json\/wp\/v2\/product_tag?post=7624"}],"curies":[{"name":"wp","href":"https:\/\/api.w.org\/{rel}","templated":true}]}}