{"id":7625,"date":"2024-10-19T02:53:57","date_gmt":"2024-10-19T02:53:57","guid":{"rendered":"https:\/\/cloudsupplyvapes.com\/?post_type=product&#038;p=7625"},"modified":"2024-11-25T07:35:07","modified_gmt":"2024-11-25T07:35:07","slug":"-247","status":"publish","type":"product","link":"https:\/\/cloudsupplyvapes.com\/es\/product\/airis-neo-p9000-9000-puffs-disposable-vape-wholesale\/","title":{"rendered":"Airis Neo P9000 9000 Puffs Vape desechable al por mayor Flujo de aire ajustable Carga r\u00e1pida"},"content":{"rendered":"<h2>Airis Neo P9000 Vape desechable<\/h2>\n<ul class=\"top\">\n<li style=\"list-style-type: none;\">\n<ul class=\"top\">\n<li>Marca:\u00a0<b>Airis<\/b><\/li>\n<li>Unidad: set<\/li>\n<li>Tipo:\u00a0<b>Vape desechable<\/b><\/li>\n<li>Peso neto: 70(g)<\/li>\n<\/ul>\n<\/li>\n<\/ul>\n<p>El sistema calcular\u00e1 autom\u00e1ticamente los gastos de env\u00edo combinados despu\u00e9s de que elija el destino del env\u00edo en el paso de pago.<\/p>\n<div class=\"title\">Airis Neo P9000 Vape Desechable INTRODUCCI\u00d3N<\/div>\n<p><b>Airis Neo P9000 Vape desechable<\/b>\u00a0Con una carga de 17ml de e-l\u00edquido precargado, el Airis Neo P9000 evoca diferentes sabores hasta 9000 caladas. Para disfrutar a\u00fan m\u00e1s de los sabores, utiliza un flujo de aire ajustable y una potencia de nicotina de 5% (50mg). El e-l\u00edquido y la pantalla de la bater\u00eda se encuentra en la parte delantera para la supervisi\u00f3n. Hecho a mano de la c\u00e1scara transparente, cristal-estilo, el patr\u00f3n de ondulaci\u00f3n a\u00f1ade delicadeza. Dale una calada, el apretado tiro MTL est\u00e1 dise\u00f1ado para cualquier vapor.<\/p>\n<p class=\"second-title\">Caracter\u00edsticas<\/p>\n<p>- E-l\u00edquido precargado de 17ml<\/p>\n<p>- 5%(50mg) Potencia de nicotina<\/p>\n<p>- Bater\u00eda recargable de 650 mAh<\/p>\n<p>- USB Tipo-C (no incluido)<\/p>\n<p>- Aproximadamente 9000 Puffs<\/p>\n<p>- Bobina de malla<\/p>\n<p>- Activado por sorteo<\/p>\n<p>- MTL Vaping<\/p>\n<p>- Control ajustable del flujo de aire<\/p>\n<p>- Pantalla de capacidad de e-l\u00edquido y potencia<\/p>\n<p>- Indicador de E-l\u00edquido<\/p>\n<p>- Protecci\u00f3n contra cortocircuitos, baja potencia y carga<\/p>","protected":false},"excerpt":{"rendered":"<p>El Airis Neo P9000 9000 Puffs Vape desechable al por mayor combina el flujo de aire ajustable con la tecnolog\u00eda de carga r\u00e1pida, la entrega de vapor suave y una soluci\u00f3n ultra-port\u00e1til vaping.<\/p>","protected":false},"featured_media":7881,"comment_status":"open","ping_status":"closed","template":"","meta":[],"product_brand":[],"product_cat":[22],"product_tag":[],"class_list":{"0":"post-7625","1":"product","2":"type-product","3":"status-publish","4":"has-post-thumbnail","6":"product_cat-disposable-vape-sticks","8":"first","9":"instock","10":"shipping-taxable","11":"purchasable","12":"product-type-simple"},"jetpack_sharing_enabled":true,"tiered_pricing_type":"fixed","tiered_pricing_fixed_rules":{"1000":7,"10000":6,"50000":5},"tiered_pricing_product_settings":{"layout":"default","base_unit_name":{"singular":null,"plural":null},"default_variation":null},"tiered_pricing_minimum_quantity":100,"tiered_pricing_roles_data":[],"tiered_pricing_percentage_rules":[],"tiered_pricing_maximum_quantity":null,"tiered_pricing_quantity_step":null,"_links":{"self":[{"href":"https:\/\/cloudsupplyvapes.com\/es\/wp-json\/wp\/v2\/product\/7625","targetHints":{"allow":["GET"]}}],"collection":[{"href":"https:\/\/cloudsupplyvapes.com\/es\/wp-json\/wp\/v2\/product"}],"about":[{"href":"https:\/\/cloudsupplyvapes.com\/es\/wp-json\/wp\/v2\/types\/product"}],"replies":[{"embeddable":true,"href":"https:\/\/cloudsupplyvapes.com\/es\/wp-json\/wp\/v2\/comments?post=7625"}],"wp:featuredmedia":[{"embeddable":true,"href":"https:\/\/cloudsupplyvapes.com\/es\/wp-json\/wp\/v2\/media\/7881"}],"wp:attachment":[{"href":"https:\/\/cloudsupplyvapes.com\/es\/wp-json\/wp\/v2\/media?parent=7625"}],"wp:term":[{"taxonomy":"product_brand","embeddable":true,"href":"https:\/\/cloudsupplyvapes.com\/es\/wp-json\/wp\/v2\/product_brand?post=7625"},{"taxonomy":"product_cat","embeddable":true,"href":"https:\/\/cloudsupplyvapes.com\/es\/wp-json\/wp\/v2\/product_cat?post=7625"},{"taxonomy":"product_tag","embeddable":true,"href":"https:\/\/cloudsupplyvapes.com\/es\/wp-json\/wp\/v2\/product_tag?post=7625"}],"curies":[{"name":"wp","href":"https:\/\/api.w.org\/{rel}","templated":true}]}}