{"id":7626,"date":"2024-10-19T02:53:57","date_gmt":"2024-10-19T02:53:57","guid":{"rendered":"https:\/\/cloudsupplyvapes.com\/?post_type=product&#038;p=7626"},"modified":"2024-11-25T07:34:50","modified_gmt":"2024-11-25T07:34:50","slug":"-248","status":"publish","type":"product","link":"https:\/\/cloudsupplyvapes.com\/es\/product\/airis-mega-2000-puffs-disposable-vape-wholesale\/","title":{"rendered":"Airis MEGA 2000 Puffs Vape desechable al por mayor Vape fiable de larga duraci\u00f3n"},"content":{"rendered":"<h2>Airis MEGA Desechable<\/h2>\n<ul class=\"top\">\n<li style=\"list-style-type: none;\">\n<ul class=\"top\">\n<li>Marca: Airis<\/li>\n<li>Unidad: set<\/li>\n<li>Tipo: Kit de Vape desechable<\/li>\n<li>Peso neto: 50(g)<\/li>\n<\/ul>\n<\/li>\n<\/ul>\n<p>El sistema calcular\u00e1 autom\u00e1ticamente los gastos de env\u00edo combinados despu\u00e9s de que elija el destino del env\u00edo en el paso de pago.<\/p>\n<div class=\"title\">Airis MEGA Desechable INTRODUCCI\u00d3N<\/div>\n<p><b>Airis MEGA Desechable<\/b>\u00a0est\u00e1 lleno de una bater\u00eda incorporada 1050mAh y una firma 6mL capacidad jugo vape que contiene un nivel de nicotina 5% sal. El flujo de aire es abundante para esos golpes vaping y tambi\u00e9n es ajustable si usted prefiere un golpe de garganta m\u00e1s fuerte, y cada dispositivo puede satisfacer alrededor de 2000puffs. Este kit tiene s\u00f3lo un valor de resistencia que cuenta con 1.8ohm, permitiendo a los clientes tener s\u00f3lo una experiencia vaping de salida para un sabor consistente. 15 tipos de sabores debe ser otra parte impresionante de todo el dispositivo, elegir lo que usted espera de esos sabores dulces.<\/p>\n<p class=\"second-title\">Caracter\u00edsticas<\/p>\n<p>- Bater\u00eda integrada de 1050 mAh<\/p>\n<p>- Capacidad de 6 ml de zumo para vapear<\/p>\n<p>- Satisfaga a unos 2000 Puffs<\/p>\n<p>- 5% Fuerza de Nicotina Salada<\/p>\n<p>- 15 opciones de sabores<\/p>\n<p>- Bobina de 1,8ohm<\/p>\n<p><a href=\"https:\/\/i0.wp.com\/shop.vape.hk\/wp-content\/uploads\/2024\/03\/airis-mega-disposable1_4.jpg?ssl=1\" target=\"_blank\" rel=\"noopener\"><img data-recalc-dims=\"1\" loading=\"lazy\" decoding=\"async\" class=\"alignnone size-full wp-image-129304\" src=\"https:\/\/i0.wp.com\/shop.vape.hk\/wp-content\/uploads\/2024\/03\/airis-mega-disposable1_4.jpg?resize=1020%2C644&#038;ssl=1\" alt=\"Airis MEGA 2000 Puffs Vape Desechable | Mayorista\" width=\"1020\" height=\"644\" title=\"\"><\/a> <a href=\"https:\/\/i0.wp.com\/shop.vape.hk\/wp-content\/uploads\/2024\/03\/airis-mega-disposable1_3.jpg?ssl=1\" target=\"_blank\" rel=\"noopener\"><img data-recalc-dims=\"1\" loading=\"lazy\" decoding=\"async\" class=\"alignnone size-full wp-image-129303\" src=\"https:\/\/i0.wp.com\/shop.vape.hk\/wp-content\/uploads\/2024\/03\/airis-mega-disposable1_3.jpg?resize=1020%2C344&#038;ssl=1\" alt=\"Airis MEGA 2000 Puffs Vape Desechable | Mayorista\" width=\"1020\" height=\"344\" title=\"\"><\/a> <a href=\"https:\/\/i0.wp.com\/shop.vape.hk\/wp-content\/uploads\/2024\/03\/airis-mega-disposable1_1.jpg?ssl=1\" target=\"_blank\" rel=\"noopener\"><img data-recalc-dims=\"1\" loading=\"lazy\" decoding=\"async\" class=\"alignnone size-full wp-image-129302\" src=\"https:\/\/i0.wp.com\/shop.vape.hk\/wp-content\/uploads\/2024\/03\/airis-mega-disposable1_1.jpg?resize=1020%2C934&#038;ssl=1\" alt=\"Airis MEGA 2000 Puffs Vape Desechable | Mayorista\" width=\"1020\" height=\"934\" title=\"\"><\/a> <a href=\"https:\/\/i0.wp.com\/shop.vape.hk\/wp-content\/uploads\/2024\/03\/airis-mega-disposable1_2.jpg?ssl=1\" target=\"_blank\" rel=\"noopener\"><img data-recalc-dims=\"1\" loading=\"lazy\" decoding=\"async\" class=\"alignnone size-full wp-image-129300\" src=\"https:\/\/i0.wp.com\/shop.vape.hk\/wp-content\/uploads\/2024\/03\/airis-mega-disposable1_2.jpg?resize=1020%2C804&#038;ssl=1\" alt=\"Airis MEGA 2000 Puffs Vape Desechable | Mayorista\" width=\"1020\" height=\"804\" title=\"\"><\/a><\/p>","protected":false},"excerpt":{"rendered":"<p>El Airis MEGA 2000 Puffs Vape Desechable al por mayor ofrece un rendimiento constante, bater\u00eda de larga duraci\u00f3n, y un dise\u00f1o elegante, garantizando vapor rico y una experiencia de vapeo discreta.<\/p>","protected":false},"featured_media":7889,"comment_status":"open","ping_status":"closed","template":"","meta":[],"product_brand":[],"product_cat":[22],"product_tag":[],"class_list":{"0":"post-7626","1":"product","2":"type-product","3":"status-publish","4":"has-post-thumbnail","6":"product_cat-disposable-vape-sticks","8":"first","9":"instock","10":"shipping-taxable","11":"purchasable","12":"product-type-simple"},"jetpack_sharing_enabled":true,"tiered_pricing_type":"fixed","tiered_pricing_fixed_rules":{"1000":5,"10000":4,"50000":3},"tiered_pricing_product_settings":{"layout":"default","base_unit_name":{"singular":null,"plural":null},"default_variation":null},"tiered_pricing_minimum_quantity":100,"tiered_pricing_roles_data":[],"tiered_pricing_percentage_rules":[],"tiered_pricing_maximum_quantity":null,"tiered_pricing_quantity_step":null,"_links":{"self":[{"href":"https:\/\/cloudsupplyvapes.com\/es\/wp-json\/wp\/v2\/product\/7626","targetHints":{"allow":["GET"]}}],"collection":[{"href":"https:\/\/cloudsupplyvapes.com\/es\/wp-json\/wp\/v2\/product"}],"about":[{"href":"https:\/\/cloudsupplyvapes.com\/es\/wp-json\/wp\/v2\/types\/product"}],"replies":[{"embeddable":true,"href":"https:\/\/cloudsupplyvapes.com\/es\/wp-json\/wp\/v2\/comments?post=7626"}],"wp:featuredmedia":[{"embeddable":true,"href":"https:\/\/cloudsupplyvapes.com\/es\/wp-json\/wp\/v2\/media\/7889"}],"wp:attachment":[{"href":"https:\/\/cloudsupplyvapes.com\/es\/wp-json\/wp\/v2\/media?parent=7626"}],"wp:term":[{"taxonomy":"product_brand","embeddable":true,"href":"https:\/\/cloudsupplyvapes.com\/es\/wp-json\/wp\/v2\/product_brand?post=7626"},{"taxonomy":"product_cat","embeddable":true,"href":"https:\/\/cloudsupplyvapes.com\/es\/wp-json\/wp\/v2\/product_cat?post=7626"},{"taxonomy":"product_tag","embeddable":true,"href":"https:\/\/cloudsupplyvapes.com\/es\/wp-json\/wp\/v2\/product_tag?post=7626"}],"curies":[{"name":"wp","href":"https:\/\/api.w.org\/{rel}","templated":true}]}}