{"id":7627,"date":"2024-10-19T02:53:57","date_gmt":"2024-10-19T02:53:57","guid":{"rendered":"https:\/\/cloudsupplyvapes.com\/?post_type=product&#038;p=7627"},"modified":"2024-11-25T07:34:33","modified_gmt":"2024-11-25T07:34:33","slug":"-249","status":"publish","type":"product","link":"https:\/\/cloudsupplyvapes.com\/es\/product\/airis-chief-2600-puffs-disposable-vape-wholesale\/","title":{"rendered":"Airis Chief 2600 Puffs Vape Desechable Al Por Mayor Compacto Rendimiento Duradero"},"content":{"rendered":"<h2>Airis Chief Desechable<\/h2>\n<ul class=\"top\">\n<li style=\"list-style-type: none;\">\n<ul class=\"top\">\n<li>Marca: Airis<\/li>\n<li>Unidad: set<\/li>\n<li>Tipo: Kit de Vape desechable<\/li>\n<li>Peso neto: 50(g)<\/li>\n<\/ul>\n<\/li>\n<\/ul>\n<p>El sistema calcular\u00e1 autom\u00e1ticamente los gastos de env\u00edo combinados despu\u00e9s de que elija el destino del env\u00edo en el paso de pago.<\/p>\n<div class=\"title\">Airis Chief Desechable INTRODUCCI\u00d3N<\/div>\n<p><b>Airis Chief Desechable<\/b>\u00a0se aprovecha de una bater\u00eda interna de 1200mAh, se adapta a la bobina m\u00e1s potente de 1,8ohm. El esfuerzo de una ultra-gran capacidad de jugo de 7 ml vape que es capaz de utilizar 5% fuerza de nicotina sal, con el objetivo de que el sabor suave y estelar. Adem\u00e1s, hay 15 opciones de sabor que usted puede esperar, cada uno le permite disfrutar de hasta 2600 caladas. De todos modos, es un dispositivo de vapeo desechable premium que combina elegancia y tecnolog\u00eda.<\/p>\n<p class=\"second-title\">Caracter\u00edsticas<\/p>\n<p>- Bater\u00eda interna de 1200 mAh<\/p>\n<p>- Bobina de 1,8ohm<\/p>\n<p>- Capacidad de 7 ml<\/p>\n<p>- 5% Fuerza de Nicotina Salada<\/p>\n<p>- 15 opciones de sabores<\/p>\n<p>- 2600 bocanadas por unidad<\/p>\n<p><a href=\"https:\/\/i0.wp.com\/shop.vape.hk\/wp-content\/uploads\/2024\/03\/airis-chief-disposable1_2.jpg?ssl=1\" target=\"_blank\" rel=\"noopener\"><img data-recalc-dims=\"1\" loading=\"lazy\" decoding=\"async\" class=\"alignnone size-full wp-image-129324\" src=\"https:\/\/i0.wp.com\/shop.vape.hk\/wp-content\/uploads\/2024\/03\/airis-chief-disposable1_2.jpg?resize=1020%2C562&#038;ssl=1\" alt=\"Airis Chief 2600 Puffs Vape Desechable | Venta al por mayor\" width=\"1020\" height=\"562\" title=\"\"><\/a> <a href=\"https:\/\/i0.wp.com\/shop.vape.hk\/wp-content\/uploads\/2024\/03\/airis-chief-disposable1_1.jpg?ssl=1\" target=\"_blank\" rel=\"noopener\"><img data-recalc-dims=\"1\" loading=\"lazy\" decoding=\"async\" class=\"alignnone size-full wp-image-129323\" src=\"https:\/\/i0.wp.com\/shop.vape.hk\/wp-content\/uploads\/2024\/03\/airis-chief-disposable1_1.jpg?resize=1020%2C534&#038;ssl=1\" alt=\"Airis Chief 2600 Puffs Vape Desechable | Venta al por mayor\" width=\"1020\" height=\"534\" title=\"\"><\/a><\/p>","protected":false},"excerpt":{"rendered":"<p>El Airis Chief 2600 Puffs Vape Desechable al por mayor est\u00e1 dise\u00f1ado con una estructura compacta, construcci\u00f3n duradera, y suaves golpes de garganta, por lo que es una soluci\u00f3n para principiantes y port\u00e1til.<\/p>","protected":false},"featured_media":7896,"comment_status":"open","ping_status":"closed","template":"","meta":[],"product_brand":[],"product_cat":[22],"product_tag":[],"class_list":{"0":"post-7627","1":"product","2":"type-product","3":"status-publish","4":"has-post-thumbnail","6":"product_cat-disposable-vape-sticks","8":"first","9":"instock","10":"shipping-taxable","11":"purchasable","12":"product-type-simple"},"jetpack_sharing_enabled":true,"tiered_pricing_type":"fixed","tiered_pricing_fixed_rules":{"1000":4.5,"10000":3.5,"50000":2.5},"tiered_pricing_product_settings":{"layout":"default","base_unit_name":{"singular":null,"plural":null},"default_variation":null},"tiered_pricing_minimum_quantity":100,"tiered_pricing_roles_data":[],"tiered_pricing_percentage_rules":[],"tiered_pricing_maximum_quantity":null,"tiered_pricing_quantity_step":null,"_links":{"self":[{"href":"https:\/\/cloudsupplyvapes.com\/es\/wp-json\/wp\/v2\/product\/7627","targetHints":{"allow":["GET"]}}],"collection":[{"href":"https:\/\/cloudsupplyvapes.com\/es\/wp-json\/wp\/v2\/product"}],"about":[{"href":"https:\/\/cloudsupplyvapes.com\/es\/wp-json\/wp\/v2\/types\/product"}],"replies":[{"embeddable":true,"href":"https:\/\/cloudsupplyvapes.com\/es\/wp-json\/wp\/v2\/comments?post=7627"}],"wp:featuredmedia":[{"embeddable":true,"href":"https:\/\/cloudsupplyvapes.com\/es\/wp-json\/wp\/v2\/media\/7896"}],"wp:attachment":[{"href":"https:\/\/cloudsupplyvapes.com\/es\/wp-json\/wp\/v2\/media?parent=7627"}],"wp:term":[{"taxonomy":"product_brand","embeddable":true,"href":"https:\/\/cloudsupplyvapes.com\/es\/wp-json\/wp\/v2\/product_brand?post=7627"},{"taxonomy":"product_cat","embeddable":true,"href":"https:\/\/cloudsupplyvapes.com\/es\/wp-json\/wp\/v2\/product_cat?post=7627"},{"taxonomy":"product_tag","embeddable":true,"href":"https:\/\/cloudsupplyvapes.com\/es\/wp-json\/wp\/v2\/product_tag?post=7627"}],"curies":[{"name":"wp","href":"https:\/\/api.w.org\/{rel}","templated":true}]}}