{"id":7628,"date":"2024-10-19T02:53:57","date_gmt":"2024-10-19T02:53:57","guid":{"rendered":"https:\/\/cloudsupplyvapes.com\/?post_type=product&#038;p=7628"},"modified":"2024-11-25T07:34:13","modified_gmt":"2024-11-25T07:34:13","slug":"-250","status":"publish","type":"product","link":"https:\/\/cloudsupplyvapes.com\/es\/product\/airis-beast-4000-puffs-disposable-vape-wholesale\/","title":{"rendered":"Airis Beast 4000 Puffs Vape desechable al por mayor Alta capacidad Dise\u00f1o ligero"},"content":{"rendered":"<h2>Airis Beast Kit Desechable 4000 Puffs 2200mAh<\/h2>\n<ul class=\"top\">\n<li>Marca: Airis<\/li>\n<li>Unidad: set<\/li>\n<li>Tipo: Kit de Vape desechable<\/li>\n<li>Peso neto: 50(g)<\/li>\n<\/ul>\n<p>El sistema calcular\u00e1 autom\u00e1ticamente los gastos de env\u00edo combinados despu\u00e9s de que elija el destino del env\u00edo en el paso de pago.<\/p>\n<div class=\"title\">Kit desechable Airis Beast INTRODUCCI\u00d3N<\/div>\n<p>Prep\u00e1rese para la\u00a0<b>Kit desechable Airis Beast<\/b>\u00a0\u00a1porque va a ofrecer una impresionante aventura de vaping tech! Es alimentado por una bater\u00eda de 2200mAh hecho a medida, que supera a la mayor\u00eda en el mercado, y con su capacidad de jugo de vape de 16ml, \u00bfno puede tomar alrededor de 4000 caladas? Tambi\u00e9n tiene un sistema de flujo de aire ajustable y est\u00e1 equipado con 5% fuerza de la nicotina sal, ayudando a tener una experiencia perfectamente vaping.<\/p>\n<p>Cuando usted est\u00e1 en la inhalaci\u00f3n de la misma, con ingredientes de primera categor\u00eda traer un tipo de sabor complejo, armonioso y afrutado que golpea sus papilas gustativas, y usted tiene 15 sabores diferentes para elegir, absolutamente soplando su imaginaci\u00f3n. Cuando se trata de los problemas sobre el saneamiento de la boquilla, no se preocupe por ello, debido a que adopta cuidadosamente el dise\u00f1o de protecci\u00f3n de la boquilla que tiene una tapa acoplable. Si usted est\u00e1 buscando un kit desechable, no busque m\u00e1s, Airis Beast Disposable Kit, debe satisfacer toda su imaginaci\u00f3n.<\/p>\n<p class=\"second-title\">Caracter\u00edsticas<\/p>\n<p>- Bater\u00eda de 2200 mAh hecha a medida<\/p>\n<p>- Capacidad de 16 ml<\/p>\n<p>- Toma unas 4000 bocanadas<\/p>\n<p>- Sabor complejo, armonioso y afrutado<\/p>\n<p>- 15 sabores a elegir<\/p>\n<p>- Dise\u00f1o de protecci\u00f3n de la boquilla<\/p>\n<p>- Tapa acoplable<\/p>","protected":false},"excerpt":{"rendered":"<p>El Airis Beast 4000 Puffs Vape Desechable al por mayor cuenta con una gran capacidad, una construcci\u00f3n ligera, y una producci\u00f3n de vapor suave, ofreciendo una experiencia de vapeo sin problemas para el uso port\u00e1til.<\/p>","protected":false},"featured_media":7912,"comment_status":"open","ping_status":"closed","template":"","meta":[],"product_brand":[],"product_cat":[22],"product_tag":[],"class_list":{"0":"post-7628","1":"product","2":"type-product","3":"status-publish","4":"has-post-thumbnail","6":"product_cat-disposable-vape-sticks","8":"first","9":"instock","10":"shipping-taxable","11":"purchasable","12":"product-type-simple"},"jetpack_sharing_enabled":true,"tiered_pricing_type":"fixed","tiered_pricing_fixed_rules":{"1000":5,"10000":4,"50000":3},"tiered_pricing_product_settings":{"layout":"default","base_unit_name":{"singular":null,"plural":null},"default_variation":null},"tiered_pricing_minimum_quantity":100,"tiered_pricing_roles_data":[],"tiered_pricing_percentage_rules":[],"tiered_pricing_maximum_quantity":null,"tiered_pricing_quantity_step":null,"_links":{"self":[{"href":"https:\/\/cloudsupplyvapes.com\/es\/wp-json\/wp\/v2\/product\/7628","targetHints":{"allow":["GET"]}}],"collection":[{"href":"https:\/\/cloudsupplyvapes.com\/es\/wp-json\/wp\/v2\/product"}],"about":[{"href":"https:\/\/cloudsupplyvapes.com\/es\/wp-json\/wp\/v2\/types\/product"}],"replies":[{"embeddable":true,"href":"https:\/\/cloudsupplyvapes.com\/es\/wp-json\/wp\/v2\/comments?post=7628"}],"wp:featuredmedia":[{"embeddable":true,"href":"https:\/\/cloudsupplyvapes.com\/es\/wp-json\/wp\/v2\/media\/7912"}],"wp:attachment":[{"href":"https:\/\/cloudsupplyvapes.com\/es\/wp-json\/wp\/v2\/media?parent=7628"}],"wp:term":[{"taxonomy":"product_brand","embeddable":true,"href":"https:\/\/cloudsupplyvapes.com\/es\/wp-json\/wp\/v2\/product_brand?post=7628"},{"taxonomy":"product_cat","embeddable":true,"href":"https:\/\/cloudsupplyvapes.com\/es\/wp-json\/wp\/v2\/product_cat?post=7628"},{"taxonomy":"product_tag","embeddable":true,"href":"https:\/\/cloudsupplyvapes.com\/es\/wp-json\/wp\/v2\/product_tag?post=7628"}],"curies":[{"name":"wp","href":"https:\/\/api.w.org\/{rel}","templated":true}]}}