{"id":785,"date":"2024-10-19T02:15:05","date_gmt":"2024-10-19T02:15:05","guid":{"rendered":"https:\/\/cloudsupplyvapes.com\/?post_type=product&#038;p=785"},"modified":"2024-11-26T09:25:13","modified_gmt":"2024-11-26T09:25:13","slug":"-25","status":"publish","type":"product","link":"https:\/\/cloudsupplyvapes.com\/es\/product\/iqte-heart-1500-puff-disposable-wholesale\/","title":{"rendered":"IQTE Heart 1500 Puff Vape desechable al por mayor compacto de alta potencia de nicotina"},"content":{"rendered":"<p>5% Sal de nicotina.<\/p>\n<p>1500 bocanadas por dispositivo.<\/p>\n<p>Mecanismo de disparo activado por extracci\u00f3n.<\/p>\n<p>12 sabores disponibles.<\/p>\n<p>5ML de E-l\u00edquido.<\/p>\n<p>10 unidades en caja expositora.<\/p>\n<p>Sabor suave y duradero.<\/p>\n<p>Tama\u00f1o:17*100mm<\/p>\n<p>&nbsp;<\/p>\n<p>Sabor:<\/p>\n<p>Menta fresca<\/p>\n<p>Limonada Blue Razz<\/p>\n<p>Mango Ice<\/p>\n<p>Pi\u00f1a Colada<\/p>\n<p>Melocot\u00f3n helado<\/p>\n<p>Ar\u00e1ndanos sobre hielo<\/p>\n<p>Hielo exuberante<\/p>\n<p>Mezcla de bayas<\/p>\n<p>Fresa Pl\u00e1tano<\/p>\n<p>Mamba<\/p>\n<p>Sand\u00eda con fresa<\/p>\n<p>Hielo de pl\u00e1tano<\/p>","protected":false},"excerpt":{"rendered":"<p>IQTE Heart 1500 Puff Vape Desechable al por mayor cuenta con alta potencia de nicotina, un dise\u00f1o compacto y una salida de vapor consistente para vapear r\u00e1pida y c\u00f3modamente.<\/p>","protected":false},"featured_media":815,"comment_status":"open","ping_status":"closed","template":"","meta":[],"product_brand":[],"product_cat":[22],"product_tag":[],"class_list":{"0":"post-785","1":"product","2":"type-product","3":"status-publish","4":"has-post-thumbnail","6":"product_cat-disposable-vape-sticks","8":"first","9":"instock","10":"shipping-taxable","11":"purchasable","12":"product-type-simple"},"jetpack_sharing_enabled":true,"tiered_pricing_type":"fixed","tiered_pricing_fixed_rules":{"1000":3.79999999999999982236431605997495353221893310546875,"10000":3.20000000000000017763568394002504646778106689453125,"30000":3},"tiered_pricing_product_settings":{"layout":"default","base_unit_name":{"singular":null,"plural":null},"default_variation":null},"tiered_pricing_minimum_quantity":100,"tiered_pricing_roles_data":[],"tiered_pricing_percentage_rules":[],"tiered_pricing_maximum_quantity":null,"tiered_pricing_quantity_step":null,"_links":{"self":[{"href":"https:\/\/cloudsupplyvapes.com\/es\/wp-json\/wp\/v2\/product\/785","targetHints":{"allow":["GET"]}}],"collection":[{"href":"https:\/\/cloudsupplyvapes.com\/es\/wp-json\/wp\/v2\/product"}],"about":[{"href":"https:\/\/cloudsupplyvapes.com\/es\/wp-json\/wp\/v2\/types\/product"}],"replies":[{"embeddable":true,"href":"https:\/\/cloudsupplyvapes.com\/es\/wp-json\/wp\/v2\/comments?post=785"}],"wp:featuredmedia":[{"embeddable":true,"href":"https:\/\/cloudsupplyvapes.com\/es\/wp-json\/wp\/v2\/media\/815"}],"wp:attachment":[{"href":"https:\/\/cloudsupplyvapes.com\/es\/wp-json\/wp\/v2\/media?parent=785"}],"wp:term":[{"taxonomy":"product_brand","embeddable":true,"href":"https:\/\/cloudsupplyvapes.com\/es\/wp-json\/wp\/v2\/product_brand?post=785"},{"taxonomy":"product_cat","embeddable":true,"href":"https:\/\/cloudsupplyvapes.com\/es\/wp-json\/wp\/v2\/product_cat?post=785"},{"taxonomy":"product_tag","embeddable":true,"href":"https:\/\/cloudsupplyvapes.com\/es\/wp-json\/wp\/v2\/product_tag?post=785"}],"curies":[{"name":"wp","href":"https:\/\/api.w.org\/{rel}","templated":true}]}}