{"id":7859,"date":"2024-10-19T02:55:14","date_gmt":"2024-10-19T02:55:14","guid":{"rendered":"https:\/\/cloudsupplyvapes.com\/?post_type=product&#038;p=7859"},"modified":"2024-11-25T04:00:11","modified_gmt":"2024-11-25T04:00:11","slug":"-251","status":"publish","type":"product","link":"https:\/\/cloudsupplyvapes.com\/es\/product\/vozol-gear-10000-puffs-disposable-vape-wholesale\/","title":{"rendered":"VOZOL Gear 10000 Puffs Vape desechable al por mayor de alta capacidad de dise\u00f1o ultra port\u00e1til"},"content":{"rendered":"<div>Vozol gear series te ofrece una excelente experiencia de e-cigarrillo. Gracias a su excelente calidad de los materiales, la experiencia que vive con momentos agradables excepcionales, mientras que el uso de productos de alto secreto le permite realizar m\u00e1s alto que el dispositivo que utiliza, y el dispositivo es f\u00e1cil de usar, de larga duraci\u00f3n vozole serie de engranajes est\u00e1 mejorando constantemente auto-existente y coronarlo con la \u00faltima tecnolog\u00eda.<\/div>\n<div><\/div>\n<div><strong>CARACTER\u00cdSTICAS\uff1a<\/strong><\/div>\n<div>Bobina de malla<\/div>\n<div>M\u00e1s de 10000 caladas<\/div>\n<div>Bater\u00eda de 500 mAh \/ recargable<\/div>\n<div>Tapa de boquilla \u00fanica<\/div>\n<div>Activaci\u00f3n del sorteo<\/div>\n<div>Desechable<\/div>\n<div>MTL Vape<\/div>\n<div>Para principiantes<\/div>\n<div><\/div>\n<div><strong>SABORES\uff1a<\/strong><\/div>\n<div>Blue Razz Lim\u00f3n<\/div>\n<div>Bayas de cedro<\/div>\n<div>Crema de tabaco<\/div>\n<div>Menta fresca<\/div>\n<div>Fruta del drag\u00f3n<\/div>\n<div>Tormenta de bayas del bosque<\/div>\n<div>Crema de chocolate verde<\/div>\n<div>Menta lim\u00f3n<\/div>\n<div>Lush Ice \/ Sand\u00eda<\/div>\n<div>Fruta de la pasi\u00f3n Frambuesa Mandarina<\/div>\n<div>Batido de melocot\u00f3n y mango<\/div>\n<div>Mojito rojo<\/div>\n<div>Hielo de manzana \u00e1cida<\/div>\n<div>Batido de fresa<\/div>\n<div>Fresa Frambuesa<\/div>\n<div>Hielo de sand\u00eda<\/div>\n<div><a href=\"https:\/\/i0.wp.com\/shop.vape.hk\/wp-content\/uploads\/2024\/03\/vozol-gear-10000-disposable-vape-web-10_1024x1024.jpg?ssl=1\" target=\"_blank\" rel=\"noopener\"><img data-recalc-dims=\"1\" loading=\"lazy\" decoding=\"async\" class=\"alignnone size-full wp-image-129626\" src=\"https:\/\/i0.wp.com\/shop.vape.hk\/wp-content\/uploads\/2024\/03\/vozol-gear-10000-disposable-vape-web-10_1024x1024.jpg?resize=1020%2C871&#038;ssl=1\" alt=\"VOZOL Gear 10000 Puffs Vape Desechable | Venta al por mayor\" width=\"1020\" height=\"871\" title=\"\"><\/a> <a href=\"https:\/\/i0.wp.com\/shop.vape.hk\/wp-content\/uploads\/2024\/03\/vozol-gear-10000-disposable-vape-web-11_1024x1024.jpg?ssl=1\" target=\"_blank\" rel=\"noopener\"><img data-recalc-dims=\"1\" loading=\"lazy\" decoding=\"async\" class=\"alignnone size-full wp-image-129625\" src=\"https:\/\/i0.wp.com\/shop.vape.hk\/wp-content\/uploads\/2024\/03\/vozol-gear-10000-disposable-vape-web-11_1024x1024.jpg?resize=1020%2C804&#038;ssl=1\" alt=\"VOZOL Gear 10000 Puffs Vape Desechable | Venta al por mayor\" width=\"1020\" height=\"804\" title=\"\"><\/a><\/div>","protected":false},"excerpt":{"rendered":"<p>VOZOL Gear 10000 Puffs Vape desechable al por mayor ofrece una gran capacidad con un dise\u00f1o ultra-port\u00e1til y ecol\u00f3gico. Perfecto para un rendimiento consistente y rica variedad de sabores.<\/p>","protected":false},"featured_media":8101,"comment_status":"open","ping_status":"closed","template":"","meta":[],"product_brand":[],"product_cat":[22],"product_tag":[],"class_list":{"0":"post-7859","1":"product","2":"type-product","3":"status-publish","4":"has-post-thumbnail","6":"product_cat-disposable-vape-sticks","8":"first","9":"instock","10":"shipping-taxable","11":"purchasable","12":"product-type-simple"},"jetpack_sharing_enabled":true,"tiered_pricing_type":"fixed","tiered_pricing_fixed_rules":{"1000":10,"10000":9,"50000":8},"tiered_pricing_product_settings":{"layout":"default","base_unit_name":{"singular":null,"plural":null},"default_variation":null},"tiered_pricing_minimum_quantity":100,"tiered_pricing_roles_data":[],"tiered_pricing_percentage_rules":[],"tiered_pricing_maximum_quantity":null,"tiered_pricing_quantity_step":null,"_links":{"self":[{"href":"https:\/\/cloudsupplyvapes.com\/es\/wp-json\/wp\/v2\/product\/7859","targetHints":{"allow":["GET"]}}],"collection":[{"href":"https:\/\/cloudsupplyvapes.com\/es\/wp-json\/wp\/v2\/product"}],"about":[{"href":"https:\/\/cloudsupplyvapes.com\/es\/wp-json\/wp\/v2\/types\/product"}],"replies":[{"embeddable":true,"href":"https:\/\/cloudsupplyvapes.com\/es\/wp-json\/wp\/v2\/comments?post=7859"}],"wp:featuredmedia":[{"embeddable":true,"href":"https:\/\/cloudsupplyvapes.com\/es\/wp-json\/wp\/v2\/media\/8101"}],"wp:attachment":[{"href":"https:\/\/cloudsupplyvapes.com\/es\/wp-json\/wp\/v2\/media?parent=7859"}],"wp:term":[{"taxonomy":"product_brand","embeddable":true,"href":"https:\/\/cloudsupplyvapes.com\/es\/wp-json\/wp\/v2\/product_brand?post=7859"},{"taxonomy":"product_cat","embeddable":true,"href":"https:\/\/cloudsupplyvapes.com\/es\/wp-json\/wp\/v2\/product_cat?post=7859"},{"taxonomy":"product_tag","embeddable":true,"href":"https:\/\/cloudsupplyvapes.com\/es\/wp-json\/wp\/v2\/product_tag?post=7859"}],"curies":[{"name":"wp","href":"https:\/\/api.w.org\/{rel}","templated":true}]}}