{"id":792,"date":"2024-10-19T02:15:06","date_gmt":"2024-10-19T02:15:06","guid":{"rendered":"https:\/\/cloudsupplyvapes.com\/?post_type=product&#038;p=792"},"modified":"2024-11-26T09:24:08","modified_gmt":"2024-11-26T09:24:08","slug":"-29","status":"publish","type":"product","link":"https:\/\/cloudsupplyvapes.com\/es\/product\/iget-legend-4000-puff-disposable-wholesale\/","title":{"rendered":"Iget Legend 4000 Puff Vape desechable al por mayor Vape duradero de larga duraci\u00f3n"},"content":{"rendered":"<p>Especificaciones<br \/>\nTama\u00f1o: 22*22*122mm<br \/>\nCapacidad del l\u00edquido: 12 ml<br \/>\nCapacidad de la bater\u00eda: 1350mAh Nicotina por volumen:5%<br \/>\n1 caja\/300 unidades (22 kg)<br \/>\ntama\u00f1o de la caja:40.5X39X33.8cm<\/p>\n<div>Sabores:<\/div>\n<div><\/div>\n<div>1.Hielo de uva<\/div>\n<div>2.Hielo exuberante<\/div>\n<div>3.Hielo de mango y fruta de la pasi\u00f3n<\/div>\n<div>4.Melocot\u00f3n pi\u00f1a lima<\/div>\n<div>5.Sand\u00eda de fresa<\/div>\n<div>6.Frambuesa ar\u00e1ndano uva hielo<\/div>\n<div>7.Hielo de mora<\/div>\n<div>8.Cola lim\u00f3n soda<\/div>\n<div>9. Hielo de fresa y kiwi<\/div>\n<div>10.Hielo de mango y pl\u00e1tano<\/div>\n<div>11.Hielo de mel\u00f3n y fruta de la pasi\u00f3n<\/div>\n<div>12.Frambuesa sand\u00eda lim\u00f3n<\/div>\n<div>13.Hielo rosa de lim\u00f3n y naranja<\/div>\n<p><img data-recalc-dims=\"1\" loading=\"lazy\" decoding=\"async\" class=\"alignnone size-full wp-image-63909\" src=\"https:\/\/i0.wp.com\/shop.vape.hk\/wp-content\/uploads\/2022\/04\/e51fa960-82a5-4bcd-91d7-f4ef5ba5819e.jpg?resize=1020%2C574&#038;ssl=1\" alt=\"\" width=\"1020\" height=\"574\" title=\"\"> <img data-recalc-dims=\"1\" loading=\"lazy\" decoding=\"async\" class=\"alignnone size-full wp-image-63901\" src=\"https:\/\/i0.wp.com\/shop.vape.hk\/wp-content\/uploads\/2022\/04\/b481d243-c9f2-4e3d-abbd-fcf46937757e.jpg?resize=1020%2C574&#038;ssl=1\" alt=\"\" width=\"1020\" height=\"574\" title=\"\"><\/p>","protected":false},"excerpt":{"rendered":"<p>Iget Legend 4000 Puff Vape Desechable Mayorista combina un dise\u00f1o duradero, bater\u00eda de larga duraci\u00f3n, y suaves golpes de garganta para sesiones de vapeo fiables y prolongadas.<\/p>","protected":false},"featured_media":823,"comment_status":"open","ping_status":"closed","template":"","meta":[],"product_brand":[],"product_cat":[22],"product_tag":[64],"class_list":{"0":"post-792","1":"product","2":"type-product","3":"status-publish","4":"has-post-thumbnail","6":"product_cat-disposable-vape-sticks","7":"product_tag-iget","9":"first","10":"instock","11":"shipping-taxable","12":"purchasable","13":"product-type-simple"},"jetpack_sharing_enabled":true,"tiered_pricing_type":"fixed","tiered_pricing_fixed_rules":{"300":11.9000000000000003552713678800500929355621337890625,"900":11.800000000000000710542735760100185871124267578125,"1500":11.699999999999999289457264239899814128875732421875,"3000":11.5,"6000":11.300000000000000710542735760100185871124267578125,"10000":11.0999999999999996447286321199499070644378662109375,"30000":10.9000000000000003552713678800500929355621337890625},"tiered_pricing_product_settings":{"layout":"default","base_unit_name":{"singular":null,"plural":null},"default_variation":null},"tiered_pricing_minimum_quantity":200,"tiered_pricing_roles_data":[],"tiered_pricing_percentage_rules":[],"tiered_pricing_maximum_quantity":null,"tiered_pricing_quantity_step":null,"_links":{"self":[{"href":"https:\/\/cloudsupplyvapes.com\/es\/wp-json\/wp\/v2\/product\/792","targetHints":{"allow":["GET"]}}],"collection":[{"href":"https:\/\/cloudsupplyvapes.com\/es\/wp-json\/wp\/v2\/product"}],"about":[{"href":"https:\/\/cloudsupplyvapes.com\/es\/wp-json\/wp\/v2\/types\/product"}],"replies":[{"embeddable":true,"href":"https:\/\/cloudsupplyvapes.com\/es\/wp-json\/wp\/v2\/comments?post=792"}],"wp:featuredmedia":[{"embeddable":true,"href":"https:\/\/cloudsupplyvapes.com\/es\/wp-json\/wp\/v2\/media\/823"}],"wp:attachment":[{"href":"https:\/\/cloudsupplyvapes.com\/es\/wp-json\/wp\/v2\/media?parent=792"}],"wp:term":[{"taxonomy":"product_brand","embeddable":true,"href":"https:\/\/cloudsupplyvapes.com\/es\/wp-json\/wp\/v2\/product_brand?post=792"},{"taxonomy":"product_cat","embeddable":true,"href":"https:\/\/cloudsupplyvapes.com\/es\/wp-json\/wp\/v2\/product_cat?post=792"},{"taxonomy":"product_tag","embeddable":true,"href":"https:\/\/cloudsupplyvapes.com\/es\/wp-json\/wp\/v2\/product_tag?post=792"}],"curies":[{"name":"wp","href":"https:\/\/api.w.org\/{rel}","templated":true}]}}