{"id":7933,"date":"2024-10-19T02:55:35","date_gmt":"2024-10-19T02:55:35","guid":{"rendered":"https:\/\/cloudsupplyvapes.com\/?post_type=product&#038;p=7933"},"modified":"2024-11-25T03:59:43","modified_gmt":"2024-11-25T03:59:43","slug":"-252","status":"publish","type":"product","link":"https:\/\/cloudsupplyvapes.com\/es\/product\/crystal-prime-7000-puffs-disposable-vape-wholesale\/","title":{"rendered":"CRYSTAL PRIME 7000 Puffs Vape Desechable Mayorista Recargable Dise\u00f1o A Prueba De Fugas"},"content":{"rendered":"<div><strong>ESPECIFICACIONES:<\/strong><\/div>\n<div><\/div>\n<div>Bater\u00eda: bater\u00eda integrada de 600 mAh<\/div>\n<div><\/div>\n<div>Bobina de malla para un mejor sabor<\/div>\n<div><\/div>\n<div>Capacidad de la c\u00e1psula: 2 ml de zumo precargado<\/div>\n<div><\/div>\n<div>Contenido de nicotina: 2%Nic Sal<\/div>\n<div><\/div>\n<div>Dispositivo con efecto 3D completo y colores cristalinos<\/div>\n<div><\/div>\n<div>Activaci\u00f3n del sorteo<\/div>\n<div><\/div>\n<div>Bobina de malla de 1,2ohm<\/div>\n<div><\/div>\n<div>Dise\u00f1o de estilo \u00fanico<\/div>\n<div><\/div>\n<div>Caudal de aire ajustable<\/div>\n<div><\/div>\n<div>Delgado, compacto y f\u00e1cil de llevar en el bolsillo<\/div>\n<div><\/div>\n<div>Varios sabores a elegir<\/div>\n<div><\/div>\n<div><strong>Sabores:<\/strong><\/div>\n<div><\/div>\n<div>Banana Ice:<\/div>\n<div><\/div>\n<div>Es un sabor a pl\u00e1tano cremoso que es rico y dulce mezclado con un acabado helado que le dar\u00e1 un incre\u00edble vape fresco. Una golosina helada popular con un delicioso sabor a pl\u00e1tano encerrado en una capa fr\u00eda de hielo.<\/div>\n<div><\/div>\n<div>Berry Blaze:<\/div>\n<div><\/div>\n<div>Una explosi\u00f3n afrutada de bayas y grosella negra mezcladas. Un toque de hielo refrescante al exhalar complementa todo el sabor y crea un vapeo impresionante para todo el d\u00eda.<\/div>\n<div><\/div>\n<div>Mamba Negra:<\/div>\n<div><\/div>\n<div>Es una deliciosa mezcla de moras y ar\u00e1ndanos, con un toque de c\u00edtricos brillantes.<\/div>\n<div><\/div>\n<div>Blue Razz Cherry:<\/div>\n<div><\/div>\n<div>Un sabor a bayas dulce y picante con un mont\u00f3n de chispa. Combina el sabor dulce de la cereza con notas picantes de frambuesa azul, creando un vapeo de bayas picantes.<\/div>\n<div><\/div>\n<div>Limonada Blue Razz:<\/div>\n<div><\/div>\n<div>Presenta notas dulces y \u00e1cidas de limonada que tentar\u00e1n tus papilas gustativas infundidas con deliciosos sabores de frambuesa azul para crear una experiencia de vapeo refrescante.<\/div>\n<div><\/div>\n<div>Frambuesa agria de ar\u00e1ndano:<\/div>\n<div><\/div>\n<div>Presenta notas agridulces de ar\u00e1ndanos combinadas con frambuesas \u00e1cidas que crean una experiencia de vapeo tentadora con un regusto afrutado.<\/div>\n<div><\/div>\n<div>Ar\u00e1ndano Frambuesa:<\/div>\n<div><\/div>\n<div>El ar\u00e1ndano y la frambuesa proporcionan una sensaci\u00f3n de sabor afrutado. Cuenta con una mezcla de bayas que captura notas dulces de ar\u00e1ndano junto con frambuesas \u00e1cidas pero arom\u00e1ticas para crear una experiencia de vapeo satisfactoriamente afrutada durante todo el d\u00eda.<\/div>\n<div><\/div>\n<div>Cherry Ice:<\/div>\n<div><\/div>\n<div>Rojo, vibrante y lleno de sabor; Cherry Ice toma uno de los sabores de e-l\u00edquidos m\u00e1s queridos y lo convierte en un icono. Fresco y afrutado, con un rico paladar lleno de sabor, superenfriado y endulzado para un vapeo muy apreciado durante todo el d\u00eda.<\/div>\n<div><\/div>\n<div>Sand\u00eda con cerezas:<\/div>\n<div><\/div>\n<div>Del\u00e9itese con los deliciosos sabores de la jugosa sand\u00eda, mezclados a la perfecci\u00f3n con notas de cerezas \u00e1cidas. Tus papilas gustativas te lo agradecer\u00e1n con este irresistible vape para todo el d\u00eda.<\/div>\n<div><\/div>\n<div>Cereza efervescente:<\/div>\n<div><\/div>\n<div>Una mezcla de sabor veraniego deliciosamente elaborada con un toque que captura una combinaci\u00f3n de cerezas dulces infundidas con un regusto efervescente para crear un sabor de vapeo tentador y satisfactorio.<\/div>\n<div><\/div>\n<div>Menta fresca:<\/div>\n<div><\/div>\n<div>Una verdadera extravagancia refrescante, puro sabor a menta sin tonos de tabaco, s\u00f3lo menta fresca y limpia.<\/div>\n<div><\/div>\n<div>Bomba de frutas:<\/div>\n<div><\/div>\n<div><\/div>\n<div><\/div>\n<div>Osito de goma:<\/div>\n<div><\/div>\n<div>No hay nada tan satisfactorio como morder un osito de gominola. Ese mordisco masticable pero delicioso y lleno de sabor es muy caracter\u00edstico y \u00fanico.<\/div>\n<div><\/div>\n<div>Hubba Bubba:<\/div>\n<div><\/div>\n<div>El eliquid Watermelon Lychee es una fusi\u00f3n de frutas tropicales con un final fresco. Al inhalar, detectar\u00e1s las notas dulces y jugosas de la sand\u00eda, que se combinan al exhalar con el ligero sabor del lichi fresco, mientras que el hielo crea un acabado suave.<\/div>\n<div><\/div>\n<div>Ice Pop:<\/div>\n<div><\/div>\n<div>Refr\u00e9squese y del\u00e9itese con la nost\u00e1lgica delicia de Ice Pop. Relleno de una mezcla dulce y afrutada inspirada en los caramelos de hielo y enfriada con una capa de mentol.<\/div>\n<div><\/div>\n<div>Lim\u00f3n Lima:<\/div>\n<div><\/div>\n<div>Una poderosa mezcla de los gigantes de los c\u00edtricos, un maridaje hecho en el cielo. Limones frescos y sabrosos que hacen la boca agua, con un toque de lima sabrosa y \u00e1cida. \u00a1Con ganas de vivir!<\/div>\n<div><\/div>\n<div>Sr. Azul:<\/div>\n<div><\/div>\n<div>Una hermosa mezcla de bayas con un toque de mentol para crear un vapor fresco y fant\u00e1sticamente afrutado.<\/div>\n<div><\/div>\n<div>Hielo de pi\u00f1a:<\/div>\n<div><\/div>\n<div>Cuenta con una fant\u00e1stica mezcla de pi\u00f1a agridulce fusionada con hielo picado para un vapeo fresco y sabroso durante todo el d\u00eda. La mezcla de sabores de las pi\u00f1as tropicales es absolutamente fant\u00e1stica y se envuelve perfectamente con el hielo.<\/div>\n<div><\/div>\n<div>Pi\u00f1a Kiwi:<\/div>\n<div><\/div>\n<div><\/div>\n<div><\/div>\n<div>Caramelos arco iris:<\/div>\n<div><\/div>\n<div>Una fusi\u00f3n de sabores afrutados que te har\u00e1 la boca agua. \u00a1Prep\u00e1rese para saborear el arco iris y deleitarse con una delicia realmente m\u00e1gica con Rainbow Candy!<\/div>\n<div><\/div>\n<div>Menta Frambuesa:<\/div>\n<div><\/div>\n<div>Combina los sabores dulces y jugosos de las frambuesas con una brisa fresca de menta, para ofrecer una experiencia de vapeo mentolada, ligera y afrutada.<\/div>\n<div><\/div>\n<div>Hielo de manzana roja:<\/div>\n<div><\/div>\n<div>Presenta una mezcla helada, capturando jugosas notas de sabor a manzana roja con toques dulces fusionados con hielo refrescante creando una experiencia de vapeo satisfactoria en todo momento.<\/div>\n<div><\/div>\n<div>Red Energy Fresa:<\/div>\n<div><\/div>\n<div>Jugoso sabor energ\u00e9tico a fresa que proporciona el mejor equilibrio afrutado que pueda encontrar. Las fresas frescas se echan en una batidora llena de una bebida energ\u00e9tica.<\/div>\n<div><\/div>\n<div>Dulces arco iris:<\/div>\n<div><\/div>\n<div>El caramelo arco iris Rainbow Sweets (nombre cambiado) est\u00e1 repleto de sabores del arco iris. Cada bocanada proporciona un sabor \u00fanico del espectro<\/div>\n<div><\/div>\n<div>Fresa Kiwi:<\/div>\n<div><\/div>\n<div>Es un dulce viaje al verano con apetitosas rodajas de kiwi y deliciosas fresas dulces. Es una encantadora mezcla de dos frutas populares que captura a la perfecci\u00f3n una experiencia dulce y \u00e1cida.<\/div>\n<div><\/div>\n<div>Fresa Frambuesa Cereza Hielo:<\/div>\n<div><\/div>\n<div>Es una deliciosa mezcla de fresas frescas y arom\u00e1ticas con frambuesas gordas y ligeramente \u00e1cidas y ricas cerezas, todo ello redondeado con una r\u00e1faga de hielo.<\/div>\n<div><\/div>\n<div>Sue\u00f1o de verano:<\/div>\n<div><\/div>\n<div>Obtendr\u00e1 una explosi\u00f3n de frutas tropicales, como la jugosa pi\u00f1a, el delicioso mango y la dulce papaya, seguida de un regusto mentolado refrescante y revitalizante. Una fant\u00e1stica mezcla de frutas tropicales y c\u00edtricos.<\/div>\n<div><\/div>\n<div>Triple Mango:<\/div>\n<div><\/div>\n<div>Mango ice ofrece una combinaci\u00f3n de suculento mango y un refrescante efecto hielo para crear una experiencia de vapeo polifac\u00e9tica que te dejar\u00e1 satisfecho<\/div>\n<div><\/div>\n<div>Hielo de sand\u00eda:<\/div>\n<div><\/div>\n<div>Es un jugoso sabor a sand\u00eda similar al de su dispositivo desechable favorito. \u00a1Amigable con las bobinas y brillante en sabor!<\/div>","protected":false},"excerpt":{"rendered":"<p>El CRYSTAL PRIME 7000 Puffs Vape desechable al por mayor cuenta con un dise\u00f1o recargable con tecnolog\u00eda a prueba de fugas, lo que garantiza un vapor suave y una experiencia de usuario sin problemas.<\/p>","protected":false},"featured_media":8207,"comment_status":"open","ping_status":"closed","template":"","meta":[],"product_brand":[],"product_cat":[22],"product_tag":[],"class_list":{"0":"post-7933","1":"product","2":"type-product","3":"status-publish","4":"has-post-thumbnail","6":"product_cat-disposable-vape-sticks","8":"first","9":"instock","10":"shipping-taxable","11":"purchasable","12":"product-type-simple"},"jetpack_sharing_enabled":true,"tiered_pricing_type":"fixed","tiered_pricing_fixed_rules":{"1000":6,"10000":5,"50000":4},"tiered_pricing_product_settings":{"layout":"default","base_unit_name":{"singular":null,"plural":null},"default_variation":null},"tiered_pricing_minimum_quantity":100,"tiered_pricing_roles_data":[],"tiered_pricing_percentage_rules":[],"tiered_pricing_maximum_quantity":null,"tiered_pricing_quantity_step":null,"_links":{"self":[{"href":"https:\/\/cloudsupplyvapes.com\/es\/wp-json\/wp\/v2\/product\/7933","targetHints":{"allow":["GET"]}}],"collection":[{"href":"https:\/\/cloudsupplyvapes.com\/es\/wp-json\/wp\/v2\/product"}],"about":[{"href":"https:\/\/cloudsupplyvapes.com\/es\/wp-json\/wp\/v2\/types\/product"}],"replies":[{"embeddable":true,"href":"https:\/\/cloudsupplyvapes.com\/es\/wp-json\/wp\/v2\/comments?post=7933"}],"wp:featuredmedia":[{"embeddable":true,"href":"https:\/\/cloudsupplyvapes.com\/es\/wp-json\/wp\/v2\/media\/8207"}],"wp:attachment":[{"href":"https:\/\/cloudsupplyvapes.com\/es\/wp-json\/wp\/v2\/media?parent=7933"}],"wp:term":[{"taxonomy":"product_brand","embeddable":true,"href":"https:\/\/cloudsupplyvapes.com\/es\/wp-json\/wp\/v2\/product_brand?post=7933"},{"taxonomy":"product_cat","embeddable":true,"href":"https:\/\/cloudsupplyvapes.com\/es\/wp-json\/wp\/v2\/product_cat?post=7933"},{"taxonomy":"product_tag","embeddable":true,"href":"https:\/\/cloudsupplyvapes.com\/es\/wp-json\/wp\/v2\/product_tag?post=7933"}],"curies":[{"name":"wp","href":"https:\/\/api.w.org\/{rel}","templated":true}]}}