{"id":8511,"date":"2024-10-19T03:00:03","date_gmt":"2024-10-19T03:00:03","guid":{"rendered":"https:\/\/cloudsupplyvapes.com\/?post_type=product&#038;p=8511"},"modified":"2024-11-25T03:59:26","modified_gmt":"2024-11-25T03:59:26","slug":"-253","status":"publish","type":"product","link":"https:\/\/cloudsupplyvapes.com\/es\/product\/geekvape-z200-mod-powerful-dual-18650-vape-with-200w-output-and-2-4-inch-full-screen-featuring-as-chip-3-0-technology\/","title":{"rendered":"Geekvape Z200 Mod Dual 18650 Vape 200W de salida al por mayor AS Tecnolog\u00eda Chip"},"content":{"rendered":"<h2>Geekvape Z200 Mod<\/h2>\n<ul class=\"top\">\n<li>Marca:\u00a0<b>Geekvape<\/b><\/li>\n<li>Unidad: set<\/li>\n<li>Tipo:\u00a0<b>Box Mod<\/b><\/li>\n<li>Net Weight: 215(g)<\/li>\n<\/ul>\n<p>El sistema calcular\u00e1 autom\u00e1ticamente los gastos de env\u00edo combinados despu\u00e9s de que elija el destino del env\u00edo en el paso de pago.<\/p>\n<h3>Geekvape Z200 Mod INTRODUCTION<\/h3>\n<p><b>Geekvape Z200 Mod<\/b>\u00a0features dual external 18650 batteries (not included) and a formidable 5W-200W output, this device is a powerhouse in every sense of the word. At the heart of the Z200 Mod lies the AS-Chip 3.0, a state-of-the-art technology that delivers a seamless and tailored vaping experience. The device comes with a 2.4-inch full-screen display and a range of vaping modes(POWER, SMART, TC-SS, TC-TCR, VPC, and BYPASS) that allow for maximum customization and control. Geekvape Z200 Mod is compatible with the Geekvape Z Sub-ohm Tank\/Z Sub Ohm SE Tank, offering an unrivaled vaping experience. Its button-activated design and sleek exterior make it a must-have for those seeking a refined and advanced vaping setup.<\/p>\n<p class=\"second-title\">Caracter\u00edsticas<\/p>\n<p>\u2022 Powered by Dual External 18650 battery (Not included)<\/p>\n<p>\u2022 5W-200W output<\/p>\n<p>\u2022 Compatible with Geekvape Z Sub-ohm Tank\/Z Sub-ohm SE Tank<\/p>\n<p>\u2022 Button activated<\/p>\n<p>\u2022 Powered by AS-Chip 3.0<\/p>\n<p>\u2022 2.4-inch Full Screen<\/p>\n<p>\u2022 POWER, SMART, TC-SS, TC-TCR, VPC, BYPASS Vaping Mord<\/p>\n<div class=\"title\">Geekvape Z200 Mod SPECIFICATION<\/div>\n<p>Working Mode: POWER, SMART, TC-SS, TC-TCR, VPC, BYPASS<\/p>\n<p>Output Power: 5W-200W<\/p>\n<p>Battery Specification: Dual External 18650 battery (Not included)<\/p>\n<p>Display Screen: 2.4-inch full screen<\/p>\n<p>Charging Port: Micro USB<\/p>\n<p>Operating Temperature: 0\u00b0C~ 45\u00b0C<\/p>\n<p>Storage Temperature: -20\u00b0C~ 60\u00b0C<\/p>\n<p>Relative Humidity: 45%RH~ 75%RH<\/p>\n<p>Cooling Mode: Natural Cooling<\/p>\n<div class=\"title\">Geekvape Z200 Mod PACKAGE LIST<\/div>\n<p>1 x Z200 (Z200) Mod<\/p>\n<p>1 x USB Cable(Micro-USB)<\/p>","protected":false},"excerpt":{"rendered":"<p>The Geekvape Z200 Mod Wholesale combines powerful 200W output, AS-Chip 3.0 technology, and a 2.4-inch full screen for an advanced and efficient vaping experience.<\/p>","protected":false},"featured_media":8587,"comment_status":"open","ping_status":"closed","template":"","meta":[],"product_brand":[],"product_cat":[22],"product_tag":[],"class_list":{"0":"post-8511","1":"product","2":"type-product","3":"status-publish","4":"has-post-thumbnail","6":"product_cat-disposable-vape-sticks","8":"first","9":"instock","10":"sale","11":"shipping-taxable","12":"product-type-external"},"jetpack_sharing_enabled":true,"tiered_pricing_type":"fixed","tiered_pricing_fixed_rules":[],"tiered_pricing_product_settings":{"layout":"default","base_unit_name":{"singular":null,"plural":null},"default_variation":null},"tiered_pricing_minimum_quantity":null,"tiered_pricing_roles_data":[],"tiered_pricing_percentage_rules":[],"tiered_pricing_maximum_quantity":null,"tiered_pricing_quantity_step":null,"_links":{"self":[{"href":"https:\/\/cloudsupplyvapes.com\/es\/wp-json\/wp\/v2\/product\/8511","targetHints":{"allow":["GET"]}}],"collection":[{"href":"https:\/\/cloudsupplyvapes.com\/es\/wp-json\/wp\/v2\/product"}],"about":[{"href":"https:\/\/cloudsupplyvapes.com\/es\/wp-json\/wp\/v2\/types\/product"}],"replies":[{"embeddable":true,"href":"https:\/\/cloudsupplyvapes.com\/es\/wp-json\/wp\/v2\/comments?post=8511"}],"wp:featuredmedia":[{"embeddable":true,"href":"https:\/\/cloudsupplyvapes.com\/es\/wp-json\/wp\/v2\/media\/8587"}],"wp:attachment":[{"href":"https:\/\/cloudsupplyvapes.com\/es\/wp-json\/wp\/v2\/media?parent=8511"}],"wp:term":[{"taxonomy":"product_brand","embeddable":true,"href":"https:\/\/cloudsupplyvapes.com\/es\/wp-json\/wp\/v2\/product_brand?post=8511"},{"taxonomy":"product_cat","embeddable":true,"href":"https:\/\/cloudsupplyvapes.com\/es\/wp-json\/wp\/v2\/product_cat?post=8511"},{"taxonomy":"product_tag","embeddable":true,"href":"https:\/\/cloudsupplyvapes.com\/es\/wp-json\/wp\/v2\/product_tag?post=8511"}],"curies":[{"name":"wp","href":"https:\/\/api.w.org\/{rel}","templated":true}]}}