{"id":8514,"date":"2024-10-19T03:00:03","date_gmt":"2024-10-19T03:00:03","guid":{"rendered":"https:\/\/cloudsupplyvapes.com\/?post_type=product&#038;p=8514"},"modified":"2024-11-25T03:59:11","modified_gmt":"2024-11-25T03:59:11","slug":"-254","status":"publish","type":"product","link":"https:\/\/cloudsupplyvapes.com\/es\/product\/iget-bar-3500-puffs-12ml-disposable-vape-wholesale\/","title":{"rendered":"Iget Bar 3500 caladas 12 ml Vape desechable al por mayor Soluci\u00f3n port\u00e1til y ligera"},"content":{"rendered":"<p><strong>Especificaciones:<\/strong><\/p>\n<ul>\n<li>Nicotina:\u00a0<strong>5% (50 mg\/ml)<\/strong><\/li>\n<li>Puffs:\u00a0<strong>3500 Puffs<\/strong><\/li>\n<li>E-l\u00edquido:\u00a0<strong>12 ml<\/strong><\/li>\n<li>Bater\u00eda:\u00a0<strong>1500 mAh<\/strong><\/li>\n<\/ul>\n<p><strong>Sabores (En stock)<span style=\"color: lightgrey;\">\u2713<\/span>):<\/strong><\/p>\n<p>Fruta de la pasi\u00f3n Kiwi Guayaba<span style=\"color: lightgrey;\">\u2713<\/span><br \/>\nHelado de sand\u00eda y menta<span style=\"color: lightgrey;\">\u2713<\/span><br \/>\nHielo exuberante<span style=\"color: lightgrey;\">\u2713<\/span><br \/>\nPi\u00f1a helada<span style=\"color: lightgrey;\">\u2713<\/span><br \/>\nFresa Kiwi Ice<span style=\"color: lightgrey;\">\u2713<\/span><br \/>\nMezcla de bayas<span style=\"color: lightgrey;\">\u2713<\/span><br \/>\nManzana doble<span style=\"color: lightgrey;\">\u2713<\/span><br \/>\nHielo de uva<span style=\"color: lightgrey;\">\u2713<\/span><\/p>\n<p>Helado de fresa y sand\u00eda<br \/>\nMaracuy\u00e1, mango y lima<br \/>\nMel\u00f3n helado<br \/>\nMora, frambuesa y lim\u00f3n<br \/>\nHielo de ar\u00e1ndanos<br \/>\nHelado de pl\u00e1tano, granada y cereza<br \/>\nHelado de naranja, mango y pi\u00f1a<br \/>\nCola Ice<br \/>\nMango Ice<br \/>\nHelado<br \/>\nFresa Kiwi Ice<br \/>\nCereza y granada<br \/>\nHielo exuberante<br \/>\nZumo de maracuy\u00e1 y sand\u00eda<br \/>\nPi\u00f1a helada<br \/>\nHelado de sand\u00eda y menta<br \/>\nHelado de pi\u00f1a y kiwi<br \/>\nFruta de la pasi\u00f3n Kiwi Guayaba<br \/>\nAr\u00e1ndano Frambuesa<br \/>\nHelado de fresa y lim\u00f3n<br \/>\nCereza y ar\u00e1ndano<br \/>\nCu\u00e1druple Berry<br \/>\nHelado de fresa y lichi<br \/>\nCaramelo duro de fresa y sand\u00eda<br \/>\nSelva Negra<\/p>","protected":false},"excerpt":{"rendered":"<p>El vaporizador desechable Iget Bar 3500 Puffs 12ML al por mayor ofrece un dise\u00f1o ligero y un golpe de garganta suave. Con un dep\u00f3sito de gran capacidad, garantiza sesiones de vapeo duraderas y port\u00e1tiles.<\/p>","protected":false},"featured_media":8596,"comment_status":"open","ping_status":"closed","template":"","meta":[],"product_brand":[],"product_cat":[22],"product_tag":[64],"class_list":{"0":"post-8514","1":"product","2":"type-product","3":"status-publish","4":"has-post-thumbnail","6":"product_cat-disposable-vape-sticks","7":"product_tag-iget","9":"first","10":"instock","11":"featured","12":"shipping-taxable","13":"purchasable","14":"product-type-simple"},"jetpack_sharing_enabled":true,"tiered_pricing_type":"fixed","tiered_pricing_fixed_rules":{"1000":5,"5000":4.70000000000000017763568394002504646778106689453125,"10000":4.5},"tiered_pricing_product_settings":{"layout":"default","base_unit_name":{"singular":null,"plural":null},"default_variation":null},"tiered_pricing_minimum_quantity":10,"tiered_pricing_roles_data":[],"tiered_pricing_percentage_rules":[],"tiered_pricing_maximum_quantity":null,"tiered_pricing_quantity_step":"10","_links":{"self":[{"href":"https:\/\/cloudsupplyvapes.com\/es\/wp-json\/wp\/v2\/product\/8514","targetHints":{"allow":["GET"]}}],"collection":[{"href":"https:\/\/cloudsupplyvapes.com\/es\/wp-json\/wp\/v2\/product"}],"about":[{"href":"https:\/\/cloudsupplyvapes.com\/es\/wp-json\/wp\/v2\/types\/product"}],"replies":[{"embeddable":true,"href":"https:\/\/cloudsupplyvapes.com\/es\/wp-json\/wp\/v2\/comments?post=8514"}],"wp:featuredmedia":[{"embeddable":true,"href":"https:\/\/cloudsupplyvapes.com\/es\/wp-json\/wp\/v2\/media\/8596"}],"wp:attachment":[{"href":"https:\/\/cloudsupplyvapes.com\/es\/wp-json\/wp\/v2\/media?parent=8514"}],"wp:term":[{"taxonomy":"product_brand","embeddable":true,"href":"https:\/\/cloudsupplyvapes.com\/es\/wp-json\/wp\/v2\/product_brand?post=8514"},{"taxonomy":"product_cat","embeddable":true,"href":"https:\/\/cloudsupplyvapes.com\/es\/wp-json\/wp\/v2\/product_cat?post=8514"},{"taxonomy":"product_tag","embeddable":true,"href":"https:\/\/cloudsupplyvapes.com\/es\/wp-json\/wp\/v2\/product_tag?post=8514"}],"curies":[{"name":"wp","href":"https:\/\/api.w.org\/{rel}","templated":true}]}}