{"id":8515,"date":"2024-10-19T03:00:03","date_gmt":"2024-10-19T03:00:03","guid":{"rendered":"https:\/\/cloudsupplyvapes.com\/?post_type=product&#038;p=8515"},"modified":"2024-11-25T03:58:55","modified_gmt":"2024-11-25T03:58:55","slug":"-283","status":"publish","type":"product","link":"https:\/\/cloudsupplyvapes.com\/es\/product\/bang-crown-18000-puff-disposable-vape-wholesale\/","title":{"rendered":"Bang Crown 18000 Puff Vape desechable al por mayor Rendimiento compacto y duradero"},"content":{"rendered":"<h2>Sabores disponibles:<\/h2>\n<ol>\n<li>Melocot\u00f3n Mango<\/li>\n<li>Manzana \u00e1cida<\/li>\n<li>Uva<\/li>\n<li>Sangre de tigre<\/li>\n<li>Ar\u00e1ndano Frambuesa<\/li>\n<li>Uvas de ar\u00e1ndanos<\/li>\n<li>Frutas variadas<\/li>\n<li>Sand\u00eda con fresa<\/li>\n<li>Fresa Kiwi<\/li>\n<li>Fresa Mango<\/li>\n<li>Pi\u00f1a Coco<\/li>\n<li>Hielo de menta<\/li>\n<li>Hielo de sand\u00eda<\/li>\n<li>Hielo de ar\u00e1ndanos<\/li>\n<li>Melocot\u00f3n helado<\/li>\n<li>Chicle de sand\u00eda<\/li>\n<\/ol>\n<h3>Especificaciones del vaporizador desechable Bang Crown 18000<\/h3>\n<table>\n<thead>\n<tr>\n<th><strong>Caracter\u00edstica<\/strong><\/th>\n<th><strong>Especificaci\u00f3n<\/strong><\/th>\n<\/tr>\n<\/thead>\n<tbody>\n<tr>\n<td>Capacidad de la bater\u00eda<\/td>\n<td>650 mAh<\/td>\n<\/tr>\n<tr>\n<td>Capacidad de e-l\u00edquido<\/td>\n<td>24 ml<\/td>\n<\/tr>\n<tr>\n<td>Potencia de nicotina<\/td>\n<td>0%, 2%, 3%, 5%(por defecto)<\/td>\n<\/tr>\n<tr>\n<td>Puffs<\/td>\n<td>Hasta 18 000 caladas<\/td>\n<\/tr>\n<tr>\n<td>Peso del paquete<\/td>\n<td>18,6 kg\/200 unidades<\/td>\n<\/tr>\n<\/tbody>\n<\/table>\n<h3>Caracter\u00edsticas principales:<\/h3>\n<ul>\n<li><strong>Amplia selecci\u00f3n de sabores:<\/strong> Ofrece una variedad de 16 sabores distintivos para satisfacer las preferencias de cada vapeador.<\/li>\n<li><strong>Mayor duraci\u00f3n del vapeo:<\/strong> Admite hasta 18 000 caladas gracias a su potente bater\u00eda de 650 mAh y su considerable reserva de e-l\u00edquido.<\/li>\n<li><strong>Gran capacidad de e-l\u00edquido:<\/strong> Precargado con 24 ml de e-l\u00edquido, lo que garantiza un uso prolongado sin necesidad de recargas frecuentes.<\/li>\n<li><strong>Opciones de nicotina flexibles:<\/strong> Disponible en m\u00faltiples concentraciones de nicotina para adaptarse tanto a vapeadores novatos como experimentados.<\/li>\n<li><strong>Dise\u00f1o port\u00e1til y elegante:<\/strong> Dise\u00f1ado para ofrecer comodidad y portabilidad, lo que lo hace ideal para vapear sobre la marcha.<\/li>\n<\/ul>\n<h3>\u00bfPor qu\u00e9 elegir Bang Crown 18000?<\/h3>\n<p>El Bang Crown 18000 destaca en el mercado por su excepcional n\u00famero de caladas y su amplia gama de sabores. Est\u00e1 dise\u00f1ado para vapeadores que exigen una experiencia de vapeo m\u00e1s duradera, sabrosa y robusta. Perfecto para aquellos que aprecian la variedad y la calidad en su experiencia de vapeo.<\/p>","protected":false},"excerpt":{"rendered":"<p>El vaporizador desechable Bang Crown 18000 Puff al por mayor presenta un dise\u00f1o elegante y una producci\u00f3n de vapor constante. No requiere mantenimiento, por lo que es una soluci\u00f3n ideal para vapear sin complicaciones.<\/p>","protected":false},"featured_media":8888,"comment_status":"open","ping_status":"closed","template":"","meta":[],"product_brand":[],"product_cat":[481,22],"product_tag":[31],"class_list":{"0":"post-8515","1":"product","2":"type-product","3":"status-publish","4":"has-post-thumbnail","6":"product_cat-bang","7":"product_cat-disposable-vape-sticks","8":"product_tag-bang","10":"first","11":"instock","12":"shipping-taxable","13":"purchasable","14":"product-type-simple"},"jetpack_sharing_enabled":true,"tiered_pricing_type":"fixed","tiered_pricing_fixed_rules":[],"tiered_pricing_product_settings":{"layout":"default","base_unit_name":{"singular":null,"plural":null},"default_variation":null},"tiered_pricing_minimum_quantity":30,"tiered_pricing_roles_data":[],"tiered_pricing_percentage_rules":[],"tiered_pricing_maximum_quantity":null,"tiered_pricing_quantity_step":"10","_links":{"self":[{"href":"https:\/\/cloudsupplyvapes.com\/es\/wp-json\/wp\/v2\/product\/8515","targetHints":{"allow":["GET"]}}],"collection":[{"href":"https:\/\/cloudsupplyvapes.com\/es\/wp-json\/wp\/v2\/product"}],"about":[{"href":"https:\/\/cloudsupplyvapes.com\/es\/wp-json\/wp\/v2\/types\/product"}],"replies":[{"embeddable":true,"href":"https:\/\/cloudsupplyvapes.com\/es\/wp-json\/wp\/v2\/comments?post=8515"}],"wp:featuredmedia":[{"embeddable":true,"href":"https:\/\/cloudsupplyvapes.com\/es\/wp-json\/wp\/v2\/media\/8888"}],"wp:attachment":[{"href":"https:\/\/cloudsupplyvapes.com\/es\/wp-json\/wp\/v2\/media?parent=8515"}],"wp:term":[{"taxonomy":"product_brand","embeddable":true,"href":"https:\/\/cloudsupplyvapes.com\/es\/wp-json\/wp\/v2\/product_brand?post=8515"},{"taxonomy":"product_cat","embeddable":true,"href":"https:\/\/cloudsupplyvapes.com\/es\/wp-json\/wp\/v2\/product_cat?post=8515"},{"taxonomy":"product_tag","embeddable":true,"href":"https:\/\/cloudsupplyvapes.com\/es\/wp-json\/wp\/v2\/product_tag?post=8515"}],"curies":[{"name":"wp","href":"https:\/\/api.w.org\/{rel}","templated":true}]}}