{"id":8516,"date":"2024-10-19T03:00:04","date_gmt":"2024-10-19T03:00:04","guid":{"rendered":"https:\/\/cloudsupplyvapes.com\/?post_type=product&#038;p=8516"},"modified":"2024-11-25T03:58:33","modified_gmt":"2024-11-25T03:58:33","slug":"-286","status":"publish","type":"product","link":"https:\/\/cloudsupplyvapes.com\/es\/product\/bang-king-25000-puff-disposable-vape-wholesale\/","title":{"rendered":"Bang King 25000 Puff Vape Desechable Al Por Mayor Alta Capacidad Dise\u00f1o Duradero"},"content":{"rendered":"<h2>Sabores disponibles:<\/h2>\n<ol>\n<li>Hielo Razz Azul<\/li>\n<li>Helado de melocot\u00f3n jugoso<\/li>\n<li>Sand\u00eda con fresa<\/li>\n<li>Hielo de sand\u00eda<\/li>\n<li>Fresa Pl\u00e1tano<\/li>\n<li>Hielo de manzana \u00e1cida<\/li>\n<li>Hielo triple de bayas<\/li>\n<li>Frutas tropicales<\/li>\n<li>Bomba de cereza<\/li>\n<li>Hielo de uva<\/li>\n<li>Melocot\u00f3n Mango<\/li>\n<li>Fresa Mango<\/li>\n<\/ol>\n<h3>Especificaciones Bang King 25000 Vape Desechable<\/h3>\n<table>\n<thead>\n<tr>\n<th><strong>Caracter\u00edstica<\/strong><\/th>\n<th><strong>Especificaci\u00f3n<\/strong><\/th>\n<\/tr>\n<\/thead>\n<tbody>\n<tr>\n<td>Capacidad de la bater\u00eda<\/td>\n<td>650 mAh<\/td>\n<\/tr>\n<tr>\n<td>Capacidad de e-l\u00edquido<\/td>\n<td>25 ml<\/td>\n<\/tr>\n<tr>\n<td>Potencia de nicotina<\/td>\n<td>0%, 2%, 3%, 5%(por defecto)<\/td>\n<\/tr>\n<tr>\n<td>Puffs<\/td>\n<td>Hasta 25.000 caladas<\/td>\n<\/tr>\n<tr>\n<td>Precios<\/td>\n<td>$28-$32<\/td>\n<\/tr>\n<tr>\n<td>Peso del paquete<\/td>\n<td>19,8 kg\/200 piezas<\/td>\n<\/tr>\n<\/tbody>\n<\/table>\n<h3>Caracter\u00edsticas principales:<\/h3>\n<ul>\n<li><strong>Amplia selecci\u00f3n de sabores:<\/strong> Ofrece una amplia gama de 12 sabores, que satisfacen los gustos m\u00e1s diversos.<\/li>\n<li><strong>Amplio recuento de puff:<\/strong> Dise\u00f1ado para dar hasta 25.000 caladas, proporcionando un uso duradero.<\/li>\n<li><strong>Generosa capacidad de e-l\u00edquido:<\/strong> Cada dispositivo est\u00e1 equipado con 25 ml de e-l\u00edquido, lo que aumenta la duraci\u00f3n de las sesiones de vapeo.<\/li>\n<li><strong>Niveles de nicotina ajustables:<\/strong> Disponible en tres concentraciones de nicotina, adecuadas para los vapeadores en todas las etapas de su viaje.<\/li>\n<li><strong>Bater\u00eda resistente y fiable:<\/strong> Una bater\u00eda de 650 mAh garantiza un rendimiento constante durante toda la vida \u00fatil del dispositivo.<\/li>\n<\/ul>\n<h3>\u00bfPor qu\u00e9 elegir Bang King 25000?<\/h3>\n<p>El Bang King 25000 es la mejor elecci\u00f3n para los vapeadores que valoran la diversidad de sabores y la gran capacidad de calada. Su amplia gama de opciones de sabor y su gran cantidad de caladas lo convierten en un producto destacado tanto para vapeadores experimentados como para principiantes.<\/p>","protected":false},"excerpt":{"rendered":"<p>El Bang King 25000 Puff Vape Desechable al por mayor ofrece una gran capacidad con un dise\u00f1o ligero y duradero. Perfecto para aquellos que buscan ultra-port\u00e1til y sesiones vaping prolongados.<\/p>","protected":false},"featured_media":8916,"comment_status":"open","ping_status":"closed","template":"","meta":[],"product_brand":[],"product_cat":[481,22],"product_tag":[31],"class_list":{"0":"post-8516","1":"product","2":"type-product","3":"status-publish","4":"has-post-thumbnail","6":"product_cat-bang","7":"product_cat-disposable-vape-sticks","8":"product_tag-bang","10":"first","11":"instock","12":"shipping-taxable","13":"purchasable","14":"product-type-simple"},"jetpack_sharing_enabled":true,"tiered_pricing_type":"fixed","tiered_pricing_fixed_rules":[],"tiered_pricing_product_settings":{"layout":"default","base_unit_name":{"singular":null,"plural":null},"default_variation":null},"tiered_pricing_minimum_quantity":10,"tiered_pricing_roles_data":[],"tiered_pricing_percentage_rules":[],"tiered_pricing_maximum_quantity":null,"tiered_pricing_quantity_step":"10","_links":{"self":[{"href":"https:\/\/cloudsupplyvapes.com\/es\/wp-json\/wp\/v2\/product\/8516","targetHints":{"allow":["GET"]}}],"collection":[{"href":"https:\/\/cloudsupplyvapes.com\/es\/wp-json\/wp\/v2\/product"}],"about":[{"href":"https:\/\/cloudsupplyvapes.com\/es\/wp-json\/wp\/v2\/types\/product"}],"replies":[{"embeddable":true,"href":"https:\/\/cloudsupplyvapes.com\/es\/wp-json\/wp\/v2\/comments?post=8516"}],"wp:featuredmedia":[{"embeddable":true,"href":"https:\/\/cloudsupplyvapes.com\/es\/wp-json\/wp\/v2\/media\/8916"}],"wp:attachment":[{"href":"https:\/\/cloudsupplyvapes.com\/es\/wp-json\/wp\/v2\/media?parent=8516"}],"wp:term":[{"taxonomy":"product_brand","embeddable":true,"href":"https:\/\/cloudsupplyvapes.com\/es\/wp-json\/wp\/v2\/product_brand?post=8516"},{"taxonomy":"product_cat","embeddable":true,"href":"https:\/\/cloudsupplyvapes.com\/es\/wp-json\/wp\/v2\/product_cat?post=8516"},{"taxonomy":"product_tag","embeddable":true,"href":"https:\/\/cloudsupplyvapes.com\/es\/wp-json\/wp\/v2\/product_tag?post=8516"}],"curies":[{"name":"wp","href":"https:\/\/api.w.org\/{rel}","templated":true}]}}