{"id":8632,"date":"2024-10-19T03:01:11","date_gmt":"2024-10-19T03:01:11","guid":{"rendered":"https:\/\/cloudsupplyvapes.com\/?post_type=product&#038;p=8632"},"modified":"2024-11-25T03:57:33","modified_gmt":"2024-11-25T03:57:33","slug":"-311","status":"publish","type":"product","link":"https:\/\/cloudsupplyvapes.com\/es\/product\/poco-pt-12000-puffs-disposable-vape-wholesale-germany-europe-and-usa-local-warehouse-in-stock\/","title":{"rendered":"POCO PT 12000 Puffs Vape desechable al por mayor Alemania Europa EE.UU. Almac\u00e9n En Stock"},"content":{"rendered":"<h2>Opciones de sabor:<\/h2>\n<ul>\n<li>Hielo de ar\u00e1ndanos<\/li>\n<li>Limonada de cereza y melocot\u00f3n<\/li>\n<li>Ar\u00e1ndano Frambuesa<\/li>\n<li>Fresa Kiwi<\/li>\n<li>Aloe Uva<\/li>\n<li>Black Ice Fruta del Drag\u00f3n Fresa<\/li>\n<li>Bebida energ\u00e9tica<\/li>\n<li>Sand\u00eda con fresa<\/li>\n<li>Melocot\u00f3n helado<\/li>\n<li>Fresa helada<\/li>\n<\/ul>\n<h3>Especificaciones POCO PT 12000<\/h3>\n<table>\n<thead>\n<tr>\n<th><strong>Caracter\u00edstica<\/strong><\/th>\n<th><strong>Especificaci\u00f3n<\/strong><\/th>\n<\/tr>\n<\/thead>\n<tbody>\n<tr>\n<td>Capacidad<\/td>\n<td>22 ml<\/td>\n<\/tr>\n<tr>\n<td>Potencia de nicotina<\/td>\n<td>5%<\/td>\n<\/tr>\n<tr>\n<td>Capacidad de la bater\u00eda<\/td>\n<td>650 mAh<\/td>\n<\/tr>\n<tr>\n<td>Recargable<\/td>\n<td>Tipo-C<\/td>\n<\/tr>\n<tr>\n<td>Puffs<\/td>\n<td>12.000 bocanadas<\/td>\n<\/tr>\n<\/tbody>\n<\/table>\n<h3>Caracter\u00edsticas principales:<\/h3>\n<ul>\n<li><strong>Amplia capacidad de e-l\u00edquido:<\/strong> Cuenta con un enorme dep\u00f3sito de 22 ml que proporciona hasta 12.000 caladas, ideal para un uso prolongado sin recargas frecuentes.<\/li>\n<li><strong>Suministro robusto de nicotina:<\/strong> Contiene una consistente concentraci\u00f3n de nicotina 5% para una experiencia de vapeo intensa y satisfactoria.<\/li>\n<li><strong>Bater\u00eda de larga duraci\u00f3n:<\/strong> Equipada con una bater\u00eda recargable de 650 mAh, que garantiza un rendimiento fiable y la comodidad de un puerto de carga Type-C.<\/li>\n<li><strong>Gran variedad de sabores:<\/strong> Ofrece una variada selecci\u00f3n de sabores para todos los gustos, desde afrutados y refrescantes hasta frescos y vigorizantes.<\/li>\n<\/ul>\n<h3>\u00bfPor qu\u00e9 elegir POCO PT 12000?<\/h3>\n<p>El POCO PT 12000 destaca por su notable capacidad y longevidad, lo que lo convierte en una excelente elecci\u00f3n para los vapeadores que buscan un dispositivo de alto rendimiento con amplias opciones de sabor y un n\u00famero significativo de caladas. Est\u00e1 dise\u00f1ado para aquellos que quieren una experiencia de vapeo fiable y duradera. En stock en los almacenes de Alemania, UE y EE.UU.<\/p>","protected":false},"excerpt":{"rendered":"<p>The POCO PT 12000 Puffs Disposable Vape Wholesale features a long-lasting battery and compact design. Available in Germany, Europe, and USA warehouses for quick delivery and consistent performance.<\/p>","protected":false},"featured_media":9208,"comment_status":"open","ping_status":"closed","template":"","meta":[],"product_brand":[],"product_cat":[22],"product_tag":[474],"class_list":{"0":"post-8632","1":"product","2":"type-product","3":"status-publish","4":"has-post-thumbnail","6":"product_cat-disposable-vape-sticks","7":"product_tag-poco","9":"first","10":"instock","11":"sale","12":"shipping-taxable","13":"purchasable","14":"product-type-simple"},"jetpack_sharing_enabled":true,"tiered_pricing_type":"fixed","tiered_pricing_fixed_rules":{"500":7.70000000000000017763568394002504646778106689453125,"2000":7.5999999999999996447286321199499070644378662109375,"5000":7.5},"tiered_pricing_product_settings":{"layout":"default","base_unit_name":{"singular":null,"plural":null},"default_variation":null},"tiered_pricing_minimum_quantity":null,"tiered_pricing_roles_data":[],"tiered_pricing_percentage_rules":[],"tiered_pricing_maximum_quantity":null,"tiered_pricing_quantity_step":null,"_links":{"self":[{"href":"https:\/\/cloudsupplyvapes.com\/es\/wp-json\/wp\/v2\/product\/8632","targetHints":{"allow":["GET"]}}],"collection":[{"href":"https:\/\/cloudsupplyvapes.com\/es\/wp-json\/wp\/v2\/product"}],"about":[{"href":"https:\/\/cloudsupplyvapes.com\/es\/wp-json\/wp\/v2\/types\/product"}],"replies":[{"embeddable":true,"href":"https:\/\/cloudsupplyvapes.com\/es\/wp-json\/wp\/v2\/comments?post=8632"}],"wp:featuredmedia":[{"embeddable":true,"href":"https:\/\/cloudsupplyvapes.com\/es\/wp-json\/wp\/v2\/media\/9208"}],"wp:attachment":[{"href":"https:\/\/cloudsupplyvapes.com\/es\/wp-json\/wp\/v2\/media?parent=8632"}],"wp:term":[{"taxonomy":"product_brand","embeddable":true,"href":"https:\/\/cloudsupplyvapes.com\/es\/wp-json\/wp\/v2\/product_brand?post=8632"},{"taxonomy":"product_cat","embeddable":true,"href":"https:\/\/cloudsupplyvapes.com\/es\/wp-json\/wp\/v2\/product_cat?post=8632"},{"taxonomy":"product_tag","embeddable":true,"href":"https:\/\/cloudsupplyvapes.com\/es\/wp-json\/wp\/v2\/product_tag?post=8632"}],"curies":[{"name":"wp","href":"https:\/\/api.w.org\/{rel}","templated":true}]}}