{"id":8634,"date":"2024-10-19T03:01:12","date_gmt":"2024-10-19T03:01:12","guid":{"rendered":"https:\/\/cloudsupplyvapes.com\/?post_type=product&#038;p=8634"},"modified":"2024-11-25T03:54:22","modified_gmt":"2024-11-25T03:54:22","slug":"-259","status":"publish","type":"product","link":"https:\/\/cloudsupplyvapes.com\/es\/product\/elfworld-ai22000-disposable-wholesale-dual-mesh-coil-22000-puffs-diverse-flavors\/","title":{"rendered":"ELFWORLD Ai22000 Vape desechable al por mayor Dual Mesh Coil Rendimiento fiable"},"content":{"rendered":"<h4><strong>Sabores disponibles:<\/strong><\/h4>\n<ul>\n<li>Mango Manzana Pera<\/li>\n<li>Mango fresco<\/li>\n<li>Manzana verde<\/li>\n<li>Sangre de tigre<\/li>\n<li>Hielo de ar\u00e1ndanos<\/li>\n<li>Menta<\/li>\n<li>Mezcla de bayas<\/li>\n<li>Hielo de uva<\/li>\n<li>Hielo de sand\u00eda<\/li>\n<li>Menta con ar\u00e1ndanos<\/li>\n<\/ul>\n<h3>Especificaciones ELFWORLD Ai22000<\/h3>\n<table>\n<thead>\n<tr>\n<th>Caracter\u00edstica<\/th>\n<th>Especificaci\u00f3n<\/th>\n<\/tr>\n<\/thead>\n<tbody>\n<tr>\n<td>Potencia de nicotina<\/td>\n<td>0%, 2%(por defecto), 3%, 5% Sal de nicotina<\/td>\n<\/tr>\n<tr>\n<td>Capacidad de e-l\u00edquido<\/td>\n<td>26 ml<\/td>\n<\/tr>\n<tr>\n<td>Tipo de bobina<\/td>\n<td>Nueva Versi\u00f3n Dual Mesh Coil<\/td>\n<\/tr>\n<tr>\n<td>Recuento de Puff<\/td>\n<td>Hasta 22000 caladas<\/td>\n<\/tr>\n<tr>\n<td>Sabores disponibles<\/td>\n<td>Mango Manzana Pera, Mango Fresco, Manzana Verde, Sangre de Tigre, Ar\u00e1ndano Hielo, Menta, Mezcla de Bayas, Uva Hielo, Sand\u00eda Hielo, Ar\u00e1ndano Menta<\/td>\n<\/tr>\n<tr>\n<td>Embalaje por kit<\/td>\n<td>5 unidades en caja expositora<\/td>\n<\/tr>\n<tr>\n<td>Embalaje por caja<\/td>\n<td>150 unidades por caja<\/td>\n<\/tr>\n<tr>\n<td>Dimensiones de la caja<\/td>\n<td>490 mm x 270 mm x 103 mm<\/td>\n<\/tr>\n<tr>\n<td>Peso de la caja<\/td>\n<td>19KG<\/td>\n<\/tr>\n<\/tbody>\n<\/table>\n<h4><strong>Caracter\u00edsticas principales:<\/strong><\/h4>\n<ul>\n<li><strong>Potencias de nicotina:<\/strong> Disponible en concentraciones de sal de nicotina 0%, 2%, 3% y 5%, adecuadas tanto para vapeadores nuevos como experimentados.<\/li>\n<li><strong>Capacidad de e-l\u00edquido:<\/strong> Cada vaina viene precargada con 26 ml de e-l\u00edquido de alta calidad, dise\u00f1ado para sesiones de vapeo prolongadas.<\/li>\n<li><strong>Tipo de bobina:<\/strong> Cuenta con una nueva versi\u00f3n de doble bobina de malla que mejora el sabor y la producci\u00f3n de vapor para una mejor experiencia.<\/li>\n<li><strong>Conteo de Puff:<\/strong> Ofrece hasta 22.000 caladas, lo que la convierte en una elecci\u00f3n duradera para los vapeadores \u00e1vidos.<\/li>\n<li><strong>Embalaje:<\/strong> Convenientemente empaquetados con 5 piezas por caja expositora y 150 piezas por cart\u00f3n, optimizados tanto para la venta al por menor como al por mayor.<\/li>\n<\/ul>\n<h4><strong>\u00bfPor qu\u00e9 elegir ELFWORLD Ai22000?<\/strong><\/h4>\n<p>El ELFWORLD Ai22000 es perfecto para aquellos que aprecian los sabores intensos y un rendimiento robusto. Experimenta una gran variedad de sabores y disfruta de un vapeo que dura m\u00e1s con cada vaina.<\/p>","protected":false},"excerpt":{"rendered":"<p>El vapeador desechable ELFWORLD Ai22000 cuenta con tecnolog\u00eda de doble bobina de malla, 22000 caladas y un rendimiento constante para vapear con alta calidad.<\/p>","protected":false},"featured_media":8848,"comment_status":"open","ping_status":"closed","template":"","meta":[],"product_brand":[],"product_cat":[22,480],"product_tag":[467],"class_list":{"0":"post-8634","1":"product","2":"type-product","3":"status-publish","4":"has-post-thumbnail","6":"product_cat-disposable-vape-sticks","7":"product_cat-elfworld","8":"product_tag-elfworld","10":"first","11":"instock","12":"sale","13":"shipping-taxable","14":"purchasable","15":"product-type-simple"},"jetpack_sharing_enabled":true,"tiered_pricing_type":"fixed","tiered_pricing_fixed_rules":{"2000":10.800000000000000710542735760100185871124267578125,"10000":10.5},"tiered_pricing_product_settings":{"layout":"default","base_unit_name":{"singular":null,"plural":null},"default_variation":null},"tiered_pricing_minimum_quantity":30,"tiered_pricing_roles_data":[],"tiered_pricing_percentage_rules":[],"tiered_pricing_maximum_quantity":null,"tiered_pricing_quantity_step":null,"_links":{"self":[{"href":"https:\/\/cloudsupplyvapes.com\/es\/wp-json\/wp\/v2\/product\/8634","targetHints":{"allow":["GET"]}}],"collection":[{"href":"https:\/\/cloudsupplyvapes.com\/es\/wp-json\/wp\/v2\/product"}],"about":[{"href":"https:\/\/cloudsupplyvapes.com\/es\/wp-json\/wp\/v2\/types\/product"}],"replies":[{"embeddable":true,"href":"https:\/\/cloudsupplyvapes.com\/es\/wp-json\/wp\/v2\/comments?post=8634"}],"wp:featuredmedia":[{"embeddable":true,"href":"https:\/\/cloudsupplyvapes.com\/es\/wp-json\/wp\/v2\/media\/8848"}],"wp:attachment":[{"href":"https:\/\/cloudsupplyvapes.com\/es\/wp-json\/wp\/v2\/media?parent=8634"}],"wp:term":[{"taxonomy":"product_brand","embeddable":true,"href":"https:\/\/cloudsupplyvapes.com\/es\/wp-json\/wp\/v2\/product_brand?post=8634"},{"taxonomy":"product_cat","embeddable":true,"href":"https:\/\/cloudsupplyvapes.com\/es\/wp-json\/wp\/v2\/product_cat?post=8634"},{"taxonomy":"product_tag","embeddable":true,"href":"https:\/\/cloudsupplyvapes.com\/es\/wp-json\/wp\/v2\/product_tag?post=8634"}],"curies":[{"name":"wp","href":"https:\/\/api.w.org\/{rel}","templated":true}]}}