{"id":8639,"date":"2024-10-19T03:01:12","date_gmt":"2024-10-19T03:01:12","guid":{"rendered":"https:\/\/cloudsupplyvapes.com\/?post_type=product&#038;p=8639"},"modified":"2024-11-25T03:52:11","modified_gmt":"2024-11-25T03:52:11","slug":"-263","status":"publish","type":"product","link":"https:\/\/cloudsupplyvapes.com\/es\/product\/elfworld-pe-10000-disposable-kit-wholesale-extended-e-liquid-capacity-rich-flavor-selection-quick-charging\/","title":{"rendered":"ELFWORLD PE 10000 Vape desechable al por mayor Carga r\u00e1pida Rendimiento compacto"},"content":{"rendered":"<h3>Especificaciones ELFWORLD PE 10000<\/h3>\n<table>\n<thead>\n<tr>\n<th>Caracter\u00edstica<\/th>\n<th>Especificaci\u00f3n<\/th>\n<\/tr>\n<\/thead>\n<tbody>\n<tr>\n<td>Potencia de nicotina<\/td>\n<td>0%, 2%, 3%, 5% Sal de nicotina<\/td>\n<\/tr>\n<tr>\n<td>Capacidad de e-l\u00edquido<\/td>\n<td>18 ml<\/td>\n<\/tr>\n<tr>\n<td>Tipo de bobina<\/td>\n<td>Bobina de malla<\/td>\n<\/tr>\n<tr>\n<td>Bater\u00eda<\/td>\n<td>Bater\u00eda recargable integrada de 500 mAh<\/td>\n<\/tr>\n<tr>\n<td>Cargando<\/td>\n<td>USB tipo C<\/td>\n<\/tr>\n<tr>\n<td>Sabores disponibles<\/td>\n<td>Fresa Kiwi, Menta Fresca, Jolly Rancher, Fresa Mango, Agua Mineral Congelada, Fresa Sand\u00eda, Triple Berry Ice, Blue Razz Ice, Lush Ice, Mango Melocot\u00f3n Albaricoque, Zumo de Grosella Negra, Sirap Rose, Zumo de Fresa Melocot\u00f3n, Lima Cactus, Lovers Choice (Fresa Coco), Sugar Daddy<\/td>\n<\/tr>\n<tr>\n<td>Embalaje por kit<\/td>\n<td>10 unidades en caja expositora<\/td>\n<\/tr>\n<tr>\n<td>Embalaje por caja<\/td>\n<td>200 unidades por caja<\/td>\n<\/tr>\n<tr>\n<td>Dimensiones de la caja<\/td>\n<td>635 mm x 327 mm x 185 mm<\/td>\n<\/tr>\n<tr>\n<td>Peso de la caja<\/td>\n<td>19KG<\/td>\n<\/tr>\n<\/tbody>\n<\/table>\n<h4><strong>Sabores disponibles:<\/strong><\/h4>\n<ul>\n<li>Fresa Kiwi<\/li>\n<li>Menta fresca<\/li>\n<li>Jolly Rancher<\/li>\n<li>Fresa Mango<\/li>\n<li>Agua mineral congelada<\/li>\n<li>Sand\u00eda con fresa<\/li>\n<li>Hielo triple de bayas<\/li>\n<li>Hielo Razz Azul<\/li>\n<li>Hielo exuberante<\/li>\n<li>Mango Melocot\u00f3n Albaricoque<\/li>\n<li>Zumo de grosella negra<\/li>\n<li>Rosa Sirap<\/li>\n<li>Zumo de fresa Melocot\u00f3n<\/li>\n<li>Cactus de Lima<\/li>\n<li>Lovers Choice (Fresa y coco)<\/li>\n<li>Sugar Daddy<\/li>\n<\/ul>\n<h4><strong>Caracter\u00edsticas principales:<\/strong><\/h4>\n<ul>\n<li><strong>Potencias de nicotina:<\/strong> Disponible en concentraciones de sal de nicotina 0%, 2%, 3% y 5%, adecuadas para una gran variedad de experiencias de vapeo.<\/li>\n<li><strong>Capacidad de e-l\u00edquido:<\/strong> Cada dispositivo viene precargado con 18 ml de e-l\u00edquido de alta calidad, lo que garantiza sesiones de vapeo prolongadas.<\/li>\n<li><strong>Tipo de bobina:<\/strong> Cuenta con una bobina de malla que mejora el sabor y la producci\u00f3n de vapor.<\/li>\n<li><strong>Bater\u00eda:<\/strong> Equipado con una bater\u00eda recargable de 500 mAh, que admite una c\u00f3moda carga Type-C.<\/li>\n<li><strong>Embalaje:<\/strong> Embalaje eficiente con 10 unidades por caja expositora y 200 unidades por caja de cart\u00f3n, lo que facilita la distribuci\u00f3n y la venta al por menor.<\/li>\n<\/ul>\n<h4><strong>\u00bfPor qu\u00e9 elegir ELFWORLD PE 10000?<\/strong><\/h4>\n<p>El ELFWORLD PE 10000 es perfecto para los vapeadores que buscan una amplia gama de sabores \u00fanicos y ex\u00f3ticos combinados con una robusta duraci\u00f3n de la bater\u00eda y un dise\u00f1o eficiente. Tanto si te gusta el sabor cl\u00e1sico de Cool Mint o la mezcla ex\u00f3tica de Lovers Choice, hay un sabor para cada preferencia, lo que garantiza una experiencia de vapeo excepcional con cada uso.<\/p>","protected":false},"excerpt":{"rendered":"<p>El ELFWORLD PE 10000 Vape desechable al por mayor ofrece capacidades de carga r\u00e1pida con un dise\u00f1o compacto y la entrega de sabor consistente para vaping port\u00e1til.<\/p>","protected":false},"featured_media":8852,"comment_status":"open","ping_status":"closed","template":"","meta":[],"product_brand":[],"product_cat":[22],"product_tag":[],"class_list":{"0":"post-8639","1":"product","2":"type-product","3":"status-publish","4":"has-post-thumbnail","6":"product_cat-disposable-vape-sticks","8":"first","9":"instock","10":"sale","11":"shipping-taxable","12":"purchasable","13":"product-type-simple"},"jetpack_sharing_enabled":true,"tiered_pricing_type":"fixed","tiered_pricing_fixed_rules":{"2000":9.3699999999999992184029906638897955417633056640625,"10000":9.300000000000000710542735760100185871124267578125},"tiered_pricing_product_settings":{"layout":"default","base_unit_name":{"singular":null,"plural":null},"default_variation":null},"tiered_pricing_minimum_quantity":30,"tiered_pricing_roles_data":[],"tiered_pricing_percentage_rules":[],"tiered_pricing_maximum_quantity":null,"tiered_pricing_quantity_step":null,"_links":{"self":[{"href":"https:\/\/cloudsupplyvapes.com\/es\/wp-json\/wp\/v2\/product\/8639","targetHints":{"allow":["GET"]}}],"collection":[{"href":"https:\/\/cloudsupplyvapes.com\/es\/wp-json\/wp\/v2\/product"}],"about":[{"href":"https:\/\/cloudsupplyvapes.com\/es\/wp-json\/wp\/v2\/types\/product"}],"replies":[{"embeddable":true,"href":"https:\/\/cloudsupplyvapes.com\/es\/wp-json\/wp\/v2\/comments?post=8639"}],"wp:featuredmedia":[{"embeddable":true,"href":"https:\/\/cloudsupplyvapes.com\/es\/wp-json\/wp\/v2\/media\/8852"}],"wp:attachment":[{"href":"https:\/\/cloudsupplyvapes.com\/es\/wp-json\/wp\/v2\/media?parent=8639"}],"wp:term":[{"taxonomy":"product_brand","embeddable":true,"href":"https:\/\/cloudsupplyvapes.com\/es\/wp-json\/wp\/v2\/product_brand?post=8639"},{"taxonomy":"product_cat","embeddable":true,"href":"https:\/\/cloudsupplyvapes.com\/es\/wp-json\/wp\/v2\/product_cat?post=8639"},{"taxonomy":"product_tag","embeddable":true,"href":"https:\/\/cloudsupplyvapes.com\/es\/wp-json\/wp\/v2\/product_tag?post=8639"}],"curies":[{"name":"wp","href":"https:\/\/api.w.org\/{rel}","templated":true}]}}