{"id":8697,"date":"2024-10-19T03:01:38","date_gmt":"2024-10-19T03:01:38","guid":{"rendered":"https:\/\/cloudsupplyvapes.com\/?post_type=product&#038;p=8697"},"modified":"2024-11-25T03:51:54","modified_gmt":"2024-11-25T03:51:54","slug":"-264","status":"publish","type":"product","link":"https:\/\/cloudsupplyvapes.com\/es\/product\/elfworld-transpro9000-disposable-wholesale-advanced-digital-display-customizable-airflow-diverse-flavors\/","title":{"rendered":"ELFWORLD Transpro9000 Vape desechable al por mayor Pantalla LED Funcionamiento sin mantenimiento"},"content":{"rendered":"<h3>Especificaciones de ELFWORLD Transpro9000<\/h3>\n<table>\n<thead>\n<tr>\n<th>Caracter\u00edstica<\/th>\n<th>Especificaci\u00f3n<\/th>\n<\/tr>\n<\/thead>\n<tbody>\n<tr>\n<td>Potencia de nicotina<\/td>\n<td>0%, 2%, 3%, 5% Sal de nicotina<\/td>\n<\/tr>\n<tr>\n<td>Capacidad de e-l\u00edquido<\/td>\n<td>15 ml<\/td>\n<\/tr>\n<tr>\n<td>Tipo de bobina<\/td>\n<td>Bobina de malla<\/td>\n<\/tr>\n<tr>\n<td>Bater\u00eda<\/td>\n<td>Bater\u00eda recargable integrada de 750 mAh<\/td>\n<\/tr>\n<tr>\n<td>Cargando<\/td>\n<td>USB tipo C<\/td>\n<\/tr>\n<tr>\n<td>Mostrar<\/td>\n<td>Pantalla digital<\/td>\n<\/tr>\n<tr>\n<td>Flujo de aire<\/td>\n<td>Ajustable<\/td>\n<\/tr>\n<tr>\n<td>Sabores disponibles<\/td>\n<td>Melocot\u00f3n Mango, Sand\u00eda Helada, Pi\u00f1a Coco, Mel\u00f3n Manzana<\/td>\n<\/tr>\n<tr>\n<td>Embalaje por kit<\/td>\n<td>10 unidades en caja expositora<\/td>\n<\/tr>\n<tr>\n<td>Embalaje por caja<\/td>\n<td>200 unidades por caja<\/td>\n<\/tr>\n<tr>\n<td>Dimensiones de la caja<\/td>\n<td>567 mm x 274 mm x 225 mm<\/td>\n<\/tr>\n<tr>\n<td>Peso de la caja<\/td>\n<td>18KG<\/td>\n<\/tr>\n<\/tbody>\n<\/table>\n<h4><strong>Sabores disponibles:<\/strong><\/h4>\n<ul>\n<li>Melocot\u00f3n Mango<\/li>\n<li>Hielo de sand\u00eda<\/li>\n<li>Pi\u00f1a Coco<\/li>\n<li>Cantalupo Manzana<\/li>\n<\/ul>\n<h4><strong>Caracter\u00edsticas principales:<\/strong><\/h4>\n<ul>\n<li><strong>Potencias de nicotina:<\/strong> Disponible en concentraciones de sal de nicotina 0%, 2%, 3% y 5%, perfecto para personalizar tu experiencia de vapeo.<\/li>\n<li><strong>Capacidad de e-l\u00edquido:<\/strong> Cada c\u00e1psula viene precargada con 15 ml de e-l\u00edquido de alta calidad, ofreciendo un uso prolongado sin necesidad de recargas frecuentes.<\/li>\n<li><strong>Tipo de bobina:<\/strong> Incorpora una bobina de malla que mejora el sabor y la producci\u00f3n de vapor para un vapeo superior.<\/li>\n<li><strong>Pantalla:<\/strong> Innovadora pantalla digital para controlar f\u00e1cilmente los ajustes del aparato.<\/li>\n<li><strong>Flujo de aire:<\/strong> Flujo de aire ajustable para personalizar tu experiencia de vapeo seg\u00fan tus preferencias.<\/li>\n<li><strong>Bater\u00eda:<\/strong> Incluye una bater\u00eda recargable integrada de 750 mAh, que admite tiempos de uso m\u00e1s prolongados y una recarga r\u00e1pida con un puerto USB Tipo-C.<\/li>\n<li><strong>Embalaje:<\/strong> Envasado de forma eficiente con 10 unidades en cada caja expositora y 200 unidades por caja de cart\u00f3n, lo que lo hace ideal tanto para la venta al por menor como para la distribuci\u00f3n.<\/li>\n<\/ul>\n<h4><strong>\u00bfPor qu\u00e9 elegir ELFWORLD Transpro9000?<\/strong><\/h4>\n<p>El ELFWORLD Transpro9000 es perfecto para los vapeadores que exigen caracter\u00edsticas avanzadas como una pantalla digital y flujo de aire ajustable, combinado con una rica selecci\u00f3n de sabores \u00fanicos. Este dispositivo garantiza una experiencia de vapeo personalizada con cada uso, con el apoyo de una bater\u00eda robusta y una carga eficiente.<\/p>","protected":false},"excerpt":{"rendered":"<p>El ELFWORLD Transpro9000 Vape desechable al por mayor est\u00e1 equipado con una pantalla LED avanzada, flujo de aire personalizable, y un dise\u00f1o sin complicaciones para experiencias vaping sin problemas.<\/p>","protected":false},"featured_media":8853,"comment_status":"open","ping_status":"closed","template":"","meta":[],"product_brand":[],"product_cat":[22,480],"product_tag":[467],"class_list":{"0":"post-8697","1":"product","2":"type-product","3":"status-publish","4":"has-post-thumbnail","6":"product_cat-disposable-vape-sticks","7":"product_cat-elfworld","8":"product_tag-elfworld","10":"first","11":"instock","12":"sale","13":"shipping-taxable","14":"purchasable","15":"product-type-simple"},"jetpack_sharing_enabled":true,"tiered_pricing_type":"fixed","tiered_pricing_fixed_rules":{"2000":9.699999999999999289457264239899814128875732421875},"tiered_pricing_product_settings":{"layout":"default","base_unit_name":{"singular":null,"plural":null},"default_variation":null},"tiered_pricing_minimum_quantity":30,"tiered_pricing_roles_data":[],"tiered_pricing_percentage_rules":[],"tiered_pricing_maximum_quantity":null,"tiered_pricing_quantity_step":null,"_links":{"self":[{"href":"https:\/\/cloudsupplyvapes.com\/es\/wp-json\/wp\/v2\/product\/8697","targetHints":{"allow":["GET"]}}],"collection":[{"href":"https:\/\/cloudsupplyvapes.com\/es\/wp-json\/wp\/v2\/product"}],"about":[{"href":"https:\/\/cloudsupplyvapes.com\/es\/wp-json\/wp\/v2\/types\/product"}],"replies":[{"embeddable":true,"href":"https:\/\/cloudsupplyvapes.com\/es\/wp-json\/wp\/v2\/comments?post=8697"}],"wp:featuredmedia":[{"embeddable":true,"href":"https:\/\/cloudsupplyvapes.com\/es\/wp-json\/wp\/v2\/media\/8853"}],"wp:attachment":[{"href":"https:\/\/cloudsupplyvapes.com\/es\/wp-json\/wp\/v2\/media?parent=8697"}],"wp:term":[{"taxonomy":"product_brand","embeddable":true,"href":"https:\/\/cloudsupplyvapes.com\/es\/wp-json\/wp\/v2\/product_brand?post=8697"},{"taxonomy":"product_cat","embeddable":true,"href":"https:\/\/cloudsupplyvapes.com\/es\/wp-json\/wp\/v2\/product_cat?post=8697"},{"taxonomy":"product_tag","embeddable":true,"href":"https:\/\/cloudsupplyvapes.com\/es\/wp-json\/wp\/v2\/product_tag?post=8697"}],"curies":[{"name":"wp","href":"https:\/\/api.w.org\/{rel}","templated":true}]}}