{"id":8698,"date":"2024-10-19T03:01:38","date_gmt":"2024-10-19T03:01:38","guid":{"rendered":"https:\/\/cloudsupplyvapes.com\/?post_type=product&#038;p=8698"},"modified":"2024-11-25T03:51:38","modified_gmt":"2024-11-25T03:51:38","slug":"-265","status":"publish","type":"product","link":"https:\/\/cloudsupplyvapes.com\/es\/product\/elfworld-mg2500-disposable-wholesale-compact-design-rich-flavor-variety-efficient-battery\/","title":{"rendered":"ELFWORLD Mg2500 Vape desechable al por mayor Dise\u00f1o compacto Caracter\u00edsticas para principiantes"},"content":{"rendered":"<h3>Especificaciones ELFWORLD Mg2500<\/h3>\n<table>\n<thead>\n<tr>\n<th>Caracter\u00edstica<\/th>\n<th>Especificaci\u00f3n<\/th>\n<\/tr>\n<\/thead>\n<tbody>\n<tr>\n<td>Potencia de nicotina<\/td>\n<td>0%, 2%, 3%, 5% Sal de nicotina<\/td>\n<\/tr>\n<tr>\n<td>Capacidad de e-l\u00edquido<\/td>\n<td>7 ml<\/td>\n<\/tr>\n<tr>\n<td>Tipo de bobina<\/td>\n<td>Bobina de malla<\/td>\n<\/tr>\n<tr>\n<td>Bater\u00eda<\/td>\n<td>Bater\u00eda integrada de 850 mAh<\/td>\n<\/tr>\n<tr>\n<td>Sabores disponibles<\/td>\n<td>Hielo de Fresa, Hielo de Blue Razz, Hielo de Fresa Mango, Hielo de Menta, Hielo de Fresa Kiwi, Hielo de Melocot\u00f3n, Hielo de Ar\u00e1ndanos, Hielo de Sand\u00eda, Hielo de Uva, Hielo de Frutos Rojos<\/td>\n<\/tr>\n<tr>\n<td>Embalaje por kit<\/td>\n<td>10 unidades en caja expositora<\/td>\n<\/tr>\n<tr>\n<td>Embalaje por caja<\/td>\n<td>260 unidades por caja<\/td>\n<\/tr>\n<tr>\n<td>Dimensiones de la caja<\/td>\n<td>500 mm x 400 mm x 250 mm<\/td>\n<\/tr>\n<tr>\n<td>Peso de la caja<\/td>\n<td>16.5KG<\/td>\n<\/tr>\n<\/tbody>\n<\/table>\n<h4><strong>Sabores disponibles:<\/strong><\/h4>\n<ul>\n<li>Fresa helada<\/li>\n<li>Hielo Razz Azul<\/li>\n<li>Fresa Mango<\/li>\n<li>Menta fresca<\/li>\n<li>Fresa Kiwi<\/li>\n<li>Melocot\u00f3n helado<\/li>\n<li>Hielo de ar\u00e1ndanos<\/li>\n<li>Hielo de sand\u00eda<\/li>\n<li>Hielo de uva<\/li>\n<li>Hielo de frutos rojos<\/li>\n<\/ul>\n<h4><strong>Caracter\u00edsticas principales:<\/strong><\/h4>\n<ul>\n<li><strong>Potencias de nicotina:<\/strong> Disponible en concentraciones de sal de nicotina 0%, 2%, 3% y 5%, adecuadas para una gran variedad de vapeadores.<\/li>\n<li><strong>Capacidad de e-l\u00edquido:<\/strong> Cada dispositivo est\u00e1 precargado con 7 ml de e-l\u00edquido de alta calidad, proporcionando una experiencia de sabor robusto.<\/li>\n<li><strong>Tipo de bobina:<\/strong> Incorpora una bobina de malla que realza el sabor y garantiza un vapeo uniforme.<\/li>\n<li><strong>Bater\u00eda:<\/strong> Viene con una bater\u00eda integrada de 850 mAh, que garantiza un uso duradero y un rendimiento fiable.<\/li>\n<li><strong>Embalaje:<\/strong> Envasado eficiente con 10 unidades por caja expositora y 260 unidades por caja de cart\u00f3n, optimizado para la distribuci\u00f3n al por menor y a granel.<\/li>\n<\/ul>\n<h4><strong>\u00bfPor qu\u00e9 elegir ELFWORLD Mg2500?<\/strong><\/h4>\n<p>El ELFWORLD Mg2500 es ideal para los vapeadores que buscan un dispositivo compacto pero potente con una variedad de opciones de sabor y una bater\u00eda potente. Ofrece una excelente experiencia de vapeo con cada calada, gracias a su avanzado sistema de bobina y sus potencias de nicotina personalizadas.<\/p>","protected":false},"excerpt":{"rendered":"<p>Compacto y f\u00e1cil de usar para principiantes, el Vape Mayorista Desechable ELFWORLD Mg2500 ofrece suaves golpes de garganta, una eficiente duraci\u00f3n de la bater\u00eda y un dise\u00f1o ligero para un uso sin complicaciones.<\/p>","protected":false},"featured_media":8854,"comment_status":"open","ping_status":"closed","template":"","meta":[],"product_brand":[],"product_cat":[22,480],"product_tag":[467],"class_list":{"0":"post-8698","1":"product","2":"type-product","3":"status-publish","4":"has-post-thumbnail","6":"product_cat-disposable-vape-sticks","7":"product_cat-elfworld","8":"product_tag-elfworld","10":"first","11":"instock","12":"sale","13":"shipping-taxable","14":"purchasable","15":"product-type-simple"},"jetpack_sharing_enabled":true,"tiered_pricing_type":"fixed","tiered_pricing_fixed_rules":{"2000":7.70000000000000017763568394002504646778106689453125},"tiered_pricing_product_settings":{"layout":"default","base_unit_name":{"singular":null,"plural":null},"default_variation":null},"tiered_pricing_minimum_quantity":30,"tiered_pricing_roles_data":[],"tiered_pricing_percentage_rules":[],"tiered_pricing_maximum_quantity":null,"tiered_pricing_quantity_step":null,"_links":{"self":[{"href":"https:\/\/cloudsupplyvapes.com\/es\/wp-json\/wp\/v2\/product\/8698","targetHints":{"allow":["GET"]}}],"collection":[{"href":"https:\/\/cloudsupplyvapes.com\/es\/wp-json\/wp\/v2\/product"}],"about":[{"href":"https:\/\/cloudsupplyvapes.com\/es\/wp-json\/wp\/v2\/types\/product"}],"replies":[{"embeddable":true,"href":"https:\/\/cloudsupplyvapes.com\/es\/wp-json\/wp\/v2\/comments?post=8698"}],"wp:featuredmedia":[{"embeddable":true,"href":"https:\/\/cloudsupplyvapes.com\/es\/wp-json\/wp\/v2\/media\/8854"}],"wp:attachment":[{"href":"https:\/\/cloudsupplyvapes.com\/es\/wp-json\/wp\/v2\/media?parent=8698"}],"wp:term":[{"taxonomy":"product_brand","embeddable":true,"href":"https:\/\/cloudsupplyvapes.com\/es\/wp-json\/wp\/v2\/product_brand?post=8698"},{"taxonomy":"product_cat","embeddable":true,"href":"https:\/\/cloudsupplyvapes.com\/es\/wp-json\/wp\/v2\/product_cat?post=8698"},{"taxonomy":"product_tag","embeddable":true,"href":"https:\/\/cloudsupplyvapes.com\/es\/wp-json\/wp\/v2\/product_tag?post=8698"}],"curies":[{"name":"wp","href":"https:\/\/api.w.org\/{rel}","templated":true}]}}