{"id":8699,"date":"2024-10-19T03:01:38","date_gmt":"2024-10-19T03:01:38","guid":{"rendered":"https:\/\/cloudsupplyvapes.com\/?post_type=product&#038;p=8699"},"modified":"2024-11-25T03:51:19","modified_gmt":"2024-11-25T03:51:19","slug":"-266","status":"publish","type":"product","link":"https:\/\/cloudsupplyvapes.com\/es\/product\/elfworld-iceking8500-disposable-wholesale-large-e-liquid-capacity-customizable-airflow-diverse-flavors\/","title":{"rendered":"ELFWORLD Iceking8500 Vape desechable al por mayor Flujo de aire ajustable Construcci\u00f3n ligera y duradera"},"content":{"rendered":"<h3>Especificaciones ELFWORLD Iceking8500<\/h3>\n<table>\n<thead>\n<tr>\n<th>Caracter\u00edstica<\/th>\n<th>Especificaci\u00f3n<\/th>\n<\/tr>\n<\/thead>\n<tbody>\n<tr>\n<td>Potencia de nicotina<\/td>\n<td>0%, 2%, 3%, 5% Sal de nicotina<\/td>\n<\/tr>\n<tr>\n<td>Capacidad de e-l\u00edquido<\/td>\n<td>17 ml<\/td>\n<\/tr>\n<tr>\n<td>Tipo de bobina<\/td>\n<td>Bobina de malla<\/td>\n<\/tr>\n<tr>\n<td>Bater\u00eda<\/td>\n<td>Bater\u00eda integrada de 550 mAh<\/td>\n<\/tr>\n<tr>\n<td>Flujo de aire<\/td>\n<td>Ajustable<\/td>\n<\/tr>\n<tr>\n<td>Sabores disponibles<\/td>\n<td>Blueberry Ice, Blue Razz, Strawberry Ice, Watermelon Bubble Gum, Strawberry Mango, Juicy Peach, Cool Mint, Peach Mango Watermelon, Lush Ice, Grape Ice<\/td>\n<\/tr>\n<tr>\n<td>Embalaje por kit<\/td>\n<td>10 unidades en caja expositora<\/td>\n<\/tr>\n<tr>\n<td>Embalaje por caja<\/td>\n<td>200 unidades por caja<\/td>\n<\/tr>\n<tr>\n<td>Dimensiones de la caja<\/td>\n<td>500 mm x 400 mm x 250 mm<\/td>\n<\/tr>\n<tr>\n<td>Peso de la caja<\/td>\n<td>Desconocido<\/td>\n<\/tr>\n<\/tbody>\n<\/table>\n<h4><strong>Sabores disponibles:<\/strong><\/h4>\n<ul>\n<li>Hielo de ar\u00e1ndanos<\/li>\n<li>Blue Razz<\/li>\n<li>Fresa helada<\/li>\n<li>Chicle de sand\u00eda<\/li>\n<li>Fresa Mango<\/li>\n<li>Melocot\u00f3n jugoso<\/li>\n<li>Menta fresca<\/li>\n<li>Melocot\u00f3n Mango Sand\u00eda<\/li>\n<li>Hielo exuberante<\/li>\n<li>Hielo de uva<\/li>\n<\/ul>\n<h4><strong>Caracter\u00edsticas principales:<\/strong><\/h4>\n<ul>\n<li><strong>Potencias de nicotina:<\/strong> Disponible en concentraciones de sal de nicotina de 0%, 2%, 3% y 5%, para satisfacer las distintas preferencias de los usuarios.<\/li>\n<li><strong>Capacidad de e-l\u00edquido:<\/strong> Cada dispositivo est\u00e1 precargado con 17 ml de e-l\u00edquido de alta calidad, lo que garantiza una experiencia de vapeo duradera y satisfactoria.<\/li>\n<li><strong>Tipo de bobina:<\/strong> Equipado con una bobina de malla que maximiza el sabor y la producci\u00f3n de vapor.<\/li>\n<li><strong>Bater\u00eda:<\/strong> Cuenta con una bater\u00eda integrada de 550mAh con flujo de aire ajustable, lo que permite experiencias de vapeo personalizadas.<\/li>\n<li><strong>Embalaje:<\/strong> Cada kit contiene 10 piezas en una caja expositora, con 200 piezas por caja, lo que facilita su distribuci\u00f3n.<\/li>\n<\/ul>\n<h4><strong>\u00bfPor qu\u00e9 elegir ELFWORLD Iceking8500?<\/strong><\/h4>\n<p>El ELFWORLD Iceking8500 es perfecto para los vapeadores que buscan una experiencia de sabor robusta con flujo de aire ajustable y una gran capacidad de e-l\u00edquido. Este dispositivo combina el rendimiento con la comodidad, por lo que es una excelente opci\u00f3n tanto para principiantes y vapers experimentados.<\/p>","protected":false},"excerpt":{"rendered":"<p>El ELFWORLD Iceking8500 Vape desechable al por mayor cuenta con flujo de aire ajustable, un dise\u00f1o ligero y duradero, y un rendimiento constante, por lo que es una opci\u00f3n ultra-port\u00e1til para vapers.<\/p>","protected":false},"featured_media":8855,"comment_status":"open","ping_status":"closed","template":"","meta":[],"product_brand":[],"product_cat":[22,480],"product_tag":[467],"class_list":{"0":"post-8699","1":"product","2":"type-product","3":"status-publish","4":"has-post-thumbnail","6":"product_cat-disposable-vape-sticks","7":"product_cat-elfworld","8":"product_tag-elfworld","10":"first","11":"instock","12":"sale","13":"shipping-taxable","14":"purchasable","15":"product-type-simple"},"jetpack_sharing_enabled":true,"tiered_pricing_type":"fixed","tiered_pricing_fixed_rules":{"2000":9.5,"10000":8.9000000000000003552713678800500929355621337890625},"tiered_pricing_product_settings":{"layout":"default","base_unit_name":{"singular":null,"plural":null},"default_variation":null},"tiered_pricing_minimum_quantity":30,"tiered_pricing_roles_data":[],"tiered_pricing_percentage_rules":[],"tiered_pricing_maximum_quantity":null,"tiered_pricing_quantity_step":null,"_links":{"self":[{"href":"https:\/\/cloudsupplyvapes.com\/es\/wp-json\/wp\/v2\/product\/8699","targetHints":{"allow":["GET"]}}],"collection":[{"href":"https:\/\/cloudsupplyvapes.com\/es\/wp-json\/wp\/v2\/product"}],"about":[{"href":"https:\/\/cloudsupplyvapes.com\/es\/wp-json\/wp\/v2\/types\/product"}],"replies":[{"embeddable":true,"href":"https:\/\/cloudsupplyvapes.com\/es\/wp-json\/wp\/v2\/comments?post=8699"}],"wp:featuredmedia":[{"embeddable":true,"href":"https:\/\/cloudsupplyvapes.com\/es\/wp-json\/wp\/v2\/media\/8855"}],"wp:attachment":[{"href":"https:\/\/cloudsupplyvapes.com\/es\/wp-json\/wp\/v2\/media?parent=8699"}],"wp:term":[{"taxonomy":"product_brand","embeddable":true,"href":"https:\/\/cloudsupplyvapes.com\/es\/wp-json\/wp\/v2\/product_brand?post=8699"},{"taxonomy":"product_cat","embeddable":true,"href":"https:\/\/cloudsupplyvapes.com\/es\/wp-json\/wp\/v2\/product_cat?post=8699"},{"taxonomy":"product_tag","embeddable":true,"href":"https:\/\/cloudsupplyvapes.com\/es\/wp-json\/wp\/v2\/product_tag?post=8699"}],"curies":[{"name":"wp","href":"https:\/\/api.w.org\/{rel}","templated":true}]}}