{"id":8700,"date":"2024-10-19T03:01:38","date_gmt":"2024-10-19T03:01:38","guid":{"rendered":"https:\/\/cloudsupplyvapes.com\/?post_type=product&#038;p=8700"},"modified":"2024-11-25T03:51:00","modified_gmt":"2024-11-25T03:51:00","slug":"-267","status":"publish","type":"product","link":"https:\/\/cloudsupplyvapes.com\/es\/product\/elfworld-mc-8500-disposable-wholesale-high-capacity-rechargeable-multi-flavor-options-great-prices\/","title":{"rendered":"ELFWORLD MC 8500 Vape desechable al por mayor Dise\u00f1o recargable de alta capacidad Rendimiento superior"},"content":{"rendered":"<h3>Especificaciones ELFWORLD MC 8500<\/h3>\n<table>\n<thead>\n<tr>\n<th>Caracter\u00edstica<\/th>\n<th>Especificaci\u00f3n<\/th>\n<\/tr>\n<\/thead>\n<tbody>\n<tr>\n<td>Potencia de nicotina<\/td>\n<td>0%, 2%, 3%, 5% Sal de nicotina<\/td>\n<\/tr>\n<tr>\n<td>Capacidad de e-l\u00edquido<\/td>\n<td>16 ml<\/td>\n<\/tr>\n<tr>\n<td>Tipo de bobina<\/td>\n<td>Bobina de malla<\/td>\n<\/tr>\n<tr>\n<td>Bater\u00eda<\/td>\n<td>Bater\u00eda recargable integrada de 600 mAh<\/td>\n<\/tr>\n<tr>\n<td>Cargando<\/td>\n<td>USB tipo C<\/td>\n<\/tr>\n<tr>\n<td>Sabores disponibles<\/td>\n<td>Yummy, Minty, Grape Ice, Strawberry Watermelon, Triple Berry Ice, Blue Razz Ice, Lush Ice, Juicy Peach Ice<\/td>\n<\/tr>\n<tr>\n<td>Embalaje por kit<\/td>\n<td>10 unidades en caja expositora<\/td>\n<\/tr>\n<tr>\n<td>Embalaje por caja<\/td>\n<td>200 unidades por caja<\/td>\n<\/tr>\n<\/tbody>\n<\/table>\n<h4><strong>Sabores disponibles:<\/strong><\/h4>\n<ul>\n<li>Delicioso<\/li>\n<li>Menta<\/li>\n<li>Hielo de uva<\/li>\n<li>Sand\u00eda con fresa<\/li>\n<li>Hielo triple de bayas<\/li>\n<li>Hielo Razz Azul<\/li>\n<li>Hielo exuberante<\/li>\n<li>Helado de melocot\u00f3n jugoso<\/li>\n<\/ul>\n<h4><strong>Caracter\u00edsticas principales:<\/strong><\/h4>\n<ul>\n<li><strong>Potencias de nicotina:<\/strong> Disponible en concentraciones de sal de nicotina 0%, 2%, 3% y 5%, para satisfacer una gran variedad de preferencias.<\/li>\n<li><strong>Capacidad de e-l\u00edquido:<\/strong> Cada dispositivo viene precargado con 16 ml de e-l\u00edquido de alta calidad, proporcionando una experiencia de vapeo duradera y sabrosa.<\/li>\n<li><strong>Tipo de bobina:<\/strong> Incorpora una bobina de malla que realza el sabor y garantiza un vapeo uniforme.<\/li>\n<li><strong>Bater\u00eda:<\/strong> Incluye una bater\u00eda recargable integrada de 600 mAh, que proporciona energ\u00eda de sobra para un uso prolongado. Carga c\u00f3moda y r\u00e1pida con un puerto USB Type-C.<\/li>\n<li><strong>Embalaje:<\/strong> Embalaje eficiente con 10 unidades por caja expositora y 200 unidades por caja de cart\u00f3n, lo que facilita su distribuci\u00f3n.<\/li>\n<\/ul>\n<h4><strong>\u00bfPor qu\u00e9 elegir ELFWORLD MC 8500?<\/strong><\/h4>\n<p>El ELFWORLD MC 8500 es perfecto para los vapeadores que buscan una experiencia de sabor robusta con una gran capacidad de e-l\u00edquido y una bater\u00eda fiable. Ideal para aquellos que aprecian sabores intensos y duraderos y un uso c\u00f3modo.<\/p>","protected":false},"excerpt":{"rendered":"<p>El vapeador desechable ELFWORLD MC 8500 ofrece un dise\u00f1o recargable de alta capacidad con una producci\u00f3n de vapor suave y una construcci\u00f3n compacta, perfecta para vapear de forma port\u00e1til y duradera.<\/p>","protected":false},"featured_media":8856,"comment_status":"open","ping_status":"closed","template":"","meta":[],"product_brand":[],"product_cat":[22,480],"product_tag":[467],"class_list":{"0":"post-8700","1":"product","2":"type-product","3":"status-publish","4":"has-post-thumbnail","6":"product_cat-disposable-vape-sticks","7":"product_cat-elfworld","8":"product_tag-elfworld","10":"first","11":"instock","12":"sale","13":"shipping-taxable","14":"purchasable","15":"product-type-simple"},"jetpack_sharing_enabled":true,"tiered_pricing_type":"fixed","tiered_pricing_fixed_rules":{"2000":9.300000000000000710542735760100185871124267578125,"10000":8.9000000000000003552713678800500929355621337890625},"tiered_pricing_product_settings":{"layout":"default","base_unit_name":{"singular":null,"plural":null},"default_variation":null},"tiered_pricing_minimum_quantity":30,"tiered_pricing_roles_data":[],"tiered_pricing_percentage_rules":[],"tiered_pricing_maximum_quantity":null,"tiered_pricing_quantity_step":"10","_links":{"self":[{"href":"https:\/\/cloudsupplyvapes.com\/es\/wp-json\/wp\/v2\/product\/8700","targetHints":{"allow":["GET"]}}],"collection":[{"href":"https:\/\/cloudsupplyvapes.com\/es\/wp-json\/wp\/v2\/product"}],"about":[{"href":"https:\/\/cloudsupplyvapes.com\/es\/wp-json\/wp\/v2\/types\/product"}],"replies":[{"embeddable":true,"href":"https:\/\/cloudsupplyvapes.com\/es\/wp-json\/wp\/v2\/comments?post=8700"}],"wp:featuredmedia":[{"embeddable":true,"href":"https:\/\/cloudsupplyvapes.com\/es\/wp-json\/wp\/v2\/media\/8856"}],"wp:attachment":[{"href":"https:\/\/cloudsupplyvapes.com\/es\/wp-json\/wp\/v2\/media?parent=8700"}],"wp:term":[{"taxonomy":"product_brand","embeddable":true,"href":"https:\/\/cloudsupplyvapes.com\/es\/wp-json\/wp\/v2\/product_brand?post=8700"},{"taxonomy":"product_cat","embeddable":true,"href":"https:\/\/cloudsupplyvapes.com\/es\/wp-json\/wp\/v2\/product_cat?post=8700"},{"taxonomy":"product_tag","embeddable":true,"href":"https:\/\/cloudsupplyvapes.com\/es\/wp-json\/wp\/v2\/product_tag?post=8700"}],"curies":[{"name":"wp","href":"https:\/\/api.w.org\/{rel}","templated":true}]}}