{"id":8791,"date":"2024-10-19T03:02:24","date_gmt":"2024-10-19T03:02:24","guid":{"rendered":"https:\/\/cloudsupplyvapes.com\/?post_type=product&#038;p=8791"},"modified":"2024-11-19T06:56:36","modified_gmt":"2024-11-19T06:56:36","slug":"-269","status":"publish","type":"product","link":"https:\/\/cloudsupplyvapes.com\/es\/product\/vapme-shisha-15000-disposable-wholesale-long-lasting-extensive-flavor-options-authentic-experience-excellent-value\/","title":{"rendered":"VAPME Shisha 15000 Vape desechable al por mayor - 15.000 caladas, dise\u00f1o estilo Shisha, 14mL de capacidad, recargable para venta al por mayor"},"content":{"rendered":"<h3>Especificaciones del Vape Desechable VAPME SHISHA 15000<\/h3>\n<table>\n<thead>\n<tr>\n<th><strong>Caracter\u00edstica<\/strong><\/th>\n<th><strong>Especificaci\u00f3n<\/strong><\/th>\n<\/tr>\n<\/thead>\n<tbody>\n<tr>\n<td>Potencia de nicotina<\/td>\n<td>Verdadero 0%, 2% (real 0,6%)<\/td>\n<\/tr>\n<tr>\n<td>Capacidad de e-l\u00edquido<\/td>\n<td>25 ml<\/td>\n<\/tr>\n<tr>\n<td>Tipo de bobina<\/td>\n<td>Bobina de malla de 0,6 ohmios<\/td>\n<\/tr>\n<tr>\n<td>Bater\u00eda<\/td>\n<td>Bater\u00eda integrada de 650 mAh<\/td>\n<\/tr>\n<tr>\n<td>Cargando<\/td>\n<td>No especificado<\/td>\n<\/tr>\n<tr>\n<td>Sabores disponibles<\/td>\n<td>24 variedades \u00fanicas<\/td>\n<\/tr>\n<tr>\n<td>Embalaje por kit<\/td>\n<td>200 unidades en expositor<\/td>\n<\/tr>\n<tr>\n<td>Embalaje por caja<\/td>\n<td>200 unidades por caja<\/td>\n<\/tr>\n<tr>\n<td>Peso de la caja<\/td>\n<td>20,3 kg<\/td>\n<\/tr>\n<tr>\n<td>Dimensiones de la caja<\/td>\n<td>39,5cm x 39cm x 30,5cm<\/td>\n<\/tr>\n<\/tbody>\n<\/table>\n<h2>Sabores disponibles:<\/h2>\n<ol>\n<li>Ar\u00e1ndanos sobre hielo<\/li>\n<li>Kiwi Fruta de la pasi\u00f3n Guayaba<\/li>\n<li>Limonada Blue Razz<\/li>\n<li>Fresa Kiwi<\/li>\n<li>Mezcla de bayas<\/li>\n<li>Sand\u00eda con fresa<\/li>\n<li>Hielo de uva<\/li>\n<li>Hielo de sand\u00eda<\/li>\n<li>Melocot\u00f3n Mango Pi\u00f1a<\/li>\n<li>Fresa helada<\/li>\n<li>Melocot\u00f3n helado<\/li>\n<li>Mango Pl\u00e1tano<\/li>\n<li>Cereza<\/li>\n<li>Ar\u00e1ndano Frambuesa<\/li>\n<li>Amor 66<\/li>\n<li>Toro sand\u00eda<\/li>\n<li>Fresa Uva<\/li>\n<li>Caramelo de fresa y frambuesa<\/li>\n<li>Mamba<\/li>\n<li>Sand\u00eda Cereza<\/li>\n<li>Manzana congelada<\/li>\n<li>Menta lim\u00f3n<\/li>\n<li>Grosella negra helada<\/li>\n<li>Batido de pi\u00f1a<\/li>\n<\/ol>\n<h3>Caracter\u00edsticas principales:<\/h3>\n<ul>\n<li><strong>Potencias de nicotina:<\/strong> Presenta una formulaci\u00f3n \u00fanica de nicotina con una opci\u00f3n de 0% real y una opci\u00f3n de 2% que en realidad contiene 0,6% de nicotina, satisfaciendo las diversas necesidades de los usuarios.<\/li>\n<li><strong>Capacidad de e-l\u00edquido:<\/strong> Cada vape est\u00e1 precargado con 25 ml de e-l\u00edquido, lo que garantiza una experiencia de vapeo prolongada y rica con m\u00e1s de 15.000 caladas.<\/li>\n<li><strong>Tipo de bobina:<\/strong> Utiliza una bobina de malla de 0,6 ohmios para proporcionar una excelente precisi\u00f3n de sabor y producci\u00f3n de nubes.<\/li>\n<li><strong>Bater\u00eda:<\/strong> Incluye una bater\u00eda de 650 mAh, compacta pero eficiente para manejar el gran volumen de l\u00edquido y el elevado n\u00famero de caladas.<\/li>\n<li><strong>Embalaje:<\/strong> Envasado en cajas de 200 unidades, optimizado tanto para la venta al por menor como para la distribuci\u00f3n a granel.<\/li>\n<\/ul>\n<h3>\u00bfPor qu\u00e9 elegir VAPME SHISHA 15000?<\/h3>\n<p>El VAPME SHISHA 15000 es perfecto para aquellos que desean un vapeo duradero y sabroso con una capacidad sustancial de e-l\u00edquido y una amplia gama de sabores \u00fanicos. Est\u00e1 dise\u00f1ado para imitar la experiencia de fumar shisha con sus diversas y ex\u00f3ticas opciones de sabor, por lo que es una gran opci\u00f3n para los entusiastas que buscan algo diferente en el mercado de vapeo desechable.<\/p>","protected":false},"excerpt":{"rendered":"<p>VAPME Shisha 15000 ofrece una experiencia rica y aut\u00e9ntica con una entrega de sabor optimizada. Su elegante dise\u00f1o y su funci\u00f3n recargable la hacen perfecta para los clientes mayoristas premium.<\/p>","protected":false},"featured_media":8874,"comment_status":"open","ping_status":"closed","template":"","meta":[],"product_brand":[],"product_cat":[22],"product_tag":[470],"class_list":{"0":"post-8791","1":"product","2":"type-product","3":"status-publish","4":"has-post-thumbnail","6":"product_cat-disposable-vape-sticks","7":"product_tag-vapme","9":"first","10":"instock","11":"sale","12":"shipping-taxable","13":"purchasable","14":"product-type-simple"},"jetpack_sharing_enabled":true,"tiered_pricing_type":"fixed","tiered_pricing_fixed_rules":{"100":9.5999999999999996447286321199499070644378662109375,"500":9.4000000000000003552713678800500929355621337890625},"tiered_pricing_product_settings":{"layout":"default","base_unit_name":{"singular":null,"plural":null},"default_variation":null},"tiered_pricing_minimum_quantity":30,"tiered_pricing_roles_data":[],"tiered_pricing_percentage_rules":[],"tiered_pricing_maximum_quantity":null,"tiered_pricing_quantity_step":null,"_links":{"self":[{"href":"https:\/\/cloudsupplyvapes.com\/es\/wp-json\/wp\/v2\/product\/8791","targetHints":{"allow":["GET"]}}],"collection":[{"href":"https:\/\/cloudsupplyvapes.com\/es\/wp-json\/wp\/v2\/product"}],"about":[{"href":"https:\/\/cloudsupplyvapes.com\/es\/wp-json\/wp\/v2\/types\/product"}],"replies":[{"embeddable":true,"href":"https:\/\/cloudsupplyvapes.com\/es\/wp-json\/wp\/v2\/comments?post=8791"}],"wp:featuredmedia":[{"embeddable":true,"href":"https:\/\/cloudsupplyvapes.com\/es\/wp-json\/wp\/v2\/media\/8874"}],"wp:attachment":[{"href":"https:\/\/cloudsupplyvapes.com\/es\/wp-json\/wp\/v2\/media?parent=8791"}],"wp:term":[{"taxonomy":"product_brand","embeddable":true,"href":"https:\/\/cloudsupplyvapes.com\/es\/wp-json\/wp\/v2\/product_brand?post=8791"},{"taxonomy":"product_cat","embeddable":true,"href":"https:\/\/cloudsupplyvapes.com\/es\/wp-json\/wp\/v2\/product_cat?post=8791"},{"taxonomy":"product_tag","embeddable":true,"href":"https:\/\/cloudsupplyvapes.com\/es\/wp-json\/wp\/v2\/product_tag?post=8791"}],"curies":[{"name":"wp","href":"https:\/\/api.w.org\/{rel}","templated":true}]}}